{"id":1817,"date":"2016-10-25T21:14:34","date_gmt":"2016-10-25T20:14:34","guid":{"rendered":"http:\/\/lookingforserendip.com\/?page_id=1817"},"modified":"2020-11-20T14:33:14","modified_gmt":"2020-11-20T13:33:14","slug":"se-deplacer-lavion","status":"publish","type":"page","link":"https:\/\/www.lookingforserendip.com\/index.php\/se-deplacer-lavion\/","title":{"rendered":"Se d\u00e9placer [l&#8217;avion]"},"content":{"rendered":"<p>Je crois que tout a \u00e9t\u00e9 dit sur l\u2019avion \u2026 Je vais simplement vous exposer ma mani\u00e8re de d\u2019acheter un billet et de voyager \ud83d\ude42<\/p>\n<ul>\n<li><strong>L\u2019achat<\/strong>\n<ul>\n<li>Pour trouver un billet, j\u2019utilise le site internet <a href=\"https:\/\/www.skyscanner.fr\/\">skyscanner<\/a>, qui \u00e0 ma connaissance, est le seul \u00e0 offrir une <strong>vue mensuelle des prix<\/strong>, ce qui vous permet d\u2019analyser un mois complet et donc de choisir la date la moins cher. Il est aussi possible de <strong>placer une alerte<\/strong>, dans ce cas, vous recevrez un e-mail \u00e0 chaque baisse (ou augmentation de prix).<\/li>\n<li>Sur ce site, j\u2019appr\u00e9cie et utilise beaucoup <strong>l\u2019option \u00ab\u00a0monde entier\u00a0\u00bb<\/strong> qui vous permet de voir quelle est la destination la moins cher \u00e0 partir du pays ou de l\u2019a\u00e9roport s\u00e9lectionn\u00e9.<\/li>\n<li><strong>Les billets types \u00ab\u00a0tour du monde\u00a0\u00bb<\/strong>, je ne pense pas que ce soit une bonne option. En plus de payer les billets, vous payez un service et une assistance. Vous trouverez toujours des billets pas chers en derni\u00e8res minutes. Pour cela le ma\u00eetre mot est <strong>flexibilit\u00e9\u00a0! <\/strong>Soyez flexible (sur les dates et sur les destinations).<\/li>\n<li>Pour les vols internationaux<strong>, privil\u00e9giez les a\u00e9roports \u00e0 fort trafic<\/strong>, \u00ab\u00a0les hubs\u00a0\u00bb \u2026 En gros, les grandes villes. Puis trouvez vous-m\u00eame un vol interne avec une compagnie locale.<\/li>\n<li>Les vols internes op\u00e9r\u00e9s par <strong>les compagnies nationales<\/strong> sont souvent moins cher que les bus (ou de meilleur rapport qualit\u00e9 \/ prix).<\/li>\n<li>Il est pr\u00e9f\u00e9rable de <strong>rechercher un billet en mode \u00ab\u00a0navigation priv\u00e9e\u00a0\u00bb<\/strong>. Pour plus de s\u00e9curit\u00e9, j\u2019utilise le logiciel <strong>\u00ab\u00a0Cyber Ghost \u00bb<\/strong> pour faire transiter mon adresse IP sur diff\u00e9rents serveurs dans le monde et donc \u00e9viter les cookies (qui feront grimper les prix).<\/li>\n<li><strong>ATTENTION<\/strong><strong>\u00a0<\/strong>Lorsque vous r\u00e9servez via un comparateur de prix ou n\u2019importe quel site hors le site propre de la compagnie a\u00e9rienne, vous passez par une agence de voyages. M\u00eame si vous ne vous en rendez pas compte, c\u2019est une agence de voyages. C\u2019est-\u00e0-dire que c\u2019est un interm\u00e9diaire\u00a0! <strong>Edreams, Opodo, Liligo \u2026 Ce sont des agences de voyages<\/strong>. Si il y a un probl\u00e8me quelconque, vous allez na\u00efvement contact\u00e9 la compagnie a\u00e9rienne qui va vous r\u00e9pondre \u00ab\u00a0Ok c\u2019est cool, mais on est pas responsable, veuillez contacter l\u2019agence par laquelle vous \u00eates pass\u00e9\u00a0\u00bb et l\u00e0 c\u2019est le parcours du combattant. Alors comparez les prix sur ces sites mais <strong>passez ensuite la r\u00e9servation directement sur le site de la compagnie <\/strong>s\u00e9lectionn\u00e9e (en plus ce sera soit moins cher, soit le m\u00eame prix \u2026). <strong>Et attention aux redirections\u00a0!<\/strong><\/li>\n<li>Pour plus de s\u00e9curit\u00e9, prenez une capture d\u2019\u00e9cran de la page qui confirme le paiement. Elle peut vous \u00eatre demand\u00e9e (j\u2019ai travaill\u00e9 au centre d\u2019assistance de Transavia \u2026).<\/li>\n<\/ul>\n<\/li>\n<\/ul>\n<p><strong>\u00a0<\/strong><\/p>\n<ul>\n<li><strong>A l\u2019a\u00e9roport<\/strong>\n<ul>\n<li><strong>Si j\u2019ai des bagages en soute, je ne fais jamais le check-in en ligne<\/strong>. Aucune compagnie ne vous obligera \u00e0 le faire (sauf conditions sp\u00e9ciales, comme Ryan Air qui fait payer ce service \u2026 Entreprise laur\u00e9at du \u00ab\u00a0chien d\u2019or\u00a0\u00bb cat\u00e9gorie \u00ab\u00a0compagnie a\u00e9rienne\u00a0\u00bb depuis plus de 10 ans). Le check-in en ligne fait surtout gagner du temps et donc de l\u2019argent aux compagnies. De plus, <strong>cela bloque votre r\u00e9servation<\/strong>, il n\u2019est alors plus possible d\u2019ajouter des bagages ou modifier cette derni\u00e8re. La queue pour faire enregistrer le bagage en soute peut \u00eatre plus longue lorsqu\u2019on a d\u00e9j\u00e0 sa carte d\u2019embarquement, puisque dans l\u2019imaginaire collectif il est obligatoire de passer par le syst\u00e8me en ligne.<\/li>\n<li>A partir du moment o\u00f9 vous \u00eates en <strong>salle d\u2019embarquement, l\u2019overbooking n\u2019est pas possible<\/strong>, alors pourquoi faire la queue debout, quand on peut attendre tranquillement assis (et utiliser le wifi, lire \u00ab\u00a0so foot\u00a0\u00bb ou que sais-je encore)\u00a0?<\/li>\n<li>Pr\u00e9voyez une bouteille vide, dans la plupart des a\u00e9roports il y a des point d\u2019eau potable, vous pouvez alors remplir votre bouteille de mani\u00e8re compl\u00e8tement sereine.<\/li>\n<li>Pr\u00e9f\u00e9rez <strong>les place \u00e0 l\u2019avant de l\u2019appareil<\/strong>, l\u2019attente n\u2019en sera que moins longue au moment de la sortie.<\/li>\n<li>Il est tout \u00e0 fait possible de <strong>prendre des sandwichs<\/strong> ou des trucs \u00e0 manger dans l\u2019avion (juste pas de liquide au-del\u00e0 de 100ml et pas de gel). Ce qui vous \u00e9vitera de payer 12\u20ac pour un dwich\u2019 tout naze concoct\u00e9 \u00e0 base de frolic ou royal canin pour les plus chanceux.<\/li>\n<\/ul>\n<\/li>\n<\/ul>\n<p>&nbsp;<\/p>\n<ul>\n<li><strong>Dormir dans les a\u00e9roports\u00a0<\/strong>\n<ul>\n<li>Si vous ne voulez pas claquer une nuit d\u2019h\u00f4tel pour quelques heures, vous pouvez toujours dormir dans l\u2019a\u00e9roport (nombreux sont ceux qui sont ouvert H24 \u2026 Et encore, j\u2019ai dormi dans l\u2019a\u00e9roport de Narvik alors que celui-ci \u00e9tait ferm\u00e9, j\u2019\u00e9tais la seule et unique personne \u00e0 l\u2019int\u00e9rieur \u2026 Une exp\u00e9rience plut\u00f4t sympa). Comme dans les gares, j\u2019ai une affection particuli\u00e8re pour les toilettes \u2026<\/li>\n<li>Sinon, tchequez le site <strong>\u00ab <a href=\"http:\/\/www.sleepinginairports.net\">sleeping in airport<\/a>\u00bb<\/strong> qui r\u00e9pertorie les meilleurs spots pour dormir.<\/li>\n<\/ul>\n<\/li>\n<\/ul>\n","protected":false},"excerpt":{"rendered":"<p>Je crois que tout a \u00e9t\u00e9 dit sur l\u2019avion \u2026 Je vais simplement vous exposer ma mani\u00e8re de d\u2019acheter un billet et de voyager \ud83d\ude42 L\u2019achat Pour trouver un billet, j\u2019utilise le site internet skyscanner, qui \u00e0 ma connaissance, est le seul \u00e0 offrir une vue mensuelle des prix, ce qui vous permet d\u2019analyser un [&hellip;]<\/p>\n","protected":false},"author":2,"featured_media":0,"parent":0,"menu_order":0,"comment_status":"closed","ping_status":"closed","template":"","meta":{"footnotes":""},"categories":[53],"tags":[],"class_list":["post-1817","page","type-page","status-publish","hentry","category-conseils"],"_links":{"self":[{"href":"https:\/\/www.lookingforserendip.com\/index.php\/wp-json\/wp\/v2\/pages\/1817","targetHints":{"allow":["GET"]}}],"collection":[{"href":"https:\/\/www.lookingforserendip.com\/index.php\/wp-json\/wp\/v2\/pages"}],"about":[{"href":"https:\/\/www.lookingforserendip.com\/index.php\/wp-json\/wp\/v2\/types\/page"}],"author":[{"embeddable":true,"href":"https:\/\/www.lookingforserendip.com\/index.php\/wp-json\/wp\/v2\/users\/2"}],"replies":[{"embeddable":true,"href":"https:\/\/www.lookingforserendip.com\/index.php\/wp-json\/wp\/v2\/comments?post=1817"}],"version-history":[{"count":2,"href":"https:\/\/www.lookingforserendip.com\/index.php\/wp-json\/wp\/v2\/pages\/1817\/revisions"}],"predecessor-version":[{"id":4581,"href":"https:\/\/www.lookingforserendip.com\/index.php\/wp-json\/wp\/v2\/pages\/1817\/revisions\/4581"}],"wp:attachment":[{"href":"https:\/\/www.lookingforserendip.com\/index.php\/wp-json\/wp\/v2\/media?parent=1817"}],"wp:term":[{"taxonomy":"category","embeddable":true,"href":"https:\/\/www.lookingforserendip.com\/index.php\/wp-json\/wp\/v2\/categories?post=1817"},{"taxonomy":"post_tag","embeddable":true,"href":"https:\/\/www.lookingforserendip.com\/index.php\/wp-json\/wp\/v2\/tags?post=1817"}],"curies":[{"name":"wp","href":"https:\/\/api.w.org\/{rel}","templated":true}]}}