{"id":1834,"date":"2016-10-25T21:31:23","date_gmt":"2016-10-25T20:31:23","guid":{"rendered":"http:\/\/lookingforserendip.com\/?page_id=1834"},"modified":"2020-11-20T14:31:44","modified_gmt":"2020-11-20T13:31:44","slug":"dormir-se-deplacer-pas-lavion","status":"publish","type":"page","link":"https:\/\/www.lookingforserendip.com\/index.php\/dormir-se-deplacer-pas-lavion\/","title":{"rendered":"Dormir \/ Se d\u00e9placer [Pas l&#8217;avion]"},"content":{"rendered":"<p><strong>Dormir<\/strong><\/p>\n<p>Au cas o\u00f9 vous ne trouveriez pas d\u2019h\u00e9bergement gratuit (couchsurfing, hospitality club, trustroots \u2026).<\/p>\n<p>Ne pas utiliser les sites de r\u00e9servation, les prix les moins cher sur ces sites (booking, agoda, hostelworld, trivago \u2026 Et que sais-je\u00a0?) ne sont pas les moins cher de la ville, loin de l\u00e0.<\/p>\n<p>Beaucoup de petites structures ne sont pas pr\u00e9sentent sur ces sites, (manque de moyens, ne r\u00e9pondent pas aux crit\u00e8res minimum de confort requis pour \u00eatre sur ces sites ou simple volont\u00e9 de ne pas payer les frais).<\/p>\n<p>Plusieurs solutions s\u2019offrent \u00e0 vous, perso je pr\u00e9f\u00e8re utiliser le site <a href=\"http:\/\/wikitravel.org\/\"><strong>wikitravel<\/strong> <\/a>et sa section <strong>\u00ab\u00a0Sleep\u00a0\u00bb<\/strong> (la version anglaise est toujours plus \u00e9toff\u00e9e que la version fran\u00e7aise). Comme wikipedia, c\u2019est une plate forme collaborative. On y trouve de bons conseils\u00a0!<\/p>\n<p>Si vous ne trouvez pas, allez voir sur <strong><a href=\"http:\/\/www.backpackforever.com\/\">backpackforever<\/a>, <\/strong>c\u2019est sur le m\u00eame format, mais les infos sont un peu moins fiables.<\/p>\n<p>En faisant les bonnes recherches sur internet, vous pouvez aussi tomber sur des infos \u00e9parpill\u00e9es sur diff\u00e9rents forums.<\/p>\n<p><strong>Se d\u00e9placer<\/strong><\/p>\n<p>Le moins cher et le meilleur pour rencontrer des gens \u00e7a reste l\u2019autostop. Pour cela, tchequez le site <strong><a href=\"http:\/\/hitchwiki.org\/en\/Main_Page\">hitchwiki.org<\/a><\/strong>, qui r\u00e9pertorie tous les meilleurs spots selon la direction dans laquelle vous voulez aller. <strong><a href=\"https:\/\/www.trustroots.org\/tribes\/hitchhikers\">Trustroots.org<\/a>\u00a0<\/strong>est un r\u00e9seau sp\u00e9cial d\u2019h\u00e9bergement pour les autostoppeurs.<\/p>\n<p>Le bus est aussi un moyen pas cher, dans ces cas-l\u00e0, vaut mieux <strong>se d\u00e9placer directement \u00e0 la gare routi\u00e8re<\/strong> s\u2019il y\u2019en a une. Les soci\u00e9t\u00e9s pr\u00e9sentent sur internet seront toujours les plus cher. <strong>Demandez aux locaux, \u00e9piceries, restaurants, bars \u2026<\/strong> Ils sauront vous orienter vers le moyen de transport privil\u00e9gi\u00e9 par les locaux. Ou tchequez encore une fois wikitravel.<\/p>\n","protected":false},"excerpt":{"rendered":"<p>Dormir Au cas o\u00f9 vous ne trouveriez pas d\u2019h\u00e9bergement gratuit (couchsurfing, hospitality club, trustroots \u2026). Ne pas utiliser les sites de r\u00e9servation, les prix les moins cher sur ces sites (booking, agoda, hostelworld, trivago \u2026 Et que sais-je\u00a0?) ne sont pas les moins cher de la ville, loin de l\u00e0. Beaucoup de petites structures ne [&hellip;]<\/p>\n","protected":false},"author":2,"featured_media":0,"parent":0,"menu_order":0,"comment_status":"closed","ping_status":"closed","template":"","meta":{"footnotes":""},"categories":[53],"tags":[],"class_list":["post-1834","page","type-page","status-publish","hentry","category-conseils"],"_links":{"self":[{"href":"https:\/\/www.lookingforserendip.com\/index.php\/wp-json\/wp\/v2\/pages\/1834","targetHints":{"allow":["GET"]}}],"collection":[{"href":"https:\/\/www.lookingforserendip.com\/index.php\/wp-json\/wp\/v2\/pages"}],"about":[{"href":"https:\/\/www.lookingforserendip.com\/index.php\/wp-json\/wp\/v2\/types\/page"}],"author":[{"embeddable":true,"href":"https:\/\/www.lookingforserendip.com\/index.php\/wp-json\/wp\/v2\/users\/2"}],"replies":[{"embeddable":true,"href":"https:\/\/www.lookingforserendip.com\/index.php\/wp-json\/wp\/v2\/comments?post=1834"}],"version-history":[{"count":2,"href":"https:\/\/www.lookingforserendip.com\/index.php\/wp-json\/wp\/v2\/pages\/1834\/revisions"}],"predecessor-version":[{"id":4574,"href":"https:\/\/www.lookingforserendip.com\/index.php\/wp-json\/wp\/v2\/pages\/1834\/revisions\/4574"}],"wp:attachment":[{"href":"https:\/\/www.lookingforserendip.com\/index.php\/wp-json\/wp\/v2\/media?parent=1834"}],"wp:term":[{"taxonomy":"category","embeddable":true,"href":"https:\/\/www.lookingforserendip.com\/index.php\/wp-json\/wp\/v2\/categories?post=1834"},{"taxonomy":"post_tag","embeddable":true,"href":"https:\/\/www.lookingforserendip.com\/index.php\/wp-json\/wp\/v2\/tags?post=1834"}],"curies":[{"name":"wp","href":"https:\/\/api.w.org\/{rel}","templated":true}]}}