{"id":2187,"date":"2017-03-06T16:02:41","date_gmt":"2017-03-06T15:02:41","guid":{"rendered":"http:\/\/lookingforserendip.com\/?page_id=2187"},"modified":"2020-11-20T14:36:26","modified_gmt":"2020-11-20T13:36:26","slug":"bien-choisir-son-volontariat","status":"publish","type":"page","link":"https:\/\/www.lookingforserendip.com\/index.php\/bien-choisir-son-volontariat\/","title":{"rendered":"Bien choisir son volontariat"},"content":{"rendered":"<p><em>[J&#8217;ai eu envie d&#8217;\u00e9crire cet article apr\u00e8s avoir regard\u00e9 le reportage de envoy\u00e9 sp\u00e9cial du jeudi 3 mars 2017 sur le volontourisme.]\u00a0<\/em><\/p>\n<p><em>Avant toute chose, il me semble important de pr\u00e9ciser que <strong>le volontariat ne signifie pas forc\u00e9ment aide humanitaire<\/strong> &#8230; Pas d&#8217;amalgames \ud83d\ude42 J&#8217;ai fait des volontariats dans des h\u00f4tels, des bars, des \u00e9coles de langue &#8230;\u00a0<\/em><em>Le volontariat se diff\u00e9rencie du b\u00e9n\u00e9volat par l&#8217;engagement (sur une p\u00e9riode donn\u00e9e). En voyage, c&#8217;est un engagement bas\u00e9 sur la confiance.<\/em><\/p>\n<p>Contracter les mots volontariat et tourisme revient pour moi \u00e0 contracter les mots burqa et bikini &#8230; C&#8217;est antagoniste ! Je ne me concentre que sur les mots, on peut facilement voir que\u00a0la seule similitude r\u00e9side uniquement dans sa capacit\u00e9 \u00e0 pouvoir aller dans l&#8217;eau &#8230; Ce qui est quand m\u00eame assez mince pour aboutir a ce terme ! A quand le &#8220;carnigan&#8221; (carnivore \/ vegan) ?! bref, je m&#8217;\u00e9loigne du sujet.<\/p>\n<p>Ici, il s&#8217;agit donc de mettre \u00e0 profit ses vacances pour servir une cause juste et apporter son aide aux plus d\u00e9munis. Cela s&#8217;inscrit dans une croyance r\u00e9pandue que le monde nous attend, nous citoyens \u00e9duqu\u00e9s des pays du Nord (parfois un poil d&#8217;ethnocentrisme chez ce type de volontouriste). Je pense surtout que les in\u00e9galit\u00e9s grandissantes dans le monde nous poussent a vouloir donner de sa personne, pour se sentir utile.<\/p>\n<p>En payant des agences, des tour op\u00e9rators ou n&#8217;importe quels interm\u00e9diaires, c&#8217;est surtout leurs int\u00e9r\u00eats a eux que vous allez soulager. Cela ne me surprend pas et ne me r\u00e9pugne pas, \u00e0 l&#8217;heure o\u00f9 on voit se d\u00e9velopper des tourismes de guerre, des tourismes de pauvret\u00e9 (tour dans les favelas etc &#8230;), je pense qu&#8217;il y a bien pire.<\/p>\n<p>Et quand on voit les prix, on comprend pourquoi c&#8217;est en grande expansion. C&#8217;est la ru\u00e9e vers l&#8217;or, les rapaces et les vautours sont de plus en plus nombreux.<\/p>\n<p><strong>R\u00e8gle d&#8217;or &#8211;&gt; Ne pas payer <\/strong><em>(cependant, il est possible de verser une\u00a0indemnit\u00e9\u00a0journali\u00e8re, aux alentours de 1\u20ac par jour pour les repas notamment).<\/em><\/p>\n<p>Le volontariat doit rester sur la base d&#8217;un <strong>\u00e9change travail \/ logement ou travail \/ logement et nourriture<\/strong>.\u00a0Le don de sois via n&#8217;importes quelles activit\u00e9s doit \u00eatre la seul monnaie d&#8217;\u00e9change. Au fond, c&#8217;est \u00e9vident et tout le monde le sait ! Mais le fait de payer rassure. Il y a un engagement qui d\u00e9coule du paiement. Si on paye, on n&#8217;est pas pr\u00eat\u00a0\u00e0 affronter l&#8217;incertitude du voyage, et on a besoin d&#8217;un encadrement et d&#8217;une certaine s\u00e9curit\u00e9. C&#8217;est l\u00e0 que ces interm\u00e9diaires entre en jeux. Ils donnent une illusion d&#8217;organisation et rassure le voyageur en mal d&#8217;authenticit\u00e9 &#8230; S\u00e9lection des familles, t\u00e2ches pr\u00e9-\u00e9tablis, planning, confort mat\u00e9riel (lit, matelas, douche, toilette, moustiquaire &#8230;) &#8230; Ils interviennent pour &#8220;organiser&#8221; le volontariat, <strong>c&#8217;est donc bel et bien du tourisme<\/strong>. Ici, c&#8217;est avant tout sois m\u00eame que l&#8217;on vient satisfaire, on trouve une r\u00e9ponse facile \u00e0 un caprice.<\/p>\n<p><strong>Accepter les al\u00e9as et le changement\u00a0<\/strong><\/p>\n<p>Il faut accepter et \u00eatre pr\u00eat \u00e0 affronter des conditions de vie diff\u00e9rentes !<\/p>\n<p>Pour avoir une exp\u00e9rience authentique il faut accepter \u00e7a, c&#8217;est une condition indispensable. Et il faut l&#8217;accepter dans sa globalit\u00e9. C&#8217;est \u00e0 dire, au point de vue mat\u00e9riel, culturel et psychologique. <strong>Partir c&#8217;est renoncer \u00e0 sa vie de tous les jours, c&#8217;est se remettre en question et c&#8217;est, souvent, la sobri\u00e9t\u00e9.<\/strong><\/p>\n<p>\u00catre au m\u00eame niveau que les lambdas est une condition clef pour vraiment d\u00e9couvrir un pays, sa vie de tous les jours et sa culture.<\/p>\n<p>Croyez moi, on s&#8217;habitue \u00e0 tout ! J&#8217;ai \u00e9t\u00e9 dans des endroits sans eaux courante, sans toilettes, sans internet, avec une \u00e9lectricit\u00e9 tr\u00e8s capricieuse et une paillasse sur le sol.<\/p>\n<p>L&#8217;important est bien s\u00fbre ailleurs et apr\u00e8s une p\u00e9riode de rodage compliqu\u00e9e, on prend ses marques et une certaine routine s&#8217;installe au fur et \u00e0 mesure que notre corps et notre esprit apprivoisent les lieux.<\/p>\n<p><strong>Comment trouver son volontariat ?<\/strong><\/p>\n<p>Tout d&#8217;abord, je vois plus \u00e7a comme une opportunit\u00e9 pour rester longtemps \u00e0 un endroit (de quelques semaines \u00e0 plusieurs mois). C&#8217;est donc une excellente mani\u00e8re d&#8217;avoir un point de chute et exp\u00e9rimenter r\u00e9ellement la vie \u00e0 l&#8217;endroit d\u00e9sir\u00e9.<\/p>\n<p>Pour ma part, je pr\u00e9vois toujours un premier volontariat quelques semaines avant de partir. Souvent, je passe par le site internet <a href=\"https:\/\/www.workaway.info\">workaway<\/a>. Les frais d&#8217;inscription sont de 20\u20ac pour 2 ans. \u00a0Vous y trouverez des milliers de projet dans (presque) tous les pays du monde. <strong>Le site est une plateforme de mise en relation directe<\/strong> entre h\u00f4te et volontaire. Si vous n&#8217;avez aucun contact, cela facilite grandement les recherches.<\/p>\n<p><img loading=\"lazy\" decoding=\"async\" class=\" aligncenter\" src=\"https:\/\/www.workaway.info\/gfx\/2015\/logo_main.png\" width=\"165\" height=\"57\" \/><\/p>\n<p>La seule s\u00e9curit\u00e9 \u00e9tant les avis des workawayer d\u00e9j\u00e0 pass\u00e9 par l\u00e0 &#8230; Sinon, c&#8217;est la magnifique incertitude du voyage alternatif (de toute fa\u00e7on, il faut savoir retomber sur ses pattes \ud83d\ude42 ).<\/p>\n<p>Par la suite, <strong>j&#8217;utilise le bouche \u00e0 oreille<\/strong>. Via ce premier projet, vous allez toujours rencontrer des gens qui voyagent depuis un certain temps, et ils pourront vous orienter vers des adresses qu&#8217;ils ont test\u00e9 au pr\u00e9alable.<\/p>\n<p><strong>Se faire un r\u00e9seau<\/strong><\/p>\n<p>Via les r\u00e9seaux sociaux, il est d\u00e9sormais tr\u00e8s facile de rester en contact. Il faut <strong>engranger un maximum de relations<\/strong> pour pouvoir ensuite les r\u00e9utiliser au moment opportun. Ces contacts vous permettrons d&#8217;\u00eatre mis en relation directement avec les volontariats et donc de faciliter vos recherches, chacun pouvant vous donner un tuyau sur un endroit o\u00f9 aller.<\/p>\n<p><strong>J&#8217;ai moi m\u00eame mis des dizaines de personnes en contact<\/strong>, pour se faire h\u00e9berger ou pour faire du volontariat. Donner pour recevoir, c&#8217;est aussi et surtout \u00e7a le voyage !<\/p>\n<p>&nbsp;<\/p>\n","protected":false},"excerpt":{"rendered":"<p>[J&#8217;ai eu envie d&#8217;\u00e9crire cet article apr\u00e8s avoir regard\u00e9 le reportage de envoy\u00e9 sp\u00e9cial du jeudi 3 mars 2017 sur le volontourisme.]\u00a0 Avant toute chose, il me semble important de pr\u00e9ciser que le volontariat ne signifie pas forc\u00e9ment aide humanitaire &#8230; Pas d&#8217;amalgames \ud83d\ude42 J&#8217;ai fait des volontariats dans des h\u00f4tels, des bars, des \u00e9coles [&hellip;]<\/p>\n","protected":false},"author":2,"featured_media":0,"parent":0,"menu_order":0,"comment_status":"closed","ping_status":"closed","template":"","meta":{"footnotes":""},"categories":[53],"tags":[],"class_list":["post-2187","page","type-page","status-publish","hentry","category-conseils"],"_links":{"self":[{"href":"https:\/\/www.lookingforserendip.com\/index.php\/wp-json\/wp\/v2\/pages\/2187","targetHints":{"allow":["GET"]}}],"collection":[{"href":"https:\/\/www.lookingforserendip.com\/index.php\/wp-json\/wp\/v2\/pages"}],"about":[{"href":"https:\/\/www.lookingforserendip.com\/index.php\/wp-json\/wp\/v2\/types\/page"}],"author":[{"embeddable":true,"href":"https:\/\/www.lookingforserendip.com\/index.php\/wp-json\/wp\/v2\/users\/2"}],"replies":[{"embeddable":true,"href":"https:\/\/www.lookingforserendip.com\/index.php\/wp-json\/wp\/v2\/comments?post=2187"}],"version-history":[{"count":2,"href":"https:\/\/www.lookingforserendip.com\/index.php\/wp-json\/wp\/v2\/pages\/2187\/revisions"}],"predecessor-version":[{"id":4586,"href":"https:\/\/www.lookingforserendip.com\/index.php\/wp-json\/wp\/v2\/pages\/2187\/revisions\/4586"}],"wp:attachment":[{"href":"https:\/\/www.lookingforserendip.com\/index.php\/wp-json\/wp\/v2\/media?parent=2187"}],"wp:term":[{"taxonomy":"category","embeddable":true,"href":"https:\/\/www.lookingforserendip.com\/index.php\/wp-json\/wp\/v2\/categories?post=2187"},{"taxonomy":"post_tag","embeddable":true,"href":"https:\/\/www.lookingforserendip.com\/index.php\/wp-json\/wp\/v2\/tags?post=2187"}],"curies":[{"name":"wp","href":"https:\/\/api.w.org\/{rel}","templated":true}]}}