{"id":2300,"date":"2017-03-14T10:42:33","date_gmt":"2017-03-14T09:42:33","guid":{"rendered":"http:\/\/lookingforserendip.com\/?page_id=2300"},"modified":"2020-11-20T14:18:11","modified_gmt":"2020-11-20T13:18:11","slug":"ma-vision-du-monde-et-le-role-du-voyage","status":"publish","type":"page","link":"https:\/\/www.lookingforserendip.com\/index.php\/ma-vision-du-monde-et-le-role-du-voyage\/","title":{"rendered":"Ma place dans le monde et le r\u00f4le du voyage"},"content":{"rendered":"<p>Le fait que la soci\u00e9t\u00e9 nous m\u00e8ne vers l\u2019ali\u00e9nation est indiscutable, tout est fait pour diriger nos choix, imposer des mod\u00e8les, dicter ce qui est bien et ce qui est mal \u2026 Bref, faire de nous des machines \u00e0 consommer dociles et cr\u00e9dules.<\/p>\n<p>D\u00e8s le plus jeune \u00e2ge, l\u2019humain est conditionn\u00e9 pour \u00e9voluer dans un syst\u00e8me unique et ethnocentriste. La r\u00e9duction de ses perspectives n\u2019est pas la seule cons\u00e9quence, cela fait surtout de lui un \u00eatre fataliste et limit\u00e9 aux fronti\u00e8res en apparence infranchissable de ce monde et de sa condition.<\/p>\n<p>J\u2019ai beaucoup de mal \u00e0 accepter les choses qui me sont impos\u00e9s, et \u00e0 accepter une autorit\u00e9 que je ne consid\u00e8re pas comme l\u00e9gitime et juste. J\u2019ai autant de mal \u00e0 inhiber mes envies et mes pens\u00e9es, qu&#8217;\u00e0 renier des valeurs fondamentales comme l\u2019\u00e9thique, la justice ou l&#8217;honn\u00eatet\u00e9. Penser au d\u00e9triment de l\u2019autre (si cons\u00e9quence directe il y a, je ne parle pas d\u2019effet \u201cboule de neige\u201d) m\u2019est compliqu\u00e9.<br \/>\n<em>\u00ab Ce que tout le monde appelle \u00ab \u00e9ducation \u00bb, est une machine \u00e0 fabriquer des soldats de la pseudo-\u00e9conomie, et non des futurs \u00eatres humains accomplis, capable de penser, de critiquer, de cr\u00e9er, de ma\u00eetriser et de g\u00e9rer leurs \u00e9motions. \u00bb<\/em> Pierre Rabhi<\/p>\n<p>C\u2019est l\u2019ali\u00e9nation \u00e0 force de se renier. <em>\u201cIgnorer ce que je vis (ma col\u00e8re, par exemple). Agir \u00e0 l&#8217;inverse de ce que je ressens (je suis triste mais je souris). Banaliser ce que je ressent ou per\u00e7oit. Renoncer \u00e0 mon propre jugement, faire davantage confiance au jugement de l&#8217;autre, refuser de regarder ma r\u00e9alit\u00e9 en face\u2026\u201d Extrait de La lettre du psy de Michel Larrivey<\/em><\/p>\n<p>En entreprise, je ne compte plus les fois o\u00f9 je me suis retrouv\u00e9 dans le collimateur de personnes influentes. L\u2019all\u00e9geance qui n\u2019\u00e9tait pas total et la remise en question de ce qui me semblait discutable repr\u00e9sentaient les principaux motifs de ma disgr\u00e2ce. Je repr\u00e9sentais un danger, puisque des personnes auraient pu suivre mon exemple, il s\u2019agit alors d&#8217;asseoir son autorit\u00e9 de mani\u00e8re ferme pour \u00e9carter toute forme de r\u00e9bellion.<br \/>\nCe qui est archa\u00efque et stupide puisque, au contraire, j&#8217;accepte beaucoup plus facilement l\u2019autorit\u00e9 de quelqu\u2019un \u00e0 l\u2019\u00e9coute et tol\u00e9rant. M\u00eame si je comprends bien que la logique de productivit\u00e9 et de rentabilit\u00e9 ne laisse pas une grande place \u00e0 l\u2019\u00e9coute.<br \/>\nJe me suis toujours pos\u00e9 beaucoup de questions sur les conventions tacites (tant en entreprise que dans la vie quotidienne), sans trouver toutes les r\u00e9ponses, je suis donc rentr\u00e9 dans un mode d\u2019imitation et de reproduction de sch\u00e9ma. Au bout d\u2019un moment ce mode de vie m\u2019a amen\u00e9 \u00e0 me questionner sur qui j\u2019\u00e9tais r\u00e9ellement.<\/p>\n<p>&nbsp;<\/p>\n<p><strong><em>R\u00f4le du voyage<\/em><\/strong><\/p>\n<p>Voyager c\u2019est gagner en tol\u00e9rance, faire tomber des clich\u00e9s et des id\u00e9es re\u00e7us et d\u00e9couvrir l\u2019autre autrement qu&#8217;\u00e0 travers un \u00e9cran de t\u00e9l\u00e9vision.<br \/>\nC\u2019est donc une exp\u00e9rience humaine qui enrichi \u00e0 jamais son portefeuille de comp\u00e9tences et ses connaissances th\u00e9oriques ou pratiques. Voyager c\u2019est sortir de sa zone de confort, du \u201cconnu\u201d pour aller vers l\u2019inconnu et donc vers des notions, des modes de vies et des approches diff\u00e9rentes.<\/p>\n<p>\u201cSortir de sa zone de confort\u201d, une expression assez courante, qui ne signifie pas grand-chose pour moi, je pr\u00e9f\u00e8re dire \u201c\u00e9largir sa zone de confort\u201d. On peut difficilement se rendre compte imm\u00e9diatement du moment o\u00f9 l\u2019\u00e9largissement de cette zone se produit, o\u00f9 l\u2019ombre devient lumi\u00e8re. Sur le coup il peut \u00eatre v\u00e9cu de milles fa\u00e7ons, dans la souffrance, dans la peur, dans le scepticisme, dans la joie, dans la surprise &#8230;<\/p>\n<p>Mais la multiplication des situations nouvelles permet de mieux appr\u00e9hender cette variable versatile qu\u2019est l\u2019inconnue. Par la suite il s\u2019agit de puiser dans son exp\u00e9rience pour avoir la majeure partie des r\u00e9ponses \u00e0 nos questions et limit\u00e9 un stress ou une anxi\u00e9t\u00e9 qui \u00e9tait, jadis, paralysante.<br \/>\nCe que l\u2019on appelle l\u2019exp\u00e9rience c\u2019est avant tout aller toujours plus loin dans la connaissance de soi, mieux ma\u00eetriser ses \u00e9motions et gagner en adaptabilit\u00e9. \u201cConnais-toi toi-m\u00eame\u201d afin d\u2019\u00eatre dans les meilleurs conditions pour comprendre et aimer le monde qui t&#8217;entoure. Je dirai que \u00e7a aide \u00e0 \u201capprendre \u00e0 apprendre\u201d, se mettre dans la posture la plus b\u00e9n\u00e9fique pour recevoir l\u2019information, la traiter et la stocker, dans le but de pouvoir l\u2019adapter et la r\u00e9utiliser au moment opportun.<\/p>\n<p>&nbsp;<\/p>\n<p>Bien s\u00fbre tout n\u2019est pas rose et ce type d\u2019approche est loin d\u2019\u00eatre une sin\u00e9cure. Mais je recherche ces moments de doutes, de peurs et de questionnements, puisque c\u2019est eux qui permettent d\u2019op\u00e9rer une m\u00e9tamorphose en moi et d\u2019avancer avec plus de confiance.<\/p>\n<p>&nbsp;<\/p>\n<p>C\u2019est tr\u00e8s important pour moi puisqu\u2019ils me permettent de relativiser et de mieux me conna\u00eetre.<br \/>\nIl y a toujours une p\u00e9riode d\u2019adaptation, comme une p\u00e9riode de rodage pour une voiture neuve, la mise en marche est progressive. Cette p\u00e9riode d\u2019adaptation est de quelques jours, mais ces quelques jours sont assez compliqu\u00e9s \u00e0 g\u00e9rer pour moi et mon anxi\u00e9t\u00e9.<\/p>\n<p>&nbsp;<\/p>\n<p>D\u00e9sormais, je sais que cette p\u00e9riode m\u2019est n\u00e9cessaire pour appr\u00e9hender mon environnement et commencer \u00e0 me cr\u00e9er ma routine du voyageur, donc je la g\u00e8re au mieux en me disant que \u00e7a ira mieux dans un futur proche, comme \u00e7a a \u00e9t\u00e9 le cas par le pass\u00e9.<\/p>\n<p>Cette routine peut prendre diff\u00e9rente forme. Ces petites choses m\u2019aident \u00e0 me situer, \u00e0 m\u2019ancrer l\u00e0 o\u00f9 je suis.<br \/>\nSur la route et surtout en utilisant les voies alternatives, on rencontre beaucoup de personnes en dehors du monde que l\u2019on conna\u00eet et, plus ou moins, en dehors de la soci\u00e9t\u00e9 de consommation. Ces personnes partagent souvent volontiers leur mode de pens\u00e9e et leur mode de vie, qui est souvent bas\u00e9 sur des valeurs comme la non-violence, la spiritualit\u00e9 et l\u2019\u00e9change.<\/p>\n<p>&nbsp;<\/p>\n<p>Des valeurs qui tendent \u00e0 se perdre au profit de l\u2019individualisme, l&#8217;indiff\u00e9rence et du carri\u00e9risme. Je pense que c\u2019est toujours b\u00e9n\u00e9fique de faire ces rencontres. J\u2019ai eu l\u2019opportunit\u00e9 \u00e0 plusieurs reprises de rencontrer des personnes que la majorit\u00e9 qualifie de \u201cmarginales\u201d simplement parce qu\u2019elles ne souhaitent pas rentrer dans la soci\u00e9t\u00e9 dite \u201cnormale\u201d.<\/p>\n<p>&nbsp;<\/p>\n<p>Tout cela permet d&#8217;acqu\u00e9rir plus de confiance en soi, c\u2019est le point majeur car la confiance va permettre d\u2019engendrer un cercle vertueux qui va enclencher un m\u00e9canisme de r\u00e9duction des risques.<\/p>\n<p>&nbsp;<\/p>\n<p>&nbsp;<\/p>\n<p>&nbsp;<\/p>\n<p>&nbsp;<\/p>\n<p>&nbsp;<\/p>\n<p>&nbsp;<\/p>\n","protected":false},"excerpt":{"rendered":"<p>Le fait que la soci\u00e9t\u00e9 nous m\u00e8ne vers l\u2019ali\u00e9nation est indiscutable, tout est fait pour diriger nos choix, imposer des mod\u00e8les, dicter ce qui est bien et ce qui est mal \u2026 Bref, faire de nous des machines \u00e0 consommer dociles et cr\u00e9dules. D\u00e8s le plus jeune \u00e2ge, l\u2019humain est conditionn\u00e9 pour \u00e9voluer dans un [&hellip;]<\/p>\n","protected":false},"author":2,"featured_media":3895,"parent":0,"menu_order":0,"comment_status":"closed","ping_status":"closed","template":"","meta":{"footnotes":""},"categories":[56],"tags":[2],"class_list":["post-2300","page","type-page","status-publish","has-post-thumbnail","hentry","category-reflexion","tag-style-de-vie"],"_links":{"self":[{"href":"https:\/\/www.lookingforserendip.com\/index.php\/wp-json\/wp\/v2\/pages\/2300","targetHints":{"allow":["GET"]}}],"collection":[{"href":"https:\/\/www.lookingforserendip.com\/index.php\/wp-json\/wp\/v2\/pages"}],"about":[{"href":"https:\/\/www.lookingforserendip.com\/index.php\/wp-json\/wp\/v2\/types\/page"}],"author":[{"embeddable":true,"href":"https:\/\/www.lookingforserendip.com\/index.php\/wp-json\/wp\/v2\/users\/2"}],"replies":[{"embeddable":true,"href":"https:\/\/www.lookingforserendip.com\/index.php\/wp-json\/wp\/v2\/comments?post=2300"}],"version-history":[{"count":3,"href":"https:\/\/www.lookingforserendip.com\/index.php\/wp-json\/wp\/v2\/pages\/2300\/revisions"}],"predecessor-version":[{"id":4565,"href":"https:\/\/www.lookingforserendip.com\/index.php\/wp-json\/wp\/v2\/pages\/2300\/revisions\/4565"}],"wp:featuredmedia":[{"embeddable":true,"href":"https:\/\/www.lookingforserendip.com\/index.php\/wp-json\/wp\/v2\/media\/3895"}],"wp:attachment":[{"href":"https:\/\/www.lookingforserendip.com\/index.php\/wp-json\/wp\/v2\/media?parent=2300"}],"wp:term":[{"taxonomy":"category","embeddable":true,"href":"https:\/\/www.lookingforserendip.com\/index.php\/wp-json\/wp\/v2\/categories?post=2300"},{"taxonomy":"post_tag","embeddable":true,"href":"https:\/\/www.lookingforserendip.com\/index.php\/wp-json\/wp\/v2\/tags?post=2300"}],"curies":[{"name":"wp","href":"https:\/\/api.w.org\/{rel}","templated":true}]}}