{"id":2444,"date":"2017-05-05T12:37:11","date_gmt":"2017-05-05T11:37:11","guid":{"rendered":"http:\/\/lookingforserendip.com\/?page_id=2444"},"modified":"2021-04-07T15:45:26","modified_gmt":"2021-04-07T13:45:26","slug":"7-jours-a-lhopital-un-autre-voyage","status":"publish","type":"page","link":"https:\/\/www.lookingforserendip.com\/index.php\/7-jours-a-lhopital-un-autre-voyage\/","title":{"rendered":"7 jours \u00e0 l&#8217;h\u00f4pital, un autre voyage &#8230;"},"content":{"rendered":"<p>Ce jeudi 4 mai 2017, j&#8217;ai fait mon entr\u00e9e \u00e0 l&#8217;h\u00f4pital Cochin, situ\u00e9\u00a0dans le 14eme arrondissement de Paris. Le genre de s\u00e9jour dont on se passerait bien &#8230;<\/p>\n<p><em>Pourquoi du comment : Depuis l&#8217;adolescence, j&#8217;ai toujours eu des probl\u00e8mes au dos, qui sont malheureusement aller crescendo jusqu&#8217;au point de non retour symbolis\u00e9 par une hernie discale qui m&#8217;a conduit au bloc op\u00e9ratoire il y a 2 ans environ. Une r\u00e9cidive (une autre hernie discale au m\u00eame endroit) est survenue il y a 3 mois &#8230; C&#8217;est celle-ci qui me conduit aujourd&#8217;hui \u00e0 ce s\u00e9jour chez les hommes en blanc. C&#8217;est d&#8217;ailleurs ici, lors d&#8217;une consultation avec un professeur tr\u00e8s r\u00e9put\u00e9 que j&#8217;ai appris \u00eatre atteint de la maladie de Scheuermann (s\u00fbrement un sombre professeur Allemand). En gros \u00e7a fragilise toutes les vert\u00e8bres et la colonne vert\u00e9brale en g\u00e9n\u00e9rale, ce qui me rend plus sujet \u00e0 ce type de m\u00e9saventures !<\/em><\/p>\n<p>Bref, prenons les choses avec humour et l\u00e9g\u00e8ret\u00e9 \ud83d\ude42<\/p>\n<p>C&#8217;est donc un jeudi que j&#8217;ai fait mon entr\u00e9e dans le milieu hospitalier. Comme un signe, le ciel \u00e9tait voil\u00e9, le temps \u00e9tait terne. Apr\u00e8s un jeu de piste pour trouver le bon b\u00e2timent et le bon \u00e9tage, je d\u00e9couvre ma chambre &#8230; D\u00e9coration \u00e9pur\u00e9e (c&#8217;est \u00e0 dire RIEN) et murs blancs &#8230; D&#8217;ailleurs, pourquoi pas les peindre en orange ou en jaune ? L&#8217;univers de l&#8217;h\u00f4pital est relativement conservateur la dessus &#8230; C&#8217;est une institution et on touche peu aux institutions en France. Surtout quand les priorit\u00e9s sont ailleurs (pr\u00e9carit\u00e9 du travail, manque d&#8217;effectif, surcharge de travail &#8230;).<\/p>\n<p>Je suis ici pour subir 3 infiltrations par le hiatus sacro coccygien. En gros (tr\u00e8s gros), ca consiste \u00e0 te planter une aiguille dans le c*l sur environ 3cm de profondeur (soit 3 m\u00e8tres \u00e0 taille humaine) et d&#8217;injecter un liquide cens\u00e9 am\u00e9liorer la situation. A l&#8217;heure o\u00f9 j&#8217;\u00e9cris ces lignes, je n&#8217;ai pas encore \u00e9tait conduit \u00e0 l&#8217;\u00e9chafaud, l\u2019ex\u00e9cution est pr\u00e9vue en fin d&#8217;apr\u00e8s midi aux alentours de 17h.<\/p>\n<p>En attendant, je fais 3h de r\u00e9\u00e9ducation le matin de 9h \u00e0 12h, une p\u00e9riode qui vise surtout \u00e0 apprendre des exercices \u00e0 faire et refaire\u00a0seul. Et 2h de r\u00e9\u00e9ducation \/ baln\u00e9oth\u00e9rapie de 14h \u00e0 16h. Le terme baln\u00e9oth\u00e9rapie fait r\u00eaver &#8230; En r\u00e9alit\u00e9 faut m&#8217;imaginer dans un bain \u00e0 35 degr\u00e9s (je d\u00e9teste l&#8217;eau chaude), entour\u00e9 de 6 femmes de plus de 45 ans, \u00e0 faire des mouvements de contr\u00f4leur a\u00e9rien d\u00e9butant dans l&#8217;eau ! Le tout v\u00eatu d&#8217;un bonnet de bain.<\/p>\n<p>Mais ces moments sont compens\u00e9s par la joie intense que me procure les repas servis en chambre. Une explosion de saveurs et une pr\u00e9sentation qui fait saliver, on mange d&#8217;abord avec les yeux &#8230; Non, plus s\u00e9rieusement, je savais \u00e0 quoi m&#8217;attendre &#8230; C&#8217;est \u00e0 dire \u00e0 rien. Cantine du coll\u00e8ge Paul Eluard, dernier service du midi &#8230; Je peux vous dire que je suis pas tomb\u00e9 pendant la semaine du go\u00fbt !<\/p>\n<p>Je confesse que je me suis rendu au franprix situ\u00e9 non loin de l&#8217;\u00e9tablissement, afin de pouvoir continuer \u00e0 me nourrir.<\/p>\n<p>Mise \u00e0 jour (apr\u00e8s le moment M)<\/p>\n<p>\u00c7a y&#8217;est le moment fatidique est pass\u00e9 &#8230; Si vous vous appr\u00eatez \u00e0 en faire une &#8230; Attention SPOILER ! Ne lisez pas ce qui suit &#8230; Nous sommes tous diff\u00e9rents et nous r\u00e9agissons tous de mani\u00e8res diff\u00e9rentes, ce r\u00e9cit n&#8217;est pas une v\u00e9rit\u00e9 g\u00e9n\u00e9rale.<\/p>\n<p>Dans mon cas, ce fut, et je p\u00e8se mes mots, incontestablement un des pires moment de ma vie. Mon \u00e9chelle de douleur connait d\u00e9sormais une nouvelle gradation.<\/p>\n<p>En pratique, il s&#8217;agit de se positionner \u00e0 plat ventre, cul nul, le derri\u00e8re l\u00e9g\u00e8rement cambr\u00e9 gr\u00e2ce \u00e0 l&#8217;apposition d&#8217;oreillers sous le ventre. Une position que j&#8217;adopte peu fr\u00e9quemment &#8230; Il s&#8217;agit ensuite pour la personne charg\u00e9e de faire l&#8217;intervention (d\u00e9sol\u00e9, je ne sais plus quel est le grade), de rep\u00e9r\u00e9e &#8220;le hiatus&#8221; situ\u00e9 dans le sacrum.<\/p>\n<p><img loading=\"lazy\" decoding=\"async\" class=\" wp-image-2503 aligncenter\" src=\"https:\/\/www.lookingforserendip.com\/wp-content\/uploads\/2017\/05\/hiatus.jpg\" alt=\"hiatus\" width=\"223\" height=\"209\" srcset=\"https:\/\/www.lookingforserendip.com\/wp-content\/uploads\/2017\/05\/hiatus.jpg 320w, https:\/\/www.lookingforserendip.com\/wp-content\/uploads\/2017\/05\/hiatus-300x281.jpg 300w\" sizes=\"auto, (max-width: 223px) 100vw, 223px\" \/><\/p>\n<p>C&#8217;est un tout petit orifice qui donne sur un canal qui remonte vers les vert\u00e8bres.<\/p>\n<p>Une fois l&#8217;orifice rep\u00e9r\u00e9, une premi\u00e8re aiguille y est introduite pour \u00eatre s\u00fbre du positionnement &#8230; S&#8217;en suit une premi\u00e8re injection d&#8217;eau pour \u00e9largir ce m\u00eame canal &#8230; Cette derni\u00e8re sonne le glas de tous les espoirs plac\u00e9s dans une intervention simple est sans douleurs. La pression commence \u00e0 se faire ressentir et la douleur se fait de plus en plus intense jusqu&#8217;\u00e0 atteindre un seuil que je ne connaissais pas. Elle descend dans les deux cuisses comme des crampes violentes, elle raisonne dans tout le bas du dos comme si on essayait d&#8217;introduire une quantit\u00e9 de liquide trop importante pour la taille du r\u00e9ceptacle. \u00a0Mon c*l \u00e9tait un ballon de baudruche oubli\u00e9 sur le tuyau lors d&#8217;une bataille d&#8217;eau g\u00e9ante &#8230;<\/p>\n<p>Au moment o\u00f9 je croyais que c&#8217;\u00e9tait termin\u00e9, malheureusement, le pire \u00e9tait \u00e0 venir &#8230; L&#8217;injection des cortico\u00efdes, la substance active. &#8220;Attention c&#8217;est un peu plus consistant donc ce sera un peu plus douloureux&#8221; &#8230; Il m&#8217;\u00e9tait alors tr\u00e8s difficile de retenir les jurons et les \u00e9clats de voix. Lorsque c&#8217;est termin\u00e9, la pression et la douleur mette une quinzaine de minutes a redescendre \u00e0 un seuil connu et donc ma\u00eetrisable.<\/p>\n<p>Je tiens tout de m\u00eame \u00e0 souligner la gentillesse, la patience et la p\u00e9dagogie des deux praticiens pr\u00e9sents, qui ont toujours tent\u00e9s de me parler, d&#8217;\u00e9voquer des choses positives li\u00e9es \u00e0 mes voyages ou de m&#8217;encourager pour me faire avancer.<\/p>\n<p>Je dois encore en subir une lundi et une mercredi &#8230; J\u2019appr\u00e9hende ma prochaine rencontre avec la douleur et j&#8217;esp\u00e8re \u00eatre capable de la ma\u00eetriser autant qu&#8217;elle m&#8217;a fait souffrir. Dans la douleur on grandit, j&#8217;esp\u00e8re alors devenir un g\u00e9ant \ud83d\ude42<\/p>\n<p>&nbsp;<\/p>\n","protected":false},"excerpt":{"rendered":"<p>Ce jeudi 4 mai 2017, j&#8217;ai fait mon entr\u00e9e \u00e0 l&#8217;h\u00f4pital Cochin, situ\u00e9\u00a0dans le 14eme arrondissement de Paris. Le genre de s\u00e9jour dont on se passerait bien &#8230; Pourquoi du comment : Depuis l&#8217;adolescence, j&#8217;ai toujours eu des probl\u00e8mes au dos, qui sont malheureusement aller crescendo jusqu&#8217;au point de non retour symbolis\u00e9 par une hernie [&hellip;]<\/p>\n","protected":false},"author":2,"featured_media":4716,"parent":0,"menu_order":0,"comment_status":"closed","ping_status":"closed","template":"","meta":{"footnotes":""},"categories":[56],"tags":[],"class_list":["post-2444","page","type-page","status-publish","has-post-thumbnail","hentry","category-reflexion"],"_links":{"self":[{"href":"https:\/\/www.lookingforserendip.com\/index.php\/wp-json\/wp\/v2\/pages\/2444","targetHints":{"allow":["GET"]}}],"collection":[{"href":"https:\/\/www.lookingforserendip.com\/index.php\/wp-json\/wp\/v2\/pages"}],"about":[{"href":"https:\/\/www.lookingforserendip.com\/index.php\/wp-json\/wp\/v2\/types\/page"}],"author":[{"embeddable":true,"href":"https:\/\/www.lookingforserendip.com\/index.php\/wp-json\/wp\/v2\/users\/2"}],"replies":[{"embeddable":true,"href":"https:\/\/www.lookingforserendip.com\/index.php\/wp-json\/wp\/v2\/comments?post=2444"}],"version-history":[{"count":2,"href":"https:\/\/www.lookingforserendip.com\/index.php\/wp-json\/wp\/v2\/pages\/2444\/revisions"}],"predecessor-version":[{"id":3492,"href":"https:\/\/www.lookingforserendip.com\/index.php\/wp-json\/wp\/v2\/pages\/2444\/revisions\/3492"}],"wp:featuredmedia":[{"embeddable":true,"href":"https:\/\/www.lookingforserendip.com\/index.php\/wp-json\/wp\/v2\/media\/4716"}],"wp:attachment":[{"href":"https:\/\/www.lookingforserendip.com\/index.php\/wp-json\/wp\/v2\/media?parent=2444"}],"wp:term":[{"taxonomy":"category","embeddable":true,"href":"https:\/\/www.lookingforserendip.com\/index.php\/wp-json\/wp\/v2\/categories?post=2444"},{"taxonomy":"post_tag","embeddable":true,"href":"https:\/\/www.lookingforserendip.com\/index.php\/wp-json\/wp\/v2\/tags?post=2444"}],"curies":[{"name":"wp","href":"https:\/\/api.w.org\/{rel}","templated":true}]}}