{"id":2822,"date":"2017-06-28T00:44:01","date_gmt":"2017-06-27T23:44:01","guid":{"rendered":"http:\/\/lookingforserendip.com\/?page_id=2822"},"modified":"2017-09-03T00:30:15","modified_gmt":"2017-09-02T22:30:15","slug":"guatemala-belize","status":"publish","type":"page","link":"https:\/\/www.lookingforserendip.com\/index.php\/guatemala-belize\/","title":{"rendered":"Guatemala \/ Belize"},"content":{"rendered":"\n<style type=\"text\/css\" data-created_by=\"avia_inline_auto\" id=\"style-css-av-av_one_full-5cf06b61fb0ae79c739100d63f487f0c\">\n.flex_column.av-av_one_full-5cf06b61fb0ae79c739100d63f487f0c{\nborder-radius:0px 0px 0px 0px;\npadding:0px 0px 0px 0px;\n}\n<\/style>\n<div  class='flex_column av-av_one_full-5cf06b61fb0ae79c739100d63f487f0c av_one_full  avia-builder-el-0  avia-builder-el-no-sibling  first flex_column_div av-animated-generic bottom-to-top av-zero-column-padding  '     ><div  data-slideshow-options=\"{&quot;animation&quot;:&quot;fade&quot;,&quot;autoplay&quot;:false,&quot;loop_autoplay&quot;:&quot;once&quot;,&quot;interval&quot;:5,&quot;loop_manual&quot;:&quot;manual-endless&quot;,&quot;autoplay_stopper&quot;:false,&quot;noNavigation&quot;:false,&quot;show_slide_delay&quot;:90}\" class='avia-content-slider avia-content-grid-active avia-content-slider1 avia-content-slider-even  avia-builder-el-1  avia-builder-el-no-sibling  av-slideshow-ui av-control-default   av-no-slider-navigation av-slideshow-manual av-loop-once av-loop-manual-endless '  itemscope=\"itemscope\" itemtype=\"https:\/\/schema.org\/Blog\" ><div class=\"avia-content-slider-inner\"><div class=\"slide-entry-wrap\"><article class='slide-entry flex_column  post-entry post-entry-2070 slide-entry-overview slide-loop-1 slide-parity-odd  av_one_half first real-thumbnail posttype-post post-format-standard'  itemscope=\"itemscope\" itemtype=\"https:\/\/schema.org\/CreativeWork\" ><a href='https:\/\/www.lookingforserendip.com\/index.php\/2016\/11\/09\/guatemala-belize-retour-au-mexique\/' data-rel='slide-1' class='slide-image' title='Guatemala \/ Belize &#8211;&gt; Retour au Mexique !'><img decoding=\"async\" fetchpriority=\"high\" width=\"495\" height=\"278\" src=\"https:\/\/www.lookingforserendip.com\/wp-content\/uploads\/2017\/07\/lake-atitlan-632669_960_720.jpg\" class=\"wp-image-3140 avia-img-lazy-loading-not-3140 attachment-portfolio size-portfolio wp-post-image\" alt=\"\" srcset=\"https:\/\/www.lookingforserendip.com\/wp-content\/uploads\/2017\/07\/lake-atitlan-632669_960_720.jpg 960w, https:\/\/www.lookingforserendip.com\/wp-content\/uploads\/2017\/07\/lake-atitlan-632669_960_720-300x169.jpg 300w, https:\/\/www.lookingforserendip.com\/wp-content\/uploads\/2017\/07\/lake-atitlan-632669_960_720-768x432.jpg 768w\" sizes=\"(max-width: 495px) 100vw, 495px\" \/><\/a><div class=\"slide-content\"><header class=\"entry-content-header\"><span class=\"blog-categories minor-meta\"><a href=\"https:\/\/www.lookingforserendip.com\/index.php\/category\/guatemala\/\" rel=\"tag\">Guatemala<\/a>, <a href=\"https:\/\/www.lookingforserendip.com\/index.php\/category\/mexique\/\" rel=\"tag\">Mexique<\/a>, <a href=\"https:\/\/www.lookingforserendip.com\/index.php\/category\/non-classe\/\" rel=\"tag\">Non class\u00e9<\/a> <\/span><h3 class='slide-entry-title entry-title '  itemprop=\"headline\" ><a href='https:\/\/www.lookingforserendip.com\/index.php\/2016\/11\/09\/guatemala-belize-retour-au-mexique\/' title='Guatemala \/ Belize &#8211;&gt; Retour au Mexique !'>Guatemala \/ Belize &#8211;> Retour au Mexique !<\/a><\/h3><span class=\"av-vertical-delimiter\"><\/span><\/header><div class='slide-entry-excerpt entry-content'  itemprop=\"text\" >J'ai finalement d\u00e9cid\u00e9 de zapper Tikal, un lieu consid\u00e9r\u00e9 comme \u00e9tant le c\u0153ur\u00a0de la civilisation maya. Arriv\u00e9 \u00e0 Flores, la ville de d\u00e9part, j'ai ressenti la m\u00eame atmosph\u00e8re qu'a Siem Reap pour les temples de Angkor, o\u00f9 je m'\u00e9tais\u2026<\/div><\/div><footer class=\"entry-footer\"><div class=\"slide-meta\"><time class='slide-meta-time updated'  itemprop=\"datePublished\" datetime=\"2016-11-09T21:27:04+01:00\" >9 novembre 2016<\/time><div class=\"slide-meta-del\">\/<\/div><div class=\"slide-meta-comments\"><a href='https:\/\/www.lookingforserendip.com\/index.php\/2016\/11\/09\/guatemala-belize-retour-au-mexique\/#comments'>1 Commentaire<\/a><\/div><\/div><\/footer><span class='hidden'>\n\t\t\t\t<span class='av-structured-data'  itemprop=\"image\" itemscope=\"itemscope\" itemtype=\"https:\/\/schema.org\/ImageObject\" >\n\t\t\t\t\t\t<span itemprop='url'>https:\/\/www.lookingforserendip.com\/wp-content\/uploads\/2017\/07\/lake-atitlan-632669_960_720.jpg<\/span>\n\t\t\t\t\t\t<span itemprop='height'>540<\/span>\n\t\t\t\t\t\t<span itemprop='width'>960<\/span>\n\t\t\t\t<\/span>\n\t\t\t\t<span class='av-structured-data'  itemprop=\"publisher\" itemtype=\"https:\/\/schema.org\/Organization\" itemscope=\"itemscope\" >\n\t\t\t\t\t\t<span itemprop='name'>Marcassin Fou<\/span>\n\t\t\t\t\t\t<span itemprop='logo' itemscope itemtype='https:\/\/schema.org\/ImageObject'>\n\t\t\t\t\t\t\t<span itemprop='url'>https:\/\/www.lookingforserendip.com\/wp-content\/uploads\/2017\/08\/logo-raph-FINAL.jpg<\/span>\n\t\t\t\t\t\t<\/span>\n\t\t\t\t<\/span><span class='av-structured-data'  itemprop=\"author\" itemscope=\"itemscope\" itemtype=\"https:\/\/schema.org\/Person\" ><span itemprop='name'>Marcassin Fou<\/span><\/span><span class='av-structured-data'  itemprop=\"datePublished\" datetime=\"2017-06-28T00:44:01+02:00\" >2016-11-09 21:27:04<\/span><span class='av-structured-data'  itemprop=\"dateModified\" itemtype=\"https:\/\/schema.org\/dateModified\" >2017-08-31 15:32:46<\/span><span class='av-structured-data'  itemprop=\"mainEntityOfPage\" itemtype=\"https:\/\/schema.org\/mainEntityOfPage\" ><span itemprop='name'>Guatemala \/ Belize &#8211;> Retour au Mexique !<\/span><\/span><\/span><\/article><article class='slide-entry flex_column  post-entry post-entry-2039 slide-entry-overview slide-loop-2 slide-parity-even  av_one_half  real-thumbnail posttype-post post-format-standard'  itemscope=\"itemscope\" itemtype=\"https:\/\/schema.org\/CreativeWork\" ><a href='https:\/\/www.lookingforserendip.com\/index.php\/2016\/11\/06\/a-bout-de-bras\/' data-rel='slide-1' class='slide-image' title='San Jose \/ Rencontre avec Kensi [Vid\u00e9o]'><img decoding=\"async\" fetchpriority=\"high\" width=\"495\" height=\"364\" src=\"https:\/\/www.lookingforserendip.com\/wp-content\/uploads\/2017\/07\/sanjose.jpg\" class=\"wp-image-3142 avia-img-lazy-loading-not-3142 attachment-portfolio size-portfolio wp-post-image\" alt=\"\" srcset=\"https:\/\/www.lookingforserendip.com\/wp-content\/uploads\/2017\/07\/sanjose.jpg 531w, https:\/\/www.lookingforserendip.com\/wp-content\/uploads\/2017\/07\/sanjose-300x220.jpg 300w\" sizes=\"(max-width: 495px) 100vw, 495px\" \/><\/a><div class=\"slide-content\"><header class=\"entry-content-header\"><span class=\"blog-categories minor-meta\"><a href=\"https:\/\/www.lookingforserendip.com\/index.php\/category\/guatemala\/\" rel=\"tag\">Guatemala<\/a>, <a href=\"https:\/\/www.lookingforserendip.com\/index.php\/category\/non-classe\/\" rel=\"tag\">Non class\u00e9<\/a> <\/span><h3 class='slide-entry-title entry-title '  itemprop=\"headline\" ><a href='https:\/\/www.lookingforserendip.com\/index.php\/2016\/11\/06\/a-bout-de-bras\/' title='San Jose \/ Rencontre avec Kensi [Vid\u00e9o]'>San Jose \/ Rencontre avec Kensi [Vid\u00e9o]<\/a><\/h3><span class=\"av-vertical-delimiter\"><\/span><\/header><div class='slide-entry-excerpt entry-content'  itemprop=\"text\" >Je suis actuellement \u00e0 San Jose, un petit village situ\u00e9 \u00e0 environ 30 minutes de route de Flores. Je pensais \u00eatre re\u00e7u par un couchsurfer classique mais encore une fois la serendipit\u00e9 a fait des siennes, et je suis tomb\u00e9 dans la famille\u2026<\/div><\/div><footer class=\"entry-footer\"><div class=\"slide-meta\"><time class='slide-meta-time updated'  itemprop=\"datePublished\" datetime=\"2016-11-06T20:40:40+01:00\" >6 novembre 2016<\/time><div class=\"slide-meta-del\">\/<\/div><div class=\"slide-meta-comments\"><a href='https:\/\/www.lookingforserendip.com\/index.php\/2016\/11\/06\/a-bout-de-bras\/#respond'>0 Commentaires<\/a><\/div><\/div><\/footer><span class='hidden'>\n\t\t\t\t<span class='av-structured-data'  itemprop=\"image\" itemscope=\"itemscope\" itemtype=\"https:\/\/schema.org\/ImageObject\" >\n\t\t\t\t\t\t<span itemprop='url'>https:\/\/www.lookingforserendip.com\/wp-content\/uploads\/2017\/07\/sanjose.jpg<\/span>\n\t\t\t\t\t\t<span itemprop='height'>390<\/span>\n\t\t\t\t\t\t<span itemprop='width'>531<\/span>\n\t\t\t\t<\/span>\n\t\t\t\t<span class='av-structured-data'  itemprop=\"publisher\" itemtype=\"https:\/\/schema.org\/Organization\" itemscope=\"itemscope\" >\n\t\t\t\t\t\t<span itemprop='name'>Marcassin Fou<\/span>\n\t\t\t\t\t\t<span itemprop='logo' itemscope itemtype='https:\/\/schema.org\/ImageObject'>\n\t\t\t\t\t\t\t<span itemprop='url'>https:\/\/www.lookingforserendip.com\/wp-content\/uploads\/2017\/08\/logo-raph-FINAL.jpg<\/span>\n\t\t\t\t\t\t<\/span>\n\t\t\t\t<\/span><span class='av-structured-data'  itemprop=\"author\" itemscope=\"itemscope\" itemtype=\"https:\/\/schema.org\/Person\" ><span itemprop='name'>Marcassin Fou<\/span><\/span><span class='av-structured-data'  itemprop=\"datePublished\" datetime=\"2017-06-28T00:44:01+02:00\" >2016-11-06 20:40:40<\/span><span class='av-structured-data'  itemprop=\"dateModified\" itemtype=\"https:\/\/schema.org\/dateModified\" >2017-08-31 15:23:28<\/span><span class='av-structured-data'  itemprop=\"mainEntityOfPage\" itemtype=\"https:\/\/schema.org\/mainEntityOfPage\" ><span itemprop='name'>San Jose \/ Rencontre avec Kensi [Vid\u00e9o]<\/span><\/span><\/span><\/article><\/div><div class=\"slide-entry-wrap\"><article class='slide-entry flex_column  post-entry post-entry-1924 slide-entry-overview slide-loop-3 slide-parity-odd  av_one_half first real-thumbnail posttype-post post-format-standard'  itemscope=\"itemscope\" itemtype=\"https:\/\/schema.org\/CreativeWork\" ><a href='https:\/\/www.lookingforserendip.com\/index.php\/2016\/11\/02\/lac-atitlan-le-joyau-guatemalteque\/' data-rel='slide-1' class='slide-image' title='Lac Atitlan &#8230; Le joyau Guatemalteque [Vid\u00e9o \/ Photos]'><img decoding=\"async\" fetchpriority=\"high\" width=\"495\" height=\"329\" src=\"https:\/\/www.lookingforserendip.com\/wp-content\/uploads\/2017\/07\/daniel-lopez-perez_photography-hotel-lake-atitlan-881.jpg\" class=\"wp-image-3141 avia-img-lazy-loading-not-3141 attachment-portfolio size-portfolio wp-post-image\" alt=\"\" srcset=\"https:\/\/www.lookingforserendip.com\/wp-content\/uploads\/2017\/07\/daniel-lopez-perez_photography-hotel-lake-atitlan-881.jpg 1200w, https:\/\/www.lookingforserendip.com\/wp-content\/uploads\/2017\/07\/daniel-lopez-perez_photography-hotel-lake-atitlan-881-300x199.jpg 300w, https:\/\/www.lookingforserendip.com\/wp-content\/uploads\/2017\/07\/daniel-lopez-perez_photography-hotel-lake-atitlan-881-768x510.jpg 768w, https:\/\/www.lookingforserendip.com\/wp-content\/uploads\/2017\/07\/daniel-lopez-perez_photography-hotel-lake-atitlan-881-1024x680.jpg 1024w\" sizes=\"(max-width: 495px) 100vw, 495px\" \/><\/a><div class=\"slide-content\"><header class=\"entry-content-header\"><span class=\"blog-categories minor-meta\"><a href=\"https:\/\/www.lookingforserendip.com\/index.php\/category\/guatemala\/\" rel=\"tag\">Guatemala<\/a>, <a href=\"https:\/\/www.lookingforserendip.com\/index.php\/category\/non-classe\/\" rel=\"tag\">Non class\u00e9<\/a> <\/span><h3 class='slide-entry-title entry-title '  itemprop=\"headline\" ><a href='https:\/\/www.lookingforserendip.com\/index.php\/2016\/11\/02\/lac-atitlan-le-joyau-guatemalteque\/' title='Lac Atitlan &#8230; Le joyau Guatemalteque [Vid\u00e9o \/ Photos]'>Lac Atitlan &#8230; Le joyau Guatemalteque [Vid\u00e9o \/ Photos]<\/a><\/h3><span class=\"av-vertical-delimiter\"><\/span><\/header><div class='slide-entry-excerpt entry-content'  itemprop=\"text\" >Sa\u00a0r\u00e9putation de \"plus beau lac d\u2019Am\u00e9rique central\" n'est pas usurp\u00e9e ... Et m\u00eame si je n'ai pas \u00e9t\u00e9 pr\u00e8s de beaucoup de lac dans ma vie, je pense que celui-ci est assez exceptionnel. Son paysage fait de volcans et de montagnes, le\u2026<\/div><\/div><footer class=\"entry-footer\"><div class=\"slide-meta\"><time class='slide-meta-time updated'  itemprop=\"datePublished\" datetime=\"2016-11-02T05:18:24+01:00\" >2 novembre 2016<\/time><div class=\"slide-meta-del\">\/<\/div><div class=\"slide-meta-comments\"><a href='https:\/\/www.lookingforserendip.com\/index.php\/2016\/11\/02\/lac-atitlan-le-joyau-guatemalteque\/#respond'>0 Commentaires<\/a><\/div><\/div><\/footer><span class='hidden'>\n\t\t\t\t<span class='av-structured-data'  itemprop=\"image\" itemscope=\"itemscope\" itemtype=\"https:\/\/schema.org\/ImageObject\" >\n\t\t\t\t\t\t<span itemprop='url'>https:\/\/www.lookingforserendip.com\/wp-content\/uploads\/2017\/07\/daniel-lopez-perez_photography-hotel-lake-atitlan-881.jpg<\/span>\n\t\t\t\t\t\t<span itemprop='height'>797<\/span>\n\t\t\t\t\t\t<span itemprop='width'>1200<\/span>\n\t\t\t\t<\/span>\n\t\t\t\t<span class='av-structured-data'  itemprop=\"publisher\" itemtype=\"https:\/\/schema.org\/Organization\" itemscope=\"itemscope\" >\n\t\t\t\t\t\t<span itemprop='name'>Marcassin Fou<\/span>\n\t\t\t\t\t\t<span itemprop='logo' itemscope itemtype='https:\/\/schema.org\/ImageObject'>\n\t\t\t\t\t\t\t<span itemprop='url'>https:\/\/www.lookingforserendip.com\/wp-content\/uploads\/2017\/08\/logo-raph-FINAL.jpg<\/span>\n\t\t\t\t\t\t<\/span>\n\t\t\t\t<\/span><span class='av-structured-data'  itemprop=\"author\" itemscope=\"itemscope\" itemtype=\"https:\/\/schema.org\/Person\" ><span itemprop='name'>Marcassin Fou<\/span><\/span><span class='av-structured-data'  itemprop=\"datePublished\" datetime=\"2017-06-28T00:44:01+02:00\" >2016-11-02 05:18:24<\/span><span class='av-structured-data'  itemprop=\"dateModified\" itemtype=\"https:\/\/schema.org\/dateModified\" >2017-08-31 15:23:49<\/span><span class='av-structured-data'  itemprop=\"mainEntityOfPage\" itemtype=\"https:\/\/schema.org\/mainEntityOfPage\" ><span itemprop='name'>Lac Atitlan &#8230; Le joyau Guatemalteque [Vid\u00e9o \/ Photos]<\/span><\/span><\/span><\/article><article class='slide-entry flex_column  post-entry post-entry-1856 slide-entry-overview slide-loop-4 slide-parity-even  post-entry-last  av_one_half  real-thumbnail posttype-post post-format-standard'  itemscope=\"itemscope\" itemtype=\"https:\/\/schema.org\/CreativeWork\" ><a href='https:\/\/www.lookingforserendip.com\/index.php\/2016\/10\/27\/du-mexique-au-guatemala\/' data-rel='slide-1' class='slide-image' title='Du Mexique au Guatemala &#8230;'><img decoding=\"async\" fetchpriority=\"high\" width=\"495\" height=\"309\" src=\"https:\/\/www.lookingforserendip.com\/wp-content\/uploads\/2017\/07\/border-control-2474152_960_720.jpg\" class=\"wp-image-3143 avia-img-lazy-loading-not-3143 attachment-portfolio size-portfolio wp-post-image\" alt=\"\" srcset=\"https:\/\/www.lookingforserendip.com\/wp-content\/uploads\/2017\/07\/border-control-2474152_960_720.jpg 960w, https:\/\/www.lookingforserendip.com\/wp-content\/uploads\/2017\/07\/border-control-2474152_960_720-300x188.jpg 300w, https:\/\/www.lookingforserendip.com\/wp-content\/uploads\/2017\/07\/border-control-2474152_960_720-768x480.jpg 768w\" sizes=\"(max-width: 495px) 100vw, 495px\" \/><\/a><div class=\"slide-content\"><header class=\"entry-content-header\"><span class=\"blog-categories minor-meta\"><a href=\"https:\/\/www.lookingforserendip.com\/index.php\/category\/guatemala\/\" rel=\"tag\">Guatemala<\/a>, <a href=\"https:\/\/www.lookingforserendip.com\/index.php\/category\/mexique\/\" rel=\"tag\">Mexique<\/a>, <a href=\"https:\/\/www.lookingforserendip.com\/index.php\/category\/non-classe\/\" rel=\"tag\">Non class\u00e9<\/a> <\/span><h3 class='slide-entry-title entry-title '  itemprop=\"headline\" ><a href='https:\/\/www.lookingforserendip.com\/index.php\/2016\/10\/27\/du-mexique-au-guatemala\/' title='Du Mexique au Guatemala &#8230;'>Du Mexique au Guatemala &#8230;<\/a><\/h3><span class=\"av-vertical-delimiter\"><\/span><\/header><div class='slide-entry-excerpt entry-content'  itemprop=\"text\" >Bon \u00e7a y'est je suis au Guatemala, et contrairement aux r\u00e9cits que j'ai pu lire\u00a0sur ce blog et celui-ci, qui annon\u00e7aient tous les deux une gal\u00e8re sans nom ... \u00c7a n'a pas \u00e9tait le cas pour moi. J'ai pu lire un peu tout et n'importe quoi\u2026<\/div><\/div><footer class=\"entry-footer\"><div class=\"slide-meta\"><time class='slide-meta-time updated'  itemprop=\"datePublished\" datetime=\"2016-10-27T20:13:06+02:00\" >27 octobre 2016<\/time><div class=\"slide-meta-del\">\/<\/div><div class=\"slide-meta-comments\"><a href='https:\/\/www.lookingforserendip.com\/index.php\/2016\/10\/27\/du-mexique-au-guatemala\/#respond'>0 Commentaires<\/a><\/div><\/div><\/footer><span class='hidden'>\n\t\t\t\t<span class='av-structured-data'  itemprop=\"image\" itemscope=\"itemscope\" itemtype=\"https:\/\/schema.org\/ImageObject\" >\n\t\t\t\t\t\t<span itemprop='url'>https:\/\/www.lookingforserendip.com\/wp-content\/uploads\/2017\/07\/border-control-2474152_960_720.jpg<\/span>\n\t\t\t\t\t\t<span itemprop='height'>600<\/span>\n\t\t\t\t\t\t<span itemprop='width'>960<\/span>\n\t\t\t\t<\/span>\n\t\t\t\t<span class='av-structured-data'  itemprop=\"publisher\" itemtype=\"https:\/\/schema.org\/Organization\" itemscope=\"itemscope\" >\n\t\t\t\t\t\t<span itemprop='name'>Marcassin Fou<\/span>\n\t\t\t\t\t\t<span itemprop='logo' itemscope itemtype='https:\/\/schema.org\/ImageObject'>\n\t\t\t\t\t\t\t<span itemprop='url'>https:\/\/www.lookingforserendip.com\/wp-content\/uploads\/2017\/08\/logo-raph-FINAL.jpg<\/span>\n\t\t\t\t\t\t<\/span>\n\t\t\t\t<\/span><span class='av-structured-data'  itemprop=\"author\" itemscope=\"itemscope\" itemtype=\"https:\/\/schema.org\/Person\" ><span itemprop='name'>Marcassin Fou<\/span><\/span><span class='av-structured-data'  itemprop=\"datePublished\" datetime=\"2017-06-28T00:44:01+02:00\" >2016-10-27 20:13:06<\/span><span class='av-structured-data'  itemprop=\"dateModified\" itemtype=\"https:\/\/schema.org\/dateModified\" >2017-08-31 15:29:33<\/span><span class='av-structured-data'  itemprop=\"mainEntityOfPage\" itemtype=\"https:\/\/schema.org\/mainEntityOfPage\" ><span itemprop='name'>Du Mexique au Guatemala &#8230;<\/span><\/span><\/span><\/article><\/div><\/div><\/div><\/div>\n","protected":false},"excerpt":{"rendered":"","protected":false},"author":2,"featured_media":0,"parent":0,"menu_order":0,"comment_status":"closed","ping_status":"closed","template":"","meta":{"footnotes":""},"categories":[],"tags":[],"class_list":["post-2822","page","type-page","status-publish","hentry"],"_links":{"self":[{"href":"https:\/\/www.lookingforserendip.com\/index.php\/wp-json\/wp\/v2\/pages\/2822","targetHints":{"allow":["GET"]}}],"collection":[{"href":"https:\/\/www.lookingforserendip.com\/index.php\/wp-json\/wp\/v2\/pages"}],"about":[{"href":"https:\/\/www.lookingforserendip.com\/index.php\/wp-json\/wp\/v2\/types\/page"}],"author":[{"embeddable":true,"href":"https:\/\/www.lookingforserendip.com\/index.php\/wp-json\/wp\/v2\/users\/2"}],"replies":[{"embeddable":true,"href":"https:\/\/www.lookingforserendip.com\/index.php\/wp-json\/wp\/v2\/comments?post=2822"}],"version-history":[{"count":6,"href":"https:\/\/www.lookingforserendip.com\/index.php\/wp-json\/wp\/v2\/pages\/2822\/revisions"}],"predecessor-version":[{"id":3901,"href":"https:\/\/www.lookingforserendip.com\/index.php\/wp-json\/wp\/v2\/pages\/2822\/revisions\/3901"}],"wp:attachment":[{"href":"https:\/\/www.lookingforserendip.com\/index.php\/wp-json\/wp\/v2\/media?parent=2822"}],"wp:term":[{"taxonomy":"category","embeddable":true,"href":"https:\/\/www.lookingforserendip.com\/index.php\/wp-json\/wp\/v2\/categories?post=2822"},{"taxonomy":"post_tag","embeddable":true,"href":"https:\/\/www.lookingforserendip.com\/index.php\/wp-json\/wp\/v2\/tags?post=2822"}],"curies":[{"name":"wp","href":"https:\/\/api.w.org\/{rel}","templated":true}]}}