{"id":2859,"date":"2017-06-29T02:38:09","date_gmt":"2017-06-29T01:38:09","guid":{"rendered":"http:\/\/lookingforserendip.com\/?page_id=2859"},"modified":"2020-11-20T14:16:21","modified_gmt":"2020-11-20T13:16:21","slug":"vous-avez-dit-voyager","status":"publish","type":"page","link":"https:\/\/www.lookingforserendip.com\/index.php\/vous-avez-dit-voyager\/","title":{"rendered":"C&#8217;est quoi &#8220;voyager&#8221; ? Et pourquoi, seul ?"},"content":{"rendered":"\n<style type=\"text\/css\" data-created_by=\"avia_inline_auto\" id=\"style-css-av-av_heading-b11bb91846a7c724b74b4c165b6f20eb\">\n#top .av-special-heading.av-av_heading-b11bb91846a7c724b74b4c165b6f20eb{\npadding-bottom:10px;\nfont-size:35px;\n}\nbody .av-special-heading.av-av_heading-b11bb91846a7c724b74b4c165b6f20eb .av-special-heading-tag .heading-char{\nfont-size:25px;\n}\n#top #wrap_all .av-special-heading.av-av_heading-b11bb91846a7c724b74b4c165b6f20eb .av-special-heading-tag{\nfont-size:35px;\n}\n.av-special-heading.av-av_heading-b11bb91846a7c724b74b4c165b6f20eb .av-subheading{\nfont-size:15px;\n}\n\n@media only screen and (min-width: 480px) and (max-width: 767px){ \n#top #wrap_all .av-special-heading.av-av_heading-b11bb91846a7c724b74b4c165b6f20eb .av-special-heading-tag{\nfont-size:0.8em;\n}\n}\n\n@media only screen and (max-width: 479px){ \n#top #wrap_all .av-special-heading.av-av_heading-b11bb91846a7c724b74b4c165b6f20eb .av-special-heading-tag{\nfont-size:0.8em;\n}\n}\n<\/style>\n<div  class='av-special-heading av-av_heading-b11bb91846a7c724b74b4c165b6f20eb av-special-heading-h3 blockquote modern-quote modern-centered  avia-builder-el-0  el_before_av_hr  avia-builder-el-first  av-inherit-size'><h3 class='av-special-heading-tag'  itemprop=\"headline\"  >Pourquoi voyager seul ?<\/h3><div class=\"special-heading-border\"><div class=\"special-heading-inner-border\"><\/div><\/div><\/div>\n<div  class='hr av-av_hr-dcd2069817a0e3d34ae04cad8f3443c7 hr-default  avia-builder-el-1  el_after_av_heading  el_before_av_textblock '><span class='hr-inner '><span class=\"hr-inner-style\"><\/span><\/span><\/div>\n<section  class='av_textblock_section av-av_textblock-0366cc7376be6c9e82a3e9cc8987b64f '   itemscope=\"itemscope\" itemtype=\"https:\/\/schema.org\/CreativeWork\" ><div class='avia_textblock'  itemprop=\"text\" ><p><span style=\"font-weight: 400;\">Pour moi, voyager c&#8217;est gagner en tol\u00e9rance, faire tomber des clich\u00e9s et des id\u00e9es re\u00e7us.<\/span><\/p>\n<p><span style=\"font-weight: 400;\">C\u2019est donc une exp\u00e9rience humaine qui enrichi \u00e0 jamais son portefeuille de comp\u00e9tences et ses connaissances th\u00e9oriques ou pratiques. Voyager c\u2019est sortir de sa zone de confort, du \u201cconnu\u201d pour aller vers l\u2019inconnu et donc vers des notions, des modes de vies et des approches diff\u00e9rentes.<\/span><\/p>\n<p><span style=\"font-weight: 400;\">\u201cSortir de sa zone de confort\u201d, une expression assez courante, qui signifie pas grand chose pour moi, je pr\u00e9f\u00e8re dire \u201c\u00e9largir sa zone de confort\u201d. On peut difficilement se rendre compte imm\u00e9diatement du moment o\u00f9 l\u2019\u00e9largissement de cette zone se produit, o\u00f9 l\u2019ombre devient lumi\u00e8re. Sur le coup il peut \u00eatre v\u00e9cu de milles fa\u00e7ons, dans la souffrance, dans la peur, dans le scepticisme, dans la joie, dans la surprise \u2026<\/span><\/p>\n<p><span style=\"font-weight: 400;\">Mais la multiplication des situations nouvelles permet de mieux appr\u00e9hender cette variable versatile qu\u2019est l\u2019inconnue et le doute qui en d\u00e9coule (qui peut g\u00e9n\u00e9rer peur, anxi\u00e9t\u00e9, stress &#8230;). Par la suite il suffit de puiser dans son exp\u00e9rience pour avoir la majeure partie des r\u00e9ponses \u00e0 nos questions et limit\u00e9 un stress ou une anxi\u00e9t\u00e9 qui \u00e9tait, jadis, paralysante.<\/span><\/p>\n<p><span style=\"font-weight: 400;\">Je pense que ce que l\u2019on appel l\u2019exp\u00e9rience c\u2019est aller toujours plus loin dans la connaissance de sois, mieux ma\u00eetriser ses \u00e9motions et gagner en adaptabilit\u00e9. \u201cConnais-toi toi-m\u00eame\u201d afin d\u2019\u00eatre dans les meilleurs conditions pour comprendre et aimer le monde qui t&#8217;entoure. Je dirai que \u00e7a aide \u00e0 \u201capprendre \u00e0 apprendre\u201d, se mettre dans la posture la plus b\u00e9n\u00e9fique pour recevoir l\u2019information, la traiter et la stocker, dans le but de pouvoir l\u2019adapter et la r\u00e9utiliser au moment opportun.<\/span><\/p>\n<p><span style=\"font-weight: 400;\">Bien s\u00fbre tout n\u2019est pas rose et ce type d\u2019approche est loin d\u2019\u00eatre une sin\u00e9cure. Mais je recherche aussi ces moments de doutes, de peurs et de questionnements, puisque c\u2019est eux qui me permettent d\u2019op\u00e9rer une m\u00e9tamorphose en moi et d\u2019avancer avec plus de confiance.\u00a0<\/span><\/p>\n<p><span style=\"font-weight: 400;\">Sur la route et surtout en utilisant les voies alternatives, j&#8217;ai rencontr\u00e9 beaucoup de personnes en dehors du monde que l\u2019on conna\u00eet et, plus ou moins, en dehors de la soci\u00e9t\u00e9 de consommation. Ces personnes partagent souvent volontiers leur mode de pens\u00e9e et leur mode de vie, qui est souvent bas\u00e9 sur des valeurs comme la non violence, la spiritualit\u00e9 et l\u2019\u00e9change. Des valeurs qui tendent \u00e0 se perdre au profit de l\u2019individualisme, l&#8217;indiff\u00e9rence et du carri\u00e9risme. Je pense que c\u2019est toujours b\u00e9n\u00e9fique de faire ces rencontres.<\/span><\/p>\n<p><strong>Partir seul, une condition sine qua none pour f<\/strong><strong>avoriser les rencontres<\/strong><\/p>\n<p>Tout ce que j&#8217;ai mis en avant ci-dessus n\u00e9cessite une disponibilit\u00e9 et une implication totale. Voyager seul me permet d&#8217;\u00eatre vraiment \u00e0 l&#8217;\u00e9coute de moi m\u00eame, ce qui me met dans une meilleure posture pour \u00eatre \u00e0 l&#8217;\u00e9coute des autres. C&#8217;est tr\u00e8s important puisque dans la rencontre, le plus important commence par sois m\u00eame. La mani\u00e8re dont on est per\u00e7u g\u00e9n\u00e8re un climat plus ou moins favorable \u00e0 la rencontre. Ici, cette libert\u00e9 totale de mouvements, de penser, de parler &#8230; Rayonne sur les personnes qui gravitent autours. Ainsi, une conversation d\u00e9bute d&#8217;un simple regard, une journ\u00e9e s&#8217;organise en quelques minutes et les \u00e9changes d\u2019exp\u00e9riences ouvrent de nouveaux horizons.<\/p>\n<p>Lorsque je voyage seul, je ne suis jamais seul ! Il est simple de s&#8217;octroyer des moments de solitudes choisis, de repos. Je suis ma\u00eetre de mes choix et du rythme de mon voyage.<\/p>\n<p>L&#8217;intensit\u00e9 de la rencontre est souvent tr\u00e8s forte, la volont\u00e9 mutuelle de partager, l&#8217;environnement d\u00e9paysant et le point commun du voyage nous rapprochent. Les \u00e9tapes de la vie de tous les jours pour faire grandir une relation dans le but d&#8217;arriver \u00e0 un degr\u00e9 d&#8217;intimit\u00e9 qui permette de se livrer sont br\u00fbl\u00e9es. Comme si, d\u00e9barrass\u00e9 de toutes les fioritures de son quotidien, de ses a priori et de ses peurs, on se rapprochait de ce qui importe le plus et de ce qu&#8217;on a envie de partager \u00e0 un moment M.<\/p>\n<\/div><\/section>\n","protected":false},"excerpt":{"rendered":"","protected":false},"author":2,"featured_media":3692,"parent":0,"menu_order":0,"comment_status":"closed","ping_status":"closed","template":"","meta":{"footnotes":""},"categories":[56],"tags":[2],"class_list":["post-2859","page","type-page","status-publish","has-post-thumbnail","hentry","category-reflexion","tag-style-de-vie"],"_links":{"self":[{"href":"https:\/\/www.lookingforserendip.com\/index.php\/wp-json\/wp\/v2\/pages\/2859","targetHints":{"allow":["GET"]}}],"collection":[{"href":"https:\/\/www.lookingforserendip.com\/index.php\/wp-json\/wp\/v2\/pages"}],"about":[{"href":"https:\/\/www.lookingforserendip.com\/index.php\/wp-json\/wp\/v2\/types\/page"}],"author":[{"embeddable":true,"href":"https:\/\/www.lookingforserendip.com\/index.php\/wp-json\/wp\/v2\/users\/2"}],"replies":[{"embeddable":true,"href":"https:\/\/www.lookingforserendip.com\/index.php\/wp-json\/wp\/v2\/comments?post=2859"}],"version-history":[{"count":7,"href":"https:\/\/www.lookingforserendip.com\/index.php\/wp-json\/wp\/v2\/pages\/2859\/revisions"}],"predecessor-version":[{"id":4561,"href":"https:\/\/www.lookingforserendip.com\/index.php\/wp-json\/wp\/v2\/pages\/2859\/revisions\/4561"}],"wp:featuredmedia":[{"embeddable":true,"href":"https:\/\/www.lookingforserendip.com\/index.php\/wp-json\/wp\/v2\/media\/3692"}],"wp:attachment":[{"href":"https:\/\/www.lookingforserendip.com\/index.php\/wp-json\/wp\/v2\/media?parent=2859"}],"wp:term":[{"taxonomy":"category","embeddable":true,"href":"https:\/\/www.lookingforserendip.com\/index.php\/wp-json\/wp\/v2\/categories?post=2859"},{"taxonomy":"post_tag","embeddable":true,"href":"https:\/\/www.lookingforserendip.com\/index.php\/wp-json\/wp\/v2\/tags?post=2859"}],"curies":[{"name":"wp","href":"https:\/\/api.w.org\/{rel}","templated":true}]}}