{"id":2889,"date":"2017-06-29T06:26:29","date_gmt":"2017-06-29T05:26:29","guid":{"rendered":"http:\/\/lookingforserendip.com\/?page_id=2889"},"modified":"2020-11-20T14:34:59","modified_gmt":"2020-11-20T13:34:59","slug":"top-5-livres","status":"publish","type":"page","link":"https:\/\/www.lookingforserendip.com\/index.php\/top-5-livres\/","title":{"rendered":"Top 10 &#8211; Livres"},"content":{"rendered":"<p><em>Difficile d&#8217;en choisir 10, mais bon, c&#8217;est le principe d&#8217;un top 10.\u00a0<\/em><em>La plupart sont disponibles en format poche, pratique pour les emmener partout !<\/em><\/p>\n<ul>\n<li><strong>Tous les livres de Julien Blanc-Gras !<\/strong><\/li>\n<\/ul>\n<p>Je vous recommande fortement cet auteur, dont je pourrai citer des dizaines et des dizaines de passages &#8230; C&#8217;est la premi\u00e8re fois que j&#8217;appr\u00e9cie autant un style d&#8217;\u00e9criture. Il donne une impression de proximit\u00e9 avec ses lecteurs qui ferait presque na\u00eetre une complicit\u00e9. Il d\u00e9crit ses voyages avec beaucoup d&#8217;humour, on ne s&#8217;ennui jamais. Il nous fait vivre ses aventures comme il les vit, sans en rajouter et avec une modestie et une humilit\u00e9 remarquable. A LIRE D&#8217;URGENCE !<\/p>\n<ul>\n<li><strong>Le monde comme il me parle &#8211; Olivier De Kersauson<\/strong><\/li>\n<\/ul>\n<p>Un livre autobiographique o\u00f9 le navigateur se livre avec le franc parl\u00e9 qu&#8217;on lui connait. L&#8217;histoire extraordinaire d&#8217;un homme en qu\u00eate perp\u00e9tuelle d&#8217;aventures et de v\u00e9rit\u00e9, loin du monde des terriens. Je me retrouve dans sa perception du monde et sa mani\u00e8re de l\u2019appr\u00e9hender<\/p>\n<ul>\n<li><strong>Merci d&#8217;avoir surv\u00e9cu &#8211; Henri Borlant<\/strong><\/li>\n<\/ul>\n<p>Un livre autobiographique poignant sur l&#8217;histoire de cet homme, d\u00e9port\u00e9 alors qu&#8217;il \u00e9tait adolescent &#8230; Il y d\u00e9crit son quotidien avec pr\u00e9cision et retenu. Un t\u00e9moignage simple et juste, sans jamais s&#8217;apitoyer sur son sort.<\/p>\n<ul>\n<li><strong>Un sentiment plus fort que la peur &#8211; Marc Levy<\/strong><\/li>\n<\/ul>\n<p>J&#8217;ai lu du Marc Levy ! A vrai dire, j&#8217;y \u00e9tais pas du tout destin\u00e9, j&#8217;ai trouv\u00e9 ce livre dans l&#8217;auberge o\u00f9 je travaillais \u00e0 Koh Phangan, Tha\u00eflande &#8230; C&#8217;\u00e9tait le seul livre en Fran\u00e7ais, alors j&#8217;ai commenc\u00e9 sans conviction et je me suis rapidement pris au jeu. C&#8217;est un roman plein de rebondissement, l&#8217;intrigue est haletante et les personnages attachants. Un style d&#8217;\u00e9criture accessible \u00e0 tous &#8230; bref, \u00e7a se lit tr\u00e8s facilement !<\/p>\n<ul>\n<li>\n<div class=\"kno-ecr-pt kno-fb-ctx _sdf\"><strong>La v\u00e9ritable histoire d&#8217;Ernesto Guevara &#8211;\u00a0Pierre Rigoulot<\/strong><\/div>\n<\/li>\n<\/ul>\n<p>Tout est dans le titre &#8230; Il s&#8217;agit de l&#8217;histoire de cet homme que tout le monde connait, ou plut\u00f4t que tout le monde pense conna\u00eetre. J&#8217;ai toujours voulu voir plus loin que cette image d&#8217;icone anti-capitaliste qu&#8217;on voit sur des t-shirt. Allez au del\u00e0 du mythe pour en savoir plus sur l&#8217;homme, ses motivations et ses d\u00e9mons. Un livre tr\u00e8s instructif et une enqu\u00eate pouss\u00e9e.<\/p>\n<ul>\n<li><strong>Terrorisme, les sept piliers de la d\u00e9raison &#8211; Marc Tr\u00e9vidic<\/strong><\/li>\n<\/ul>\n<p>L&#8217;auteur a \u00e9t\u00e9 juge d&#8217;instruction au TGI de Paris au p\u00f4le antiterrorisme de 2006 \u00e0 2015. Il connait parfaitement son sujet. Ce livre explore le ph\u00e9nom\u00e8ne djihadiste avec pr\u00e9cision, justesse et simplicit\u00e9. Les nombreux &#8220;cas pratique&#8221; illustre parfaitement chaque \u00e9tapes. Un ouvrage incontournable.<\/p>\n<ul>\n<li><strong>Dans les for\u00eats de Sib\u00e9rie &#8211; Sylvain Tesson<\/strong><\/li>\n<\/ul>\n<p>Un auteur que j&#8217;aime particuli\u00e8rement. Un livre empreint de r\u00e9flexions plus ou moins profondes. Pour vous faire une id\u00e9e du personnage, je vous recommande fortement un des ses passages dans l&#8217;\u00e9mission <a href=\"https:\/\/www.youtube.com\/watch?v=4MoI_aCZcaE\">&#8220;On n&#8217;est pas couch\u00e9&#8221;.<\/a><\/p>\n<ul>\n<li><strong>Patients &#8211; Grand Corps Malade<\/strong><\/li>\n<\/ul>\n<p>Tout le monde (ou presque) le connais par ses chansons. Dans ce livre, il raconte son histoire, celle d&#8217;un homme bless\u00e9 qui d\u00e9couvre le milieu hospitalier et la r\u00e9\u00e9ducation. Il nous d\u00e9crit l&#8217;envers du d\u00e9cors sans concession, avec beaucoup d&#8217;humour et sans jamais se laisser abattre. Une le\u00e7on de vie qui se lit tr\u00e8s facilement.<\/p>\n<ul>\n<li><strong>Avant d&#8217;aller dormir chez vous &#8211; Antoine De Maximy\u00a0<\/strong><\/li>\n<\/ul>\n<p>Fan de son \u00e9mission &#8220;j&#8217;irai dormir chez vous&#8221;, c&#8217;est tout naturellement que je me suis tourn\u00e9 vers ce livre pour en savoir plus sur l&#8217;homme. Et je n&#8217;ai pas \u00e9t\u00e9 d\u00e9\u00e7u, quelle parcours ! Plein d&#8217;audace, de coups de poker et d&#8217;aventures extraordinaires. Vraiment un tr\u00e8s bon moment !<\/p>\n<ul>\n<li><strong>Marion, 13 ans pour toujours &#8211; Nora Fraisse<\/strong><\/li>\n<\/ul>\n<p>Un livre bouleversant qui traite du harc\u00e8lement \u00e0 l&#8217;\u00e9cole. Marion, 13 ans, s&#8217;est pendue dans sa chambre &#8230; Sa m\u00e8re t\u00e9moigne dans ce livre poignant qui tire la sonnette d&#8217;alarme sur un sujet laiss\u00e9 de c\u00f4t\u00e9 depuis plusieurs ann\u00e9es.<\/p>\n","protected":false},"excerpt":{"rendered":"<p>Difficile d&#8217;en choisir 10, mais bon, c&#8217;est le principe d&#8217;un top 10.\u00a0La plupart sont disponibles en format poche, pratique pour les emmener partout ! Tous les livres de Julien Blanc-Gras ! Je vous recommande fortement cet auteur, dont je pourrai citer des dizaines et des dizaines de passages &#8230; C&#8217;est la premi\u00e8re fois que j&#8217;appr\u00e9cie [&hellip;]<\/p>\n","protected":false},"author":2,"featured_media":0,"parent":0,"menu_order":0,"comment_status":"closed","ping_status":"closed","template":"","meta":{"footnotes":""},"categories":[53],"tags":[],"class_list":["post-2889","page","type-page","status-publish","hentry","category-conseils"],"_links":{"self":[{"href":"https:\/\/www.lookingforserendip.com\/index.php\/wp-json\/wp\/v2\/pages\/2889","targetHints":{"allow":["GET"]}}],"collection":[{"href":"https:\/\/www.lookingforserendip.com\/index.php\/wp-json\/wp\/v2\/pages"}],"about":[{"href":"https:\/\/www.lookingforserendip.com\/index.php\/wp-json\/wp\/v2\/types\/page"}],"author":[{"embeddable":true,"href":"https:\/\/www.lookingforserendip.com\/index.php\/wp-json\/wp\/v2\/users\/2"}],"replies":[{"embeddable":true,"href":"https:\/\/www.lookingforserendip.com\/index.php\/wp-json\/wp\/v2\/comments?post=2889"}],"version-history":[{"count":2,"href":"https:\/\/www.lookingforserendip.com\/index.php\/wp-json\/wp\/v2\/pages\/2889\/revisions"}],"predecessor-version":[{"id":4585,"href":"https:\/\/www.lookingforserendip.com\/index.php\/wp-json\/wp\/v2\/pages\/2889\/revisions\/4585"}],"wp:attachment":[{"href":"https:\/\/www.lookingforserendip.com\/index.php\/wp-json\/wp\/v2\/media?parent=2889"}],"wp:term":[{"taxonomy":"category","embeddable":true,"href":"https:\/\/www.lookingforserendip.com\/index.php\/wp-json\/wp\/v2\/categories?post=2889"},{"taxonomy":"post_tag","embeddable":true,"href":"https:\/\/www.lookingforserendip.com\/index.php\/wp-json\/wp\/v2\/tags?post=2889"}],"curies":[{"name":"wp","href":"https:\/\/api.w.org\/{rel}","templated":true}]}}