{"id":3187,"date":"2017-07-24T16:00:01","date_gmt":"2017-07-24T15:00:01","guid":{"rendered":"http:\/\/lookingforserendip.com\/?page_id=3187"},"modified":"2020-11-20T14:38:11","modified_gmt":"2020-11-20T13:38:11","slug":"comment-eviter-les-arnaques","status":"publish","type":"page","link":"https:\/\/www.lookingforserendip.com\/index.php\/comment-eviter-les-arnaques\/","title":{"rendered":"Comment \u00e9viter les arnaques ?"},"content":{"rendered":"<p><em>J&#8217;\u00e9cris cet article suite a un reportage de enqu\u00eate exclusive, &#8220;les arnaques des vacances&#8221;.<\/em><\/p>\n<p>Ici, je me concentrerai sur les arnaques les plus courantes une fois que vous \u00eates sur place.<\/p>\n<ul>\n<li><strong>LA R\u00e8gle d&#8217;or que j&#8217;applique syst\u00e9matiquement<\/strong><\/li>\n<\/ul>\n<p><strong>Ne jamais r\u00e9pondre \u00e0 quelqu&#8217;un que vous n&#8217;avez pas sollicit\u00e9.<\/strong>\u00a0Ne jamais croire ce qu&#8217;un sombre vendeur, taxi ou tuk-tuk vous raconte, ils sont pr\u00eat \u00e0 tout, surtout \u00e0 mentir.<\/p>\n<p>Quelques solutions :<\/p>\n<ul>\n<li><strong>Demander conseil \u00e0 des personnes qui ne sont pas en contact constant avec les touristes<\/strong>, qui n&#8217;ont pas d&#8217;int\u00e9r\u00eat \u00e0 vous duper. \u00c9vitez p\u00eale-m\u00eale; les taxis, les tuk-tuks, les agences de voyages, les h\u00f4tels &#8230; \u00a0 Demander \u00e0 des locaux dans la rue, sur les march\u00e9s &#8230; Des personnes lambda. Si possible <strong>essayez d&#8217;avoir 2 ou 3 avis<\/strong>, car certaines personnes disent n&#8217;importe quoi (dans certain pays il est mal vu de dire &#8220;je ne sais pas&#8221;).<\/li>\n<li>Les lieux les plus fr\u00e9quent\u00e9s sont souvent desservit par des <strong>transports publics<\/strong> qui co\u00fbtent tr\u00e8s peu cher. Dans beaucoup de pays, une personne \u00e0 bord s&#8217;occupe de vous vendre un ticket, dans cette situation, arrangez vous pour conna\u00eetre le prix avant d&#8217;avoir a faire \u00e0 lui &#8230; \u00c7a \u00e9vite de payer plus que la normale.<\/li>\n<li>Ne <strong>jamais s&#8217;adresser \u00e0 des agences de voyages<\/strong>, surtout celles qui sont situ\u00e9es dans des h\u00f4tels ou des auberges.<\/li>\n<li>Le mieux est de <strong>se rendre sur place<\/strong>, &#8220;\u00e0 la source&#8221;. Pour le transport, allez directement \u00e0 la gare (<strong>attention parfois il y a plusieurs gares routi\u00e8res<\/strong>, certaines disposent seulement de bus modernes tout confort et donc beaucoup plus cher). Pour les attractions touristiques, g\u00e9n\u00e9ralement les prix suivent une grille tarifaire d\u00e9finit.<\/li>\n<li>Les solutions les plus simples et les plus accessibles sont toujours les plus gros pi\u00e8ges.<\/li>\n<li><strong>Rechercher les solutions collectives<\/strong>. Pour cela, si vous \u00eates seul ou \u00e0 deux, vous pouvez ais\u00e9ment trouver des compagnons de voyage dans votre auberge et planifier une journ\u00e9e. Vous pouvez aussi utiliser <strong>l&#8217;application &#8220;hangout&#8221; de couchsurfing<\/strong> qui permet de rechercher des gens avec qui passer un moment (visiter, boire un verre &#8230;), la g\u00e9olocalisation permet de voir les couchsurfers proche de vous et leurs profils.<\/li>\n<li>Toujours avoir une id\u00e9e du <strong>taux de change<\/strong>.<\/li>\n<li>Regarder des sites comme\u00a0<a href=\"http:\/\/wikitravel.org\/en\/Main_Page\">wikitravel<\/a>,\u00a0<a href=\"http:\/\/hitchwiki.org\/en\/Main_Page\">hitchwiki<\/a> (le guide utlime de l&#8217;auto-stoppeur qui regorge d&#8217;informations) ou encore et toujours <a href=\"https:\/\/www.couchsurfing.com\/\">couchsurfing<\/a> (rechercher ou demander une information sur les forums).<\/li>\n<li><strong>Moins y&#8217;a de touristes, mieux c&#8217;est<\/strong> &#8230; Si vous \u00eates dans un bus remplit de touristes avec peu de locaux c&#8217;est s\u00fbrement pas la solution optimale ! Je ne compte plus les fois o\u00f9 j&#8217;\u00e9tais le seul touriste \u00e0 bord.<\/li>\n<\/ul>\n<p>&nbsp;<\/p>\n<p>&nbsp;<\/p>\n","protected":false},"excerpt":{"rendered":"<p>J&#8217;\u00e9cris cet article suite a un reportage de enqu\u00eate exclusive, &#8220;les arnaques des vacances&#8221;. Ici, je me concentrerai sur les arnaques les plus courantes une fois que vous \u00eates sur place. LA R\u00e8gle d&#8217;or que j&#8217;applique syst\u00e9matiquement Ne jamais r\u00e9pondre \u00e0 quelqu&#8217;un que vous n&#8217;avez pas sollicit\u00e9.\u00a0Ne jamais croire ce qu&#8217;un sombre vendeur, taxi ou [&hellip;]<\/p>\n","protected":false},"author":2,"featured_media":0,"parent":0,"menu_order":0,"comment_status":"closed","ping_status":"closed","template":"","meta":{"footnotes":""},"categories":[53],"tags":[],"class_list":["post-3187","page","type-page","status-publish","hentry","category-conseils"],"_links":{"self":[{"href":"https:\/\/www.lookingforserendip.com\/index.php\/wp-json\/wp\/v2\/pages\/3187","targetHints":{"allow":["GET"]}}],"collection":[{"href":"https:\/\/www.lookingforserendip.com\/index.php\/wp-json\/wp\/v2\/pages"}],"about":[{"href":"https:\/\/www.lookingforserendip.com\/index.php\/wp-json\/wp\/v2\/types\/page"}],"author":[{"embeddable":true,"href":"https:\/\/www.lookingforserendip.com\/index.php\/wp-json\/wp\/v2\/users\/2"}],"replies":[{"embeddable":true,"href":"https:\/\/www.lookingforserendip.com\/index.php\/wp-json\/wp\/v2\/comments?post=3187"}],"version-history":[{"count":2,"href":"https:\/\/www.lookingforserendip.com\/index.php\/wp-json\/wp\/v2\/pages\/3187\/revisions"}],"predecessor-version":[{"id":4573,"href":"https:\/\/www.lookingforserendip.com\/index.php\/wp-json\/wp\/v2\/pages\/3187\/revisions\/4573"}],"wp:attachment":[{"href":"https:\/\/www.lookingforserendip.com\/index.php\/wp-json\/wp\/v2\/media?parent=3187"}],"wp:term":[{"taxonomy":"category","embeddable":true,"href":"https:\/\/www.lookingforserendip.com\/index.php\/wp-json\/wp\/v2\/categories?post=3187"},{"taxonomy":"post_tag","embeddable":true,"href":"https:\/\/www.lookingforserendip.com\/index.php\/wp-json\/wp\/v2\/tags?post=3187"}],"curies":[{"name":"wp","href":"https:\/\/api.w.org\/{rel}","templated":true}]}}