{"id":3405,"date":"2017-08-01T15:33:55","date_gmt":"2017-08-01T14:33:55","guid":{"rendered":"http:\/\/lookingforserendip.com\/?page_id=3405"},"modified":"2020-11-20T14:32:53","modified_gmt":"2020-11-20T13:32:53","slug":"les-10-choses-a-mettre-dans-votre-sac-et-votre-pharmacie","status":"publish","type":"page","link":"https:\/\/www.lookingforserendip.com\/index.php\/les-10-choses-a-mettre-dans-votre-sac-et-votre-pharmacie\/","title":{"rendered":"Les 10 choses \u00e0 mettre dans votre sac et votre pharmacie"},"content":{"rendered":"<p><strong>Dans ma valise j&#8217;ai &#8230;<\/strong><\/p>\n<ul>\n<li><strong>De la corde<\/strong><\/li>\n<\/ul>\n<p>C&#8217;est toujours utile d&#8217;avoir un morceau de corde, pour attacher votre sac \u00e0 dos sur le toit d&#8217;un minibus ou pour \u00e9tendre votre linge par exemple.<\/p>\n<ul>\n<li><strong>1 cadenas<\/strong><\/li>\n<\/ul>\n<p>Il vous sera utile dans les auberges pour fermer le compartiment qui vous permet de stocker vos affaires.<\/p>\n<ul>\n<li><strong>1 balle de squash<\/strong><\/li>\n<\/ul>\n<p>Elle vous permettra d&#8217;obstruer un \u00e9vier dont le bouchon est manquant (\u00e7a arrive souvent).<\/p>\n<ul>\n<li><strong>1 batterie de secours<\/strong><\/li>\n<\/ul>\n<p>Elle vous permettra de recharger un t\u00e9l\u00e9phone qui meurt.<\/p>\n<ul>\n<li><strong>1 stylo et un petit carnet<\/strong><\/li>\n<\/ul>\n<p>Vous allez forc\u00e9ment avoir besoin d&#8217;\u00e9crire. Pour \u00e7a, le mieux reste d&#8217;avoir un stylo \u00e0 port\u00e9 de main, \u00e7a \u00e9vite de sortir son t\u00e9l\u00e9phone.<\/p>\n<ul>\n<li><strong>Des photos de famille \/ amis<\/strong><\/li>\n<\/ul>\n<p>\u00c7a aide pour \u00e9changer et c&#8217;est plus pratique que de sortir son t\u00e9l\u00e9phone ou son ordinateur.<\/p>\n<ul>\n<li><strong>1 feutre ind\u00e9l\u00e9bile<\/strong><\/li>\n<\/ul>\n<p>Si vous faites de l\u2019auto-stoppe il vous sera forc\u00e9ment utile (sinon non \ud83d\ude42 ).<\/p>\n<ul>\n<li><strong>1 couverture de survie<\/strong><\/li>\n<\/ul>\n<p>Comme dis Christophe Ma\u00e9 &#8230; &#8220;Parce qu&#8217;on ne sait jamais&#8221;.<\/p>\n<ul>\n<li><strong>1 couteau<\/strong><\/li>\n<\/ul>\n<p>Parce que \u00e7a peut servir \u00e0 n&#8217;importe quoi &#8230;<\/p>\n<ul>\n<li><strong>1 sac herm\u00e9tique\u00a0<\/strong><\/li>\n<\/ul>\n<p>Faites une r\u00e9serve \u00e0 l&#8217;a\u00e9roport ! Ils vous seront toujours utile pour conserver des aliments, mettre vous affaires de toilette, mettre des trucs importants pour pas qu&#8217;ils soient mouill\u00e9s &#8230;<\/p>\n<p>&nbsp;<\/p>\n<p><strong>Dans ma trousse de secours j&#8217;ai &#8230;<\/strong><\/p>\n<ul>\n<li><strong>Efferalgan \/ doliprane<\/strong> : pour la t\u00eate, les douleurs &#8230; Bref du parac\u00e9tamol quoi !<\/li>\n<li><strong>Pommade aur\u00e9omycine<\/strong> : pommade antibiotique pour le traitement de certaines infections de la peau.<\/li>\n<li><strong>Biafine \/ senophile<\/strong> : pareil mais pour traiter lorsqu&#8217;il n&#8217;y a pas d&#8217;infection (br\u00fblure, frottement, peau s\u00e8che &#8230;).<\/li>\n<li><strong>antihistaminique<\/strong> : pour les sombres r\u00e9actions allergiques.<\/li>\n<li><strong>Smecta<\/strong> : pansement intestinal<\/li>\n<li><strong>Imodium<\/strong> : anti diarrh\u00e9ique<\/li>\n<li><strong>Meteospasmyl<\/strong> : exit les ballonnements et les maux de ventre &#8230; Fonctionne bien.<\/li>\n<li><strong>Melatonine<\/strong> : pour s&#8217;endormir &#8230; &#8220;Hormone du sommeil&#8221;, elle est naturellement s\u00e9cr\u00e9t\u00e9e par notre corps. Perso j&#8217;ach\u00e8te les cachets dos\u00e9s \u00e0 1,9g et \u00e7a fonctionne.<\/li>\n<li><strong>Un antiseptique<\/strong> : cr\u00e8me, vaporisateur, liquide &#8230; Peut importe le flacon !<\/li>\n<li><strong>Quelques pansements<\/strong> : pour panser<\/li>\n<\/ul>\n<p>&nbsp;<\/p>\n<p>&nbsp;<\/p>\n<p>&nbsp;<\/p>\n<p>&nbsp;<\/p>\n<p>&nbsp;<\/p>\n","protected":false},"excerpt":{"rendered":"<p>Dans ma valise j&#8217;ai &#8230; De la corde C&#8217;est toujours utile d&#8217;avoir un morceau de corde, pour attacher votre sac \u00e0 dos sur le toit d&#8217;un minibus ou pour \u00e9tendre votre linge par exemple. 1 cadenas Il vous sera utile dans les auberges pour fermer le compartiment qui vous permet de stocker vos affaires. 1 [&hellip;]<\/p>\n","protected":false},"author":2,"featured_media":0,"parent":0,"menu_order":0,"comment_status":"closed","ping_status":"closed","template":"","meta":{"footnotes":""},"categories":[53],"tags":[],"class_list":["post-3405","page","type-page","status-publish","hentry","category-conseils"],"_links":{"self":[{"href":"https:\/\/www.lookingforserendip.com\/index.php\/wp-json\/wp\/v2\/pages\/3405","targetHints":{"allow":["GET"]}}],"collection":[{"href":"https:\/\/www.lookingforserendip.com\/index.php\/wp-json\/wp\/v2\/pages"}],"about":[{"href":"https:\/\/www.lookingforserendip.com\/index.php\/wp-json\/wp\/v2\/types\/page"}],"author":[{"embeddable":true,"href":"https:\/\/www.lookingforserendip.com\/index.php\/wp-json\/wp\/v2\/users\/2"}],"replies":[{"embeddable":true,"href":"https:\/\/www.lookingforserendip.com\/index.php\/wp-json\/wp\/v2\/comments?post=3405"}],"version-history":[{"count":2,"href":"https:\/\/www.lookingforserendip.com\/index.php\/wp-json\/wp\/v2\/pages\/3405\/revisions"}],"predecessor-version":[{"id":4579,"href":"https:\/\/www.lookingforserendip.com\/index.php\/wp-json\/wp\/v2\/pages\/3405\/revisions\/4579"}],"wp:attachment":[{"href":"https:\/\/www.lookingforserendip.com\/index.php\/wp-json\/wp\/v2\/media?parent=3405"}],"wp:term":[{"taxonomy":"category","embeddable":true,"href":"https:\/\/www.lookingforserendip.com\/index.php\/wp-json\/wp\/v2\/categories?post=3405"},{"taxonomy":"post_tag","embeddable":true,"href":"https:\/\/www.lookingforserendip.com\/index.php\/wp-json\/wp\/v2\/tags?post=3405"}],"curies":[{"name":"wp","href":"https:\/\/api.w.org\/{rel}","templated":true}]}}