{"id":3862,"date":"2017-09-02T23:45:28","date_gmt":"2017-09-02T21:45:28","guid":{"rendered":"https:\/\/www.lookingforserendip.com\/?page_id=3862"},"modified":"2020-11-20T14:32:19","modified_gmt":"2020-11-20T13:32:19","slug":"le-guide-du-couchsurfer","status":"publish","type":"page","link":"https:\/\/www.lookingforserendip.com\/index.php\/le-guide-du-couchsurfer\/","title":{"rendered":"Le guide du Couchsurfer"},"content":{"rendered":"\n<style type=\"text\/css\" data-created_by=\"avia_inline_auto\" id=\"style-css-av-av_one_full-6126cab7d8fab8d08143dd2dacdf673c\">\n.flex_column.av-av_one_full-6126cab7d8fab8d08143dd2dacdf673c{\nborder-radius:0px 0px 0px 0px;\npadding:0px 0px 0px 0px;\n}\n<\/style>\n<div  class='flex_column av-av_one_full-6126cab7d8fab8d08143dd2dacdf673c av_one_full  avia-builder-el-0  el_before_av_one_full  avia-builder-el-first  first flex_column_div av-zero-column-padding  '     ><p>\n<style type=\"text\/css\" data-created_by=\"avia_inline_auto\" id=\"style-css-av-av_heading-53d937391e279d9bd205c9df285a01ea\">\n#top .av-special-heading.av-av_heading-53d937391e279d9bd205c9df285a01ea{\npadding-bottom:10px;\n}\nbody .av-special-heading.av-av_heading-53d937391e279d9bd205c9df285a01ea .av-special-heading-tag .heading-char{\nfont-size:25px;\n}\n.av-special-heading.av-av_heading-53d937391e279d9bd205c9df285a01ea .av-subheading{\nfont-size:15px;\n}\n<\/style>\n<div  class='av-special-heading av-av_heading-53d937391e279d9bd205c9df285a01ea av-special-heading-h2  avia-builder-el-1  el_before_av_textblock  avia-builder-el-first '><h2 class='av-special-heading-tag'  itemprop=\"headline\"  >Le guide du couchsurfer <\/h2><div class=\"special-heading-border\"><div class=\"special-heading-inner-border\"><\/div><\/div><\/div><br \/>\n<section  class='av_textblock_section av-av_textblock-0366cc7376be6c9e82a3e9cc8987b64f '   itemscope=\"itemscope\" itemtype=\"https:\/\/schema.org\/CreativeWork\" ><div class='avia_textblock'  itemprop=\"text\" ><p>\u00c7a fait presque 10 ans que je suis sur Couchsurfing, cette communaut\u00e9 m&#8217;a permis de me construire au travers de rencontres inoubliables, elle m&#8217;a fait gagner en tol\u00e9rance et m&#8217;a aid\u00e9 a mieux appr\u00e9hender le monde et moi m\u00eame.<\/p>\n<p>C&#8217;est une opportunit\u00e9 extra-ordinaire qui s&#8217;offre \u00e0 tout le monde. Cependant, il faut savoir la saisir. Le but de ce petit guide est d&#8217;apporter des clefs qui ne feront qu&#8217;am\u00e9liorer votre exp\u00e9rience.<\/p>\n<\/div><\/section><\/p><\/div>\n\n<style type=\"text\/css\" data-created_by=\"avia_inline_auto\" id=\"style-css-av-av_one_full-7a3090451eaf8cb5b17f1cf513667c04\">\n.flex_column.av-av_one_full-7a3090451eaf8cb5b17f1cf513667c04{\nborder-width:1px;\nborder-color:#0a0a0a;\nborder-style:solid;\nborder-radius:0px 0px 0px 0px;\npadding:0px 0px 0px 0px;\n}\n<\/style>\n<div  class='flex_column av-av_one_full-7a3090451eaf8cb5b17f1cf513667c04 av_one_full  avia-builder-el-3  el_after_av_one_full  el_before_av_heading  first flex_column_div av-zero-column-padding  column-top-margin'     ><section  class='av_textblock_section av-av_textblock-0366cc7376be6c9e82a3e9cc8987b64f '   itemscope=\"itemscope\" itemtype=\"https:\/\/schema.org\/CreativeWork\" ><div class='avia_textblock'  itemprop=\"text\" ><p><strong><span style=\"color: #ff0000;\">Pour commencer, il me semble important de pr\u00e9ciser que couchsurfing n&#8217;est PAS :<\/span><\/strong><\/p>\n<ul>\n<li><strong><span style=\"color: #ff0000;\">Un h\u00e9bergement gratuit : L&#8217;\u00e9change est au c\u0153ur de la d\u00e9marche. Pour moi c&#8217;est vraiment la d\u00e9couverte d&#8217;une culture au travers d&#8217;un individus. Il faut faire des concessions sur son programme (si programme il y a) et il faut \u00eatre dans une dynamique de rencontre (faire preuve d&#8217;int\u00e9r\u00eat, \u00eatre loquace, apprendre a conna\u00eetre la personne &#8230;).<\/span><\/strong><\/li>\n<li><strong><span style=\"color: #ff0000;\">Un site de rencontre : Pour \u00e7a il y a tinder, meetic &#8230;<\/span><\/strong><\/li>\n<li><strong><span style=\"color: #ff0000;\">Payant : L&#8217;inscription y est gratuite. Seule la certification est payante (r\u00e9ception d&#8217;une carte postale avec un code qui certifie que vous \u00eates bien la bonne personne \u00e0 la bonne adresse)<\/span><\/strong><\/li>\n<\/ul>\n<\/div><\/section><\/div>\n\n<style type=\"text\/css\" data-created_by=\"avia_inline_auto\" id=\"style-css-av-av_heading-eb06a9c8c23087068f57c06527ffa0a8\">\n#top .av-special-heading.av-av_heading-eb06a9c8c23087068f57c06527ffa0a8{\npadding-bottom:10px;\n}\nbody .av-special-heading.av-av_heading-eb06a9c8c23087068f57c06527ffa0a8 .av-special-heading-tag .heading-char{\nfont-size:25px;\n}\n.av-special-heading.av-av_heading-eb06a9c8c23087068f57c06527ffa0a8 .av-subheading{\nfont-size:15px;\n}\n<\/style>\n<div  class='av-special-heading av-av_heading-eb06a9c8c23087068f57c06527ffa0a8 av-special-heading-h2  avia-builder-el-5  el_after_av_one_full  el_before_av_textblock '><h2 class='av-special-heading-tag'  itemprop=\"headline\"  >Se mettre dans les meilleures dispositions<\/h2><div class=\"special-heading-border\"><div class=\"special-heading-inner-border\"><\/div><\/div><\/div>\n<section  class='av_textblock_section av-av_textblock-0366cc7376be6c9e82a3e9cc8987b64f '   itemscope=\"itemscope\" itemtype=\"https:\/\/schema.org\/CreativeWork\" ><div class='avia_textblock'  itemprop=\"text\" ><ul>\n<li><strong>Rechercher LA bonne personne<\/strong>\n<ul>\n<li>Tout est une histoire de rencontre, il s&#8217;agit donc de rechercher la personne avec laquelle on est susceptible d&#8217;avoir le plus d&#8217;atomes crochus. Plus la personne nous semble proche, plus le pourcentage de r\u00e9ussite de l&#8217;exp\u00e9rience est grand.<\/li>\n<li>Envoyez des demandes personnalis\u00e9es ! C&#8217;est un point tr\u00e8s important et non n\u00e9gligeable. G\u00e9n\u00e9ralement, ma structure est la suivante : 1- Je me d\u00e9crit succinctement (1 ou 2 lignes) et je pr\u00e9cise mes dates. 2- J\u2019\u00e9nonce les raisons qui m&#8217;ont pouss\u00e9es \u00e0 choisir cette personne. 3- Je pr\u00e9cise mes plans et mes envies si il y en a. 4- Je conclus.<\/li>\n<\/ul>\n<\/li>\n<\/ul>\n<ul>\n<li><strong style=\"line-height: inherit;\">D\u00e9lais<\/strong>\n<ul>\n<li>J&#8217;essaye d&#8217;envoyer mes premi\u00e8res demandes environ 5 jours avant mon arriv\u00e9e.\n<ul>\n<li>J-5 : 3 ou 4 demandes cibl\u00e9es.<\/li>\n<li>J-3 (si pas de r\u00e9ponses) : 3 ou 4 demandes \u00e9largis<\/li>\n<li>J-2 ou 1 (si pas de r\u00e9ponses) : Je poste une demande publique avec mon num\u00e9ro de t\u00e9l\u00e9phone. La plupart des villes ont un groupe d\u00e9di\u00e9 appel\u00e9 &#8220;emergency couch request&#8221;, si il n&#8217;y en a pas, il est possible de lancer une nouvelle discussion.<\/li>\n<\/ul>\n<\/li>\n<\/ul>\n<\/li>\n<\/ul>\n<ul>\n<li><strong><span style=\"line-height: inherit;\">Rechercher un h\u00f4te avec efficacit\u00e9<\/span><\/strong>\n<ol>\n<li>\u00c7a coule de source mais veillez a avoir un profil complet et fourni.<\/li>\n<li>Je classe les profils par derni\u00e8re connexion (au cours de la derni\u00e8re semaine plut\u00f4t que des derni\u00e8res 24h puisque parfois \u00e7a affiche 3 jours mais lorsqu&#8217;on visite le profil la derni\u00e8re connexion date de quelques heures). Le fait d&#8217;utiliser ce crit\u00e8re vous permet de voir les h\u00f4tes actifs susceptible de vous r\u00e9pondre rapidement.<\/li>\n<li>J&#8217;utilise les crit\u00e8res qui me semblent importants (par exemple, chambre priv\u00e9e ou accessibilit\u00e9 handicap\u00e9).<\/li>\n<li>Je rep\u00e8re les informations clefs du profil qui me permettrons d&#8217;\u00e9laborer une demande personnalis\u00e9e qui me d\u00e9marquera des autres.<\/li>\n<\/ol>\n<\/li>\n<\/ul>\n<\/div><\/section>\n\n<style type=\"text\/css\" data-created_by=\"avia_inline_auto\" id=\"style-css-av-av_heading-721b9ea3d5be6ef7022f5cf6039787e3\">\n#top .av-special-heading.av-av_heading-721b9ea3d5be6ef7022f5cf6039787e3{\npadding-bottom:10px;\n}\nbody .av-special-heading.av-av_heading-721b9ea3d5be6ef7022f5cf6039787e3 .av-special-heading-tag .heading-char{\nfont-size:25px;\n}\n.av-special-heading.av-av_heading-721b9ea3d5be6ef7022f5cf6039787e3 .av-subheading{\nfont-size:15px;\n}\n<\/style>\n<div  class='av-special-heading av-av_heading-721b9ea3d5be6ef7022f5cf6039787e3 av-special-heading-h2  avia-builder-el-7  el_after_av_textblock  el_before_av_textblock '><h2 class='av-special-heading-tag'  itemprop=\"headline\"  >Les diff\u00e9rentes facettes de couchsurfing <\/h2><div class=\"special-heading-border\"><div class=\"special-heading-inner-border\"><\/div><\/div><\/div>\n<section  class='av_textblock_section av-av_textblock-0366cc7376be6c9e82a3e9cc8987b64f '   itemscope=\"itemscope\" itemtype=\"https:\/\/schema.org\/CreativeWork\" ><div class='avia_textblock'  itemprop=\"text\" ><p>Le site n&#8217;est pas qu&#8217;une plateforme de mise en relation entre voyageurs et h\u00f4tes, c&#8217;est une v\u00e9ritable communaut\u00e9 sur laquelle on peut s&#8217;appuyer.<\/p>\n<p><strong>Les \u00e9v\u00e8nements\u00a0<\/strong><\/p>\n<p>Une multitudes d\u2019\u00e9v\u00e9nements sont organis\u00e9s (et vous pouvez aussi en poster). De la rencontre dans un bar \u00e0 une visite guid\u00e9e, en passant par un anniversaire ou un \u00e9v\u00e9nement sportif, c&#8217;est toujours int\u00e9ressant de regarder ce qu&#8217;il se passe.<\/p>\n<p>Ces \u00e9v\u00e9nements sont un formidable moyen de rencontrer des locaux et des voyageurs, passer des bons moments, r\u00e9colter de pr\u00e9cieux conseils ou trouver des compagnons de voyage.<\/p>\n<p><strong>Les discussions et conseils<\/strong><\/p>\n<p>Il est possible de consulter des discussions existantes ou en lancer de nouvelles, sur n&#8217;importe quel sujets.<\/p>\n<p>Il y a aussi beaucoup de conseils divers et vari\u00e9s qui peuvent vous aider.<\/p>\n<p><strong>L&#8217;application &#8220;Hangouts&#8221;<\/strong><\/p>\n<p>Je l&#8217;utilise tout le temps !<\/p>\n<p>C&#8217;est un volet de l&#8217;application mobile qui vous permet de g\u00e9olocaliser les couchsurfers \u00e0 proximit\u00e9 ayant activ\u00e9 la fonctionnalit\u00e9 &#8220;hangouts&#8221;. Elle vous permet de faire des rencontres instantan\u00e9es pour boire un verre, visiter la ville ou que sais-je &#8230; Faire une randonn\u00e9e. Chacun y affiche sa volont\u00e9 sur un petit statut.<\/p>\n<\/div><\/section>\n","protected":false},"excerpt":{"rendered":"","protected":false},"author":1,"featured_media":3893,"parent":0,"menu_order":0,"comment_status":"closed","ping_status":"closed","template":"","meta":{"footnotes":""},"categories":[53],"tags":[],"class_list":["post-3862","page","type-page","status-publish","has-post-thumbnail","hentry","category-conseils"],"_links":{"self":[{"href":"https:\/\/www.lookingforserendip.com\/index.php\/wp-json\/wp\/v2\/pages\/3862","targetHints":{"allow":["GET"]}}],"collection":[{"href":"https:\/\/www.lookingforserendip.com\/index.php\/wp-json\/wp\/v2\/pages"}],"about":[{"href":"https:\/\/www.lookingforserendip.com\/index.php\/wp-json\/wp\/v2\/types\/page"}],"author":[{"embeddable":true,"href":"https:\/\/www.lookingforserendip.com\/index.php\/wp-json\/wp\/v2\/users\/1"}],"replies":[{"embeddable":true,"href":"https:\/\/www.lookingforserendip.com\/index.php\/wp-json\/wp\/v2\/comments?post=3862"}],"version-history":[{"count":13,"href":"https:\/\/www.lookingforserendip.com\/index.php\/wp-json\/wp\/v2\/pages\/3862\/revisions"}],"predecessor-version":[{"id":4577,"href":"https:\/\/www.lookingforserendip.com\/index.php\/wp-json\/wp\/v2\/pages\/3862\/revisions\/4577"}],"wp:featuredmedia":[{"embeddable":true,"href":"https:\/\/www.lookingforserendip.com\/index.php\/wp-json\/wp\/v2\/media\/3893"}],"wp:attachment":[{"href":"https:\/\/www.lookingforserendip.com\/index.php\/wp-json\/wp\/v2\/media?parent=3862"}],"wp:term":[{"taxonomy":"category","embeddable":true,"href":"https:\/\/www.lookingforserendip.com\/index.php\/wp-json\/wp\/v2\/categories?post=3862"},{"taxonomy":"post_tag","embeddable":true,"href":"https:\/\/www.lookingforserendip.com\/index.php\/wp-json\/wp\/v2\/tags?post=3862"}],"curies":[{"name":"wp","href":"https:\/\/api.w.org\/{rel}","templated":true}]}}