{"id":3930,"date":"2017-09-20T16:14:16","date_gmt":"2017-09-20T14:14:16","guid":{"rendered":"https:\/\/www.lookingforserendip.com\/?page_id=3930"},"modified":"2018-01-18T11:40:01","modified_gmt":"2018-01-18T10:40:01","slug":"bresil","status":"publish","type":"page","link":"https:\/\/www.lookingforserendip.com\/index.php\/bresil\/","title":{"rendered":"Br\u00e9sil"},"content":{"rendered":"\n<style type=\"text\/css\" data-created_by=\"avia_inline_auto\" id=\"style-css-av-av_one_full-6126cab7d8fab8d08143dd2dacdf673c\">\n.flex_column.av-av_one_full-6126cab7d8fab8d08143dd2dacdf673c{\nborder-radius:0px 0px 0px 0px;\npadding:0px 0px 0px 0px;\n}\n<\/style>\n<div  class='flex_column av-av_one_full-6126cab7d8fab8d08143dd2dacdf673c av_one_full  avia-builder-el-0  avia-builder-el-no-sibling  first flex_column_div av-zero-column-padding  '     ><div  data-slideshow-options=\"{&quot;animation&quot;:&quot;fade&quot;,&quot;autoplay&quot;:false,&quot;loop_autoplay&quot;:&quot;once&quot;,&quot;interval&quot;:5,&quot;loop_manual&quot;:&quot;manual-endless&quot;,&quot;autoplay_stopper&quot;:false,&quot;noNavigation&quot;:false,&quot;show_slide_delay&quot;:90}\" class='avia-content-slider avia-content-grid-active avia-content-slider1 avia-content-slider-even  avia-builder-el-1  avia-builder-el-no-sibling  av-slideshow-ui av-control-default   av-no-slider-navigation av-slideshow-manual av-loop-once av-loop-manual-endless '  itemscope=\"itemscope\" itemtype=\"https:\/\/schema.org\/Blog\" ><div class=\"avia-content-slider-inner\"><div class=\"slide-entry-wrap\"><article class='slide-entry flex_column  post-entry post-entry-3925 slide-entry-overview slide-loop-1 slide-parity-odd  av_one_half first real-thumbnail posttype-post post-format-standard'  itemscope=\"itemscope\" itemtype=\"https:\/\/schema.org\/CreativeWork\" ><a href='https:\/\/www.lookingforserendip.com\/index.php\/2017\/09\/20\/sao-paulo-entre-visites-rencontres-et-depart-differe\/' data-rel='slide-1' class='slide-image' title='Sao Paulo &#8211; Entre visites, rencontres et d\u00e9part diff\u00e9r\u00e9'><img decoding=\"async\" fetchpriority=\"high\" width=\"495\" height=\"400\" src=\"https:\/\/www.lookingforserendip.com\/wp-content\/uploads\/2017\/09\/IMG_0810-495x400.jpg\" class=\"wp-image-3929 avia-img-lazy-loading-not-3929 attachment-portfolio size-portfolio wp-post-image\" alt=\"\" srcset=\"https:\/\/www.lookingforserendip.com\/wp-content\/uploads\/2017\/09\/IMG_0810-495x400.jpg 495w, https:\/\/www.lookingforserendip.com\/wp-content\/uploads\/2017\/09\/IMG_0810-845x684.jpg 845w\" sizes=\"(max-width: 495px) 100vw, 495px\" \/><\/a><div class=\"slide-content\"><header class=\"entry-content-header\"><span class=\"blog-categories minor-meta\"><a href=\"https:\/\/www.lookingforserendip.com\/index.php\/category\/bresil\/\" rel=\"tag\">Br\u00e9sil<\/a>, <a href=\"https:\/\/www.lookingforserendip.com\/index.php\/category\/non-classe\/\" rel=\"tag\">Non class\u00e9<\/a> <\/span><h3 class='slide-entry-title entry-title '  itemprop=\"headline\" ><a href='https:\/\/www.lookingforserendip.com\/index.php\/2017\/09\/20\/sao-paulo-entre-visites-rencontres-et-depart-differe\/' title='Sao Paulo &#8211; Entre visites, rencontres et d\u00e9part diff\u00e9r\u00e9'>Sao Paulo &#8211; Entre visites, rencontres et d\u00e9part diff\u00e9r\u00e9<\/a><\/h3><span class=\"av-vertical-delimiter\"><\/span><\/header><div class='slide-entry-excerpt entry-content'  itemprop=\"text\" >\r\n\r\n<\/div><\/div><footer class=\"entry-footer\"><div class=\"slide-meta\"><time class='slide-meta-time updated'  itemprop=\"datePublished\" datetime=\"2017-09-20T15:56:59+02:00\" >20 septembre 2017<\/time><div class=\"slide-meta-del\">\/<\/div><div class=\"slide-meta-comments\"><a href='https:\/\/www.lookingforserendip.com\/index.php\/2017\/09\/20\/sao-paulo-entre-visites-rencontres-et-depart-differe\/#respond'>0 Commentaires<\/a><\/div><\/div><\/footer><span class='hidden'>\n\t\t\t\t<span class='av-structured-data'  itemprop=\"image\" itemscope=\"itemscope\" itemtype=\"https:\/\/schema.org\/ImageObject\" >\n\t\t\t\t\t\t<span itemprop='url'>https:\/\/www.lookingforserendip.com\/wp-content\/uploads\/2017\/09\/IMG_0810.jpg<\/span>\n\t\t\t\t\t\t<span itemprop='height'>1280<\/span>\n\t\t\t\t\t\t<span itemprop='width'>959<\/span>\n\t\t\t\t<\/span>\n\t\t\t\t<span class='av-structured-data'  itemprop=\"publisher\" itemtype=\"https:\/\/schema.org\/Organization\" itemscope=\"itemscope\" >\n\t\t\t\t\t\t<span itemprop='name'>Marcassin Fou<\/span>\n\t\t\t\t\t\t<span itemprop='logo' itemscope itemtype='https:\/\/schema.org\/ImageObject'>\n\t\t\t\t\t\t\t<span itemprop='url'>https:\/\/www.lookingforserendip.com\/wp-content\/uploads\/2017\/08\/logo-raph-FINAL.jpg<\/span>\n\t\t\t\t\t\t<\/span>\n\t\t\t\t<\/span><span class='av-structured-data'  itemprop=\"author\" itemscope=\"itemscope\" itemtype=\"https:\/\/schema.org\/Person\" ><span itemprop='name'>Marcassin Fou<\/span><\/span><span class='av-structured-data'  itemprop=\"datePublished\" datetime=\"2017-09-20T16:14:16+02:00\" >2017-09-20 15:56:59<\/span><span class='av-structured-data'  itemprop=\"dateModified\" itemtype=\"https:\/\/schema.org\/dateModified\" >2017-09-20 16:25:20<\/span><span class='av-structured-data'  itemprop=\"mainEntityOfPage\" itemtype=\"https:\/\/schema.org\/mainEntityOfPage\" ><span itemprop='name'>Sao Paulo &#8211; Entre visites, rencontres et d\u00e9part diff\u00e9r\u00e9<\/span><\/span><\/span><\/article><article class='slide-entry flex_column  post-entry post-entry-3920 slide-entry-overview slide-loop-2 slide-parity-even  av_one_half  real-thumbnail posttype-post post-format-standard'  itemscope=\"itemscope\" itemtype=\"https:\/\/schema.org\/CreativeWork\" ><a href='https:\/\/www.lookingforserendip.com\/index.php\/2017\/09\/18\/bem-vindo-a-sao-paulo\/' data-rel='slide-1' class='slide-image' title='Bem vindo a Sao Paulo'><img decoding=\"async\" fetchpriority=\"high\" width=\"495\" height=\"400\" src=\"https:\/\/www.lookingforserendip.com\/wp-content\/uploads\/2017\/09\/IMG_0781-495x400.jpg\" class=\"wp-image-3921 avia-img-lazy-loading-not-3921 attachment-portfolio size-portfolio wp-post-image\" alt=\"\" srcset=\"https:\/\/www.lookingforserendip.com\/wp-content\/uploads\/2017\/09\/IMG_0781-495x400.jpg 495w, https:\/\/www.lookingforserendip.com\/wp-content\/uploads\/2017\/09\/IMG_0781-845x684.jpg 845w\" sizes=\"(max-width: 495px) 100vw, 495px\" \/><\/a><div class=\"slide-content\"><header class=\"entry-content-header\"><span class=\"blog-categories minor-meta\"><a href=\"https:\/\/www.lookingforserendip.com\/index.php\/category\/bresil\/\" rel=\"tag\">Br\u00e9sil<\/a>, <a href=\"https:\/\/www.lookingforserendip.com\/index.php\/category\/non-classe\/\" rel=\"tag\">Non class\u00e9<\/a> <\/span><h3 class='slide-entry-title entry-title '  itemprop=\"headline\" ><a href='https:\/\/www.lookingforserendip.com\/index.php\/2017\/09\/18\/bem-vindo-a-sao-paulo\/' title='Bem vindo a Sao Paulo'>Bem vindo a Sao Paulo<\/a><\/h3><span class=\"av-vertical-delimiter\"><\/span><\/header><div class='slide-entry-excerpt entry-content'  itemprop=\"text\" >\r\n\r\n<\/div><\/div><footer class=\"entry-footer\"><div class=\"slide-meta\"><time class='slide-meta-time updated'  itemprop=\"datePublished\" datetime=\"2017-09-18T16:31:19+02:00\" >18 septembre 2017<\/time><div class=\"slide-meta-del\">\/<\/div><div class=\"slide-meta-comments\"><a href='https:\/\/www.lookingforserendip.com\/index.php\/2017\/09\/18\/bem-vindo-a-sao-paulo\/#respond'>0 Commentaires<\/a><\/div><\/div><\/footer><span class='hidden'>\n\t\t\t\t<span class='av-structured-data'  itemprop=\"image\" itemscope=\"itemscope\" itemtype=\"https:\/\/schema.org\/ImageObject\" >\n\t\t\t\t\t\t<span itemprop='url'>https:\/\/www.lookingforserendip.com\/wp-content\/uploads\/2017\/09\/IMG_0781.jpg<\/span>\n\t\t\t\t\t\t<span itemprop='height'>2448<\/span>\n\t\t\t\t\t\t<span itemprop='width'>2457<\/span>\n\t\t\t\t<\/span>\n\t\t\t\t<span class='av-structured-data'  itemprop=\"publisher\" itemtype=\"https:\/\/schema.org\/Organization\" itemscope=\"itemscope\" >\n\t\t\t\t\t\t<span itemprop='name'>Marcassin Fou<\/span>\n\t\t\t\t\t\t<span itemprop='logo' itemscope itemtype='https:\/\/schema.org\/ImageObject'>\n\t\t\t\t\t\t\t<span itemprop='url'>https:\/\/www.lookingforserendip.com\/wp-content\/uploads\/2017\/08\/logo-raph-FINAL.jpg<\/span>\n\t\t\t\t\t\t<\/span>\n\t\t\t\t<\/span><span class='av-structured-data'  itemprop=\"author\" itemscope=\"itemscope\" itemtype=\"https:\/\/schema.org\/Person\" ><span itemprop='name'>Marcassin Fou<\/span><\/span><span class='av-structured-data'  itemprop=\"datePublished\" datetime=\"2017-09-20T16:14:16+02:00\" >2017-09-18 16:31:19<\/span><span class='av-structured-data'  itemprop=\"dateModified\" itemtype=\"https:\/\/schema.org\/dateModified\" >2017-09-20 16:25:20<\/span><span class='av-structured-data'  itemprop=\"mainEntityOfPage\" itemtype=\"https:\/\/schema.org\/mainEntityOfPage\" ><span itemprop='name'>Bem vindo a Sao Paulo<\/span><\/span><\/span><\/article><\/div><div class=\"slide-entry-wrap\"><article class='slide-entry flex_column  post-entry post-entry-3914 slide-entry-overview slide-loop-3 slide-parity-odd  post-entry-last  av_one_half first real-thumbnail posttype-post post-format-standard'  itemscope=\"itemscope\" itemtype=\"https:\/\/schema.org\/CreativeWork\" ><a href='https:\/\/www.lookingforserendip.com\/index.php\/2017\/09\/18\/un-debut-prometteur\/' data-rel='slide-1' class='slide-image' title='Un d\u00e9but prometteur'><img decoding=\"async\" fetchpriority=\"high\" width=\"430\" height=\"242\" src=\"https:\/\/www.lookingforserendip.com\/wp-content\/uploads\/2017\/09\/Logo_RoyalAirMaroc.png\" class=\"wp-image-3919 avia-img-lazy-loading-not-3919 attachment-portfolio size-portfolio wp-post-image\" alt=\"\" srcset=\"https:\/\/www.lookingforserendip.com\/wp-content\/uploads\/2017\/09\/Logo_RoyalAirMaroc.png 430w, https:\/\/www.lookingforserendip.com\/wp-content\/uploads\/2017\/09\/Logo_RoyalAirMaroc-300x169.png 300w\" sizes=\"(max-width: 430px) 100vw, 430px\" \/><\/a><div class=\"slide-content\"><header class=\"entry-content-header\"><span class=\"blog-categories minor-meta\"><a href=\"https:\/\/www.lookingforserendip.com\/index.php\/category\/bresil\/\" rel=\"tag\">Br\u00e9sil<\/a>, <a href=\"https:\/\/www.lookingforserendip.com\/index.php\/category\/non-classe\/\" rel=\"tag\">Non class\u00e9<\/a> <\/span><h3 class='slide-entry-title entry-title '  itemprop=\"headline\" ><a href='https:\/\/www.lookingforserendip.com\/index.php\/2017\/09\/18\/un-debut-prometteur\/' title='Un d\u00e9but prometteur'>Un d\u00e9but prometteur<\/a><\/h3><span class=\"av-vertical-delimiter\"><\/span><\/header><\/div><footer class=\"entry-footer\"><div class=\"slide-meta\"><time class='slide-meta-time updated'  itemprop=\"datePublished\" datetime=\"2017-09-18T16:31:19+02:00\" >18 septembre 2017<\/time><div class=\"slide-meta-del\">\/<\/div><div class=\"slide-meta-comments\"><a href='https:\/\/www.lookingforserendip.com\/index.php\/2017\/09\/18\/bem-vindo-a-sao-paulo\/#respond'>0 Commentaires<\/a><\/div><\/div><\/footer><span class='hidden'>\n\t\t\t\t<span class='av-structured-data'  itemprop=\"image\" itemscope=\"itemscope\" itemtype=\"https:\/\/schema.org\/ImageObject\" >\n\t\t\t\t\t\t<span itemprop='url'>https:\/\/www.lookingforserendip.com\/wp-content\/uploads\/2017\/09\/Logo_RoyalAirMaroc.png<\/span>\n\t\t\t\t\t\t<span itemprop='height'>242<\/span>\n\t\t\t\t\t\t<span itemprop='width'>430<\/span>\n\t\t\t\t<\/span>\n\t\t\t\t<span class='av-structured-data'  itemprop=\"publisher\" itemtype=\"https:\/\/schema.org\/Organization\" itemscope=\"itemscope\" >\n\t\t\t\t\t\t<span itemprop='name'>Marcassin Fou<\/span>\n\t\t\t\t\t\t<span itemprop='logo' itemscope itemtype='https:\/\/schema.org\/ImageObject'>\n\t\t\t\t\t\t\t<span itemprop='url'>https:\/\/www.lookingforserendip.com\/wp-content\/uploads\/2017\/08\/logo-raph-FINAL.jpg<\/span>\n\t\t\t\t\t\t<\/span>\n\t\t\t\t<\/span><span class='av-structured-data'  itemprop=\"author\" itemscope=\"itemscope\" itemtype=\"https:\/\/schema.org\/Person\" ><span itemprop='name'>Marcassin Fou<\/span><\/span><span class='av-structured-data'  itemprop=\"datePublished\" datetime=\"2017-09-20T16:14:16+02:00\" >2017-09-18 16:22:31<\/span><span class='av-structured-data'  itemprop=\"dateModified\" itemtype=\"https:\/\/schema.org\/dateModified\" >2017-09-20 16:25:20<\/span><span class='av-structured-data'  itemprop=\"mainEntityOfPage\" itemtype=\"https:\/\/schema.org\/mainEntityOfPage\" ><span itemprop='name'>Un d\u00e9but prometteur<\/span><\/span><\/span><\/article><\/div><\/div><\/div><\/div>\n","protected":false},"excerpt":{"rendered":"","protected":false},"author":1,"featured_media":0,"parent":0,"menu_order":0,"comment_status":"closed","ping_status":"closed","template":"","meta":{"footnotes":""},"categories":[],"tags":[],"class_list":["post-3930","page","type-page","status-publish","hentry"],"_links":{"self":[{"href":"https:\/\/www.lookingforserendip.com\/index.php\/wp-json\/wp\/v2\/pages\/3930","targetHints":{"allow":["GET"]}}],"collection":[{"href":"https:\/\/www.lookingforserendip.com\/index.php\/wp-json\/wp\/v2\/pages"}],"about":[{"href":"https:\/\/www.lookingforserendip.com\/index.php\/wp-json\/wp\/v2\/types\/page"}],"author":[{"embeddable":true,"href":"https:\/\/www.lookingforserendip.com\/index.php\/wp-json\/wp\/v2\/users\/1"}],"replies":[{"embeddable":true,"href":"https:\/\/www.lookingforserendip.com\/index.php\/wp-json\/wp\/v2\/comments?post=3930"}],"version-history":[{"count":5,"href":"https:\/\/www.lookingforserendip.com\/index.php\/wp-json\/wp\/v2\/pages\/3930\/revisions"}],"predecessor-version":[{"id":4152,"href":"https:\/\/www.lookingforserendip.com\/index.php\/wp-json\/wp\/v2\/pages\/3930\/revisions\/4152"}],"wp:attachment":[{"href":"https:\/\/www.lookingforserendip.com\/index.php\/wp-json\/wp\/v2\/media?parent=3930"}],"wp:term":[{"taxonomy":"category","embeddable":true,"href":"https:\/\/www.lookingforserendip.com\/index.php\/wp-json\/wp\/v2\/categories?post=3930"},{"taxonomy":"post_tag","embeddable":true,"href":"https:\/\/www.lookingforserendip.com\/index.php\/wp-json\/wp\/v2\/tags?post=3930"}],"curies":[{"name":"wp","href":"https:\/\/api.w.org\/{rel}","templated":true}]}}