{"id":3963,"date":"2017-09-27T16:08:31","date_gmt":"2017-09-27T14:08:31","guid":{"rendered":"https:\/\/www.lookingforserendip.com\/?page_id=3963"},"modified":"2021-04-07T15:43:16","modified_gmt":"2021-04-07T13:43:16","slug":"jaimerai-faire-toi","status":"publish","type":"page","link":"https:\/\/www.lookingforserendip.com\/index.php\/jaimerai-faire-toi\/","title":{"rendered":"J&#8217;aimerai faire comme toi &#8230;"},"content":{"rendered":"\n<style type=\"text\/css\" data-created_by=\"avia_inline_auto\" id=\"style-css-av-av_heading-7218e8c6dbefa25d72d15ab5230e1808\">\n#top .av-special-heading.av-av_heading-7218e8c6dbefa25d72d15ab5230e1808{\npadding-bottom:10px;\n}\nbody .av-special-heading.av-av_heading-7218e8c6dbefa25d72d15ab5230e1808 .av-special-heading-tag .heading-char{\nfont-size:25px;\n}\n.av-special-heading.av-av_heading-7218e8c6dbefa25d72d15ab5230e1808 .av-subheading{\nfont-size:15px;\n}\n<\/style>\n<div  class='av-special-heading av-av_heading-7218e8c6dbefa25d72d15ab5230e1808 av-special-heading-h2  avia-builder-el-0  el_before_av_textblock  avia-builder-el-first '><h2 class='av-special-heading-tag'  itemprop=\"headline\"  >J\u2019aimerai faire comme toi<\/h2><div class=\"special-heading-border\"><div class=\"special-heading-inner-border\"><\/div><\/div><\/div>\n<section  class='av_textblock_section av-av_textblock-0366cc7376be6c9e82a3e9cc8987b64f '   itemscope=\"itemscope\" itemtype=\"https:\/\/schema.org\/CreativeWork\" ><div class='avia_textblock'  itemprop=\"text\" ><p>S\u00fbrement la phrase que j\u2019entends le plus lorsque je parle de mes p\u00e9r\u00e9grinations.<\/p>\n<p>Alors non, tu n\u2019as pas envie d\u2019\u00eatre sp\u00e9cifiquement \u00e0 ma place. Tu as simplement envie de trouver la tienne. Le voyage dans son ensemble g\u00e9n\u00e8re \u00e9norm\u00e9ment de fantasmes. Comme il est synonyme d\u2019\u00e9vasion, il repr\u00e9sente souvent un monde meilleur et un \u00e9chappatoire \u00e0 une vie routini\u00e8re \u2026<\/p>\n<p>Cependant, et comme toute projection, ce que l\u2019on imagine n\u2019est pas conforme avec la r\u00e9alit\u00e9. M\u00eame si je pense que le fait d\u2019avoir ce type de pens\u00e9es positives est n\u00e9cessaire pour supporter le poids du quotidien, il me semble important de souligner que ce n\u2019est pas la r\u00e9alit\u00e9.<\/p>\n<p>Je ne comprends pas pourquoi le voyage est un domaine autant sacralis\u00e9, on n\u2019a presque pas le droit de se plaindre, d\u2019\u00e9voquer ses gal\u00e8res, ses doutes, ses ennuis et ses peurs. Bref, 70% de la vie d\u2019un voyageur est pass\u00e9e sous silence. Sous pr\u00e9texte qu\u2019on est chanceux de parcourir le monde, la partie immerg\u00e9e de l\u2019iceberg ne doit pas \u00eatre \u00e9voqu\u00e9e. C\u2019est la dictature de la majorit\u00e9, la dictature du r\u00eave. On ne doit pas d\u00e9truire cette notion qui cristallise beaucoup de choses positives.<\/p>\n<p>En parlant de voyage, je devrai alors toujours utiliser le champ lexical du bonheur et du bien-\u00eatre pour \u00eatre en ad\u00e9quation avec l\u2019opinion publique\u00a0?<\/p>\n<p><strong>Voyager est une chance, mais pas celle que vous croyez \u2026<\/strong><\/p>\n<p>Cette partie immerg\u00e9e de l\u2019iceberg, beaucoup ne la verrons jamais. C\u2019est pourtant elle qui fait grandir et qui permet d\u2019op\u00e9rer une m\u00e9tamorphose en soi.<\/p>\n<p>Pour moi il y a un paradoxe notable. Lorsque les gens parlent de voyage, les discussions tournent souvent autour des gal\u00e8res auxquelles ils ont d\u00fb faire face, \u00e0 ce qui ne s\u2019est pas pass\u00e9 comme pr\u00e9vu et qui les a mis dans une situation inconfortable. Le fait de surmonter ces impr\u00e9vus est souvent une fiert\u00e9 et viendra s\u2019ajouter \u00e0 son portefeuille d\u2019exp\u00e9riences.<\/p>\n<p>Peu importe les conditions dans lesquelles on part, le simple fait de quitter son domicile pour aller vers un environnement diff\u00e9rent nous expose \u00e0 des m\u00e9saventures. Et qu\u2019on le veuille ou non, c\u2019est elles qui dessinent les contours de notre voyage, c\u2019est elles qui permettent une \u00e9volution, c\u2019est elles qu\u2019on va raconter en premier \u00e0 notre retour \u2026 C\u2019est le sel et le poivre, elles ajoutent le go\u00fbt et la saveur. Sans elles tout serait plat et sans relief.<\/p>\n<p>Alors pourquoi ne pas en parler sur les blogs. Oui je dois faire face \u00e0 beaucoup de situation qui me mettent en porte \u00e0 faux, oui j\u2019ai de l\u2019anxi\u00e9t\u00e9 et du stress, oui il y a beaucoup de gal\u00e8res \u2026 Mais encore une fois, c\u2019est le voyage\u00a0! Le choc peut \u00eatre violent, alors soyez conscient de \u00e7a, quitter ce que l\u2019on connait n\u2019est jamais ais\u00e9.<\/p>\n<p>Pour aller plus loin &#8211;&gt; <a href=\"https:\/\/www.lookingforserendip.com\/index.php\/ma-vision-du-monde-et-le-role-du-voyage\/\">Ma place dans le monde et le r\u00f4le du voyage<\/a>\u00a0\/ <a href=\"https:\/\/www.lookingforserendip.com\/index.php\/vous-avez-dit-voyager\/\">Pourquoi voyager seul ?<\/a><\/p>\n<\/div><\/section>\n","protected":false},"excerpt":{"rendered":"","protected":false},"author":1,"featured_media":4713,"parent":0,"menu_order":0,"comment_status":"closed","ping_status":"closed","template":"","meta":{"footnotes":""},"categories":[56],"tags":[],"class_list":["post-3963","page","type-page","status-publish","has-post-thumbnail","hentry","category-reflexion"],"_links":{"self":[{"href":"https:\/\/www.lookingforserendip.com\/index.php\/wp-json\/wp\/v2\/pages\/3963","targetHints":{"allow":["GET"]}}],"collection":[{"href":"https:\/\/www.lookingforserendip.com\/index.php\/wp-json\/wp\/v2\/pages"}],"about":[{"href":"https:\/\/www.lookingforserendip.com\/index.php\/wp-json\/wp\/v2\/types\/page"}],"author":[{"embeddable":true,"href":"https:\/\/www.lookingforserendip.com\/index.php\/wp-json\/wp\/v2\/users\/1"}],"replies":[{"embeddable":true,"href":"https:\/\/www.lookingforserendip.com\/index.php\/wp-json\/wp\/v2\/comments?post=3963"}],"version-history":[{"count":2,"href":"https:\/\/www.lookingforserendip.com\/index.php\/wp-json\/wp\/v2\/pages\/3963\/revisions"}],"predecessor-version":[{"id":3965,"href":"https:\/\/www.lookingforserendip.com\/index.php\/wp-json\/wp\/v2\/pages\/3963\/revisions\/3965"}],"wp:featuredmedia":[{"embeddable":true,"href":"https:\/\/www.lookingforserendip.com\/index.php\/wp-json\/wp\/v2\/media\/4713"}],"wp:attachment":[{"href":"https:\/\/www.lookingforserendip.com\/index.php\/wp-json\/wp\/v2\/media?parent=3963"}],"wp:term":[{"taxonomy":"category","embeddable":true,"href":"https:\/\/www.lookingforserendip.com\/index.php\/wp-json\/wp\/v2\/categories?post=3963"},{"taxonomy":"post_tag","embeddable":true,"href":"https:\/\/www.lookingforserendip.com\/index.php\/wp-json\/wp\/v2\/tags?post=3963"}],"curies":[{"name":"wp","href":"https:\/\/api.w.org\/{rel}","templated":true}]}}