{"id":4249,"date":"2018-10-24T13:49:43","date_gmt":"2018-10-24T11:49:43","guid":{"rendered":"https:\/\/www.lookingforserendip.com\/?page_id=4249"},"modified":"2020-11-20T14:42:35","modified_gmt":"2020-11-20T13:42:35","slug":"travel-like-a-marcassin","status":"publish","type":"page","link":"https:\/\/www.lookingforserendip.com\/index.php\/travel-like-a-marcassin\/","title":{"rendered":"Id\u00e9es d&#8217;itin\u00e9raires"},"content":{"rendered":"\n<style type=\"text\/css\" data-created_by=\"avia_inline_auto\" id=\"style-css-av-av_one_full-6126cab7d8fab8d08143dd2dacdf673c\">\n.flex_column.av-av_one_full-6126cab7d8fab8d08143dd2dacdf673c{\nborder-radius:0px 0px 0px 0px;\npadding:0px 0px 0px 0px;\n}\n<\/style>\n<div  class='flex_column av-av_one_full-6126cab7d8fab8d08143dd2dacdf673c av_one_full  avia-builder-el-0  el_before_av_one_full  avia-builder-el-first  first flex_column_div av-zero-column-padding  '     ><p>\n<style type=\"text\/css\" data-created_by=\"avia_inline_auto\" id=\"style-css-av-av_heading-7893b6d61c3b801a724c81cdab9fcd05\">\n#top .av-special-heading.av-av_heading-7893b6d61c3b801a724c81cdab9fcd05{\npadding-bottom:10px;\n}\nbody .av-special-heading.av-av_heading-7893b6d61c3b801a724c81cdab9fcd05 .av-special-heading-tag .heading-char{\nfont-size:25px;\n}\n.av-special-heading.av-av_heading-7893b6d61c3b801a724c81cdab9fcd05 .av-subheading{\nfont-size:15px;\n}\n<\/style>\n<div  class='av-special-heading av-av_heading-7893b6d61c3b801a724c81cdab9fcd05 av-special-heading-h2  avia-builder-el-1  el_before_av_textblock  avia-builder-el-first '><h2 class='av-special-heading-tag'  itemprop=\"headline\"  >Travel like a marcassin<\/h2><div class=\"special-heading-border\"><div class=\"special-heading-inner-border\"><\/div><\/div><\/div><br \/>\n<section  class='av_textblock_section av-av_textblock-0366cc7376be6c9e82a3e9cc8987b64f '   itemscope=\"itemscope\" itemtype=\"https:\/\/schema.org\/CreativeWork\" ><div class='avia_textblock'  itemprop=\"text\" ><p>Retrouvez ici des id\u00e9es d&#8217;itin\u00e9raires &#8230; J&#8217;essaierai d&#8217;\u00eatre succin et d&#8217;aller droit au but \ud83d\ude42<\/p>\n<\/div><\/section><\/p><\/div>\n\n<style type=\"text\/css\" data-created_by=\"avia_inline_auto\" id=\"style-css-av-av_one_full-6126cab7d8fab8d08143dd2dacdf673c\">\n.flex_column.av-av_one_full-6126cab7d8fab8d08143dd2dacdf673c{\nborder-radius:0px 0px 0px 0px;\npadding:0px 0px 0px 0px;\n}\n<\/style>\n<div  class='flex_column av-av_one_full-6126cab7d8fab8d08143dd2dacdf673c av_one_full  avia-builder-el-3  el_after_av_one_full  avia-builder-el-last  first flex_column_div av-zero-column-padding  column-top-margin'     ><section  class='av_textblock_section av-av_textblock-0366cc7376be6c9e82a3e9cc8987b64f '   itemscope=\"itemscope\" itemtype=\"https:\/\/schema.org\/CreativeWork\" ><div class='avia_textblock'  itemprop=\"text\" ><p style=\"text-align: center;\"><strong><a href=\"https:\/\/www.lookingforserendip.com\/wp-content\/uploads\/2018\/10\/El-Chalten-jour-apr\u00e8s-jour.pdf\">Patagonie Argentine : El Chalten, jour apr\u00e8s jour<\/a><\/strong><\/p>\n<p>Eldorado du trekking et de la randonn\u00e9e, El Chalten est un petit village du sud de la Patagonie. C&#8217;est notamment le point de d\u00e9part, pour aller explorer les c\u00e9l\u00e8bres Fitz Roy et Cerro Torre. Mais il y a bien plus \u00e0 voir &#8230;<\/p>\n<p style=\"text-align: center;\"><strong><a href=\"https:\/\/www.lookingforserendip.com\/wp-content\/uploads\/2018\/10\/TLAM-MexBelGuat.pdf\">Escapade entre Mexique &#8211; Belize et Guatemala<\/a><\/strong><\/p>\n<p>Id\u00e9e d&#8217;itin\u00e9raire entre le Yucatan, le B\u00e9lize et le Guatemala &#8230; Un trajet pour les amoureux de la nature. Entre cenotes, lagunes, mer aux eaux cristallines, lac volcanique, chutes d&#8217;eaux &#8230; La parenth\u00e8se enchant\u00e9e \ud83d\ude42<\/p>\n<\/div><\/section><\/div>\n","protected":false},"excerpt":{"rendered":"","protected":false},"author":1,"featured_media":0,"parent":0,"menu_order":0,"comment_status":"closed","ping_status":"closed","template":"","meta":{"footnotes":""},"categories":[53],"tags":[],"class_list":["post-4249","page","type-page","status-publish","hentry","category-conseils"],"_links":{"self":[{"href":"https:\/\/www.lookingforserendip.com\/index.php\/wp-json\/wp\/v2\/pages\/4249","targetHints":{"allow":["GET"]}}],"collection":[{"href":"https:\/\/www.lookingforserendip.com\/index.php\/wp-json\/wp\/v2\/pages"}],"about":[{"href":"https:\/\/www.lookingforserendip.com\/index.php\/wp-json\/wp\/v2\/types\/page"}],"author":[{"embeddable":true,"href":"https:\/\/www.lookingforserendip.com\/index.php\/wp-json\/wp\/v2\/users\/1"}],"replies":[{"embeddable":true,"href":"https:\/\/www.lookingforserendip.com\/index.php\/wp-json\/wp\/v2\/comments?post=4249"}],"version-history":[{"count":11,"href":"https:\/\/www.lookingforserendip.com\/index.php\/wp-json\/wp\/v2\/pages\/4249\/revisions"}],"predecessor-version":[{"id":4253,"href":"https:\/\/www.lookingforserendip.com\/index.php\/wp-json\/wp\/v2\/pages\/4249\/revisions\/4253"}],"wp:attachment":[{"href":"https:\/\/www.lookingforserendip.com\/index.php\/wp-json\/wp\/v2\/media?parent=4249"}],"wp:term":[{"taxonomy":"category","embeddable":true,"href":"https:\/\/www.lookingforserendip.com\/index.php\/wp-json\/wp\/v2\/categories?post=4249"},{"taxonomy":"post_tag","embeddable":true,"href":"https:\/\/www.lookingforserendip.com\/index.php\/wp-json\/wp\/v2\/tags?post=4249"}],"curies":[{"name":"wp","href":"https:\/\/api.w.org\/{rel}","templated":true}]}}