{"id":4276,"date":"2018-12-06T11:24:14","date_gmt":"2018-12-06T10:24:14","guid":{"rendered":"https:\/\/www.lookingforserendip.com\/?page_id=4276"},"modified":"2024-04-01T06:48:07","modified_gmt":"2024-04-01T04:48:07","slug":"aspirant-humanoide","status":"publish","type":"page","link":"https:\/\/www.lookingforserendip.com\/index.php\/aspirant-humanoide\/","title":{"rendered":"[Aspi]Rant humano\u00efde"},"content":{"rendered":"\n<style type=\"text\/css\" data-created_by=\"avia_inline_auto\" id=\"style-css-av-1uax84-96a6f0d2d2875117ce4c0e1a67f280a3\">\n#top .av-special-heading.av-1uax84-96a6f0d2d2875117ce4c0e1a67f280a3{\npadding-bottom:10px;\n}\nbody .av-special-heading.av-1uax84-96a6f0d2d2875117ce4c0e1a67f280a3 .av-special-heading-tag .heading-char{\nfont-size:25px;\n}\n.av-special-heading.av-1uax84-96a6f0d2d2875117ce4c0e1a67f280a3 .av-subheading{\nfont-size:15px;\n}\n<\/style>\n<div  class='av-special-heading av-1uax84-96a6f0d2d2875117ce4c0e1a67f280a3 av-special-heading-h2 blockquote classic-quote classic-quote-left  avia-builder-el-0  el_before_av_textblock  avia-builder-el-first '><h2 class='av-special-heading-tag'  itemprop=\"headline\"  >(Aspi)Rant Humano\u00efde<\/h2><div class=\"special-heading-border\"><div class=\"special-heading-inner-border\"><\/div><\/div><\/div>\n<section  class='av_textblock_section av-kn7hefbf-87ed124c19dc2f754aeb9303ff7faeec '   itemscope=\"itemscope\" itemtype=\"https:\/\/schema.org\/CreativeWork\" ><div class='avia_textblock'  itemprop=\"text\" ><p>Diagnostiqu\u00e9 comme \u00e9tant porteur du syndrome d&#8217;asperger en 2015, je suis simplement un voyageur (et oui, c&#8217;est possible) qui essaye de partager ses exp\u00e9riences sans embellir la r\u00e9alit\u00e9.<\/p>\n<p>Chez moi, \u00e7a se manifeste principalement par une fatigabilit\u00e9 accrue, une hypersensibilit\u00e9 aux bruits et aux odeurs, une difficult\u00e9 a percevoir les \u00e9motions, une honn\u00eatet\u00e9 totale et parfois malvenue ou encore une anxi\u00e9t\u00e9 et un stress qui peuvent \u00eatre important. Depuis tout petit j&#8217;ai toujours fonctionn\u00e9 sur le mode essais \/ erreurs. Tous les codes sociaux qui sont naturels pour la majeure partie des gens, je ne les ai pas. Tout est r\u00e9flexion et apprentissage .<\/p>\n<p><span style=\"font-weight: 400;\">En voyage, rien ne m\u2019est impos\u00e9 par quelque chose d&#8217;ext\u00e9rieur et les rencontres se font par une volont\u00e9 mutuelle. Je n&#8217;ai pas de r\u00f4le \u00e0 jouer.<\/span><\/p>\n<p>Je pr\u00f4ne un voyage peu planifi\u00e9. J&#8217;essaye le plus possible de ne pas utiliser l&#8217;argent comme s\u00e9same. G\u00e9n\u00e9ralement, j&#8217;\u00e9change quelques heures de travail quotidien contre le g\u00eete et le couvert.<\/p>\n<p>J&#8217;envisage le voyage comme une th\u00e9rapie. La majeure partie de mon anxi\u00e9t\u00e9 na\u00eet d\u2019une projection, d\u2019un \u201cpari sur l\u2019avenir\u201d. Or, en voyage il est beaucoup plus difficile d\u2019anticiper et de se projeter.<\/p>\n<p><span style=\"font-weight: 400;\">La multiplication des situations nouvelles permet de mieux appr\u00e9hender cette variable versatile qu\u2019est l\u2019inconnu.\u00a0<\/span><\/p>\n<p>Pour aller plus loin :\u00a0<a href=\"https:\/\/www.lookingforserendip.com\/index.php\/comment-le-voyage-limite-mon-anxiete-et-mon-stress\/\">Comment voyager m&#8217;aide \u00e0 limiter mon anxi\u00e9t\u00e9 ?<\/a>,\u00a0<a href=\"https:\/\/www.lookingforserendip.com\/index.php\/ma-vision-du-monde-et-le-role-du-voyage\/\">Ma place dans le monde et le r\u00f4le du voyage<\/a>,\u00a0<a href=\"https:\/\/www.lookingforserendip.com\/index.php\/vous-avez-dit-voyager\/\">Pourquoi voyager seul ?<\/a><\/p>\n<\/div><\/section>\n<div  class='hr av-36kqyc-068b5120e68c760cae02c7c9081019f4 hr-default  avia-builder-el-2  el_after_av_textblock  el_before_av_heading '><span class='hr-inner '><span class=\"hr-inner-style\"><\/span><\/span><\/div>\n\n<style type=\"text\/css\" data-created_by=\"avia_inline_auto\" id=\"style-css-av-kn7hgz2t-dbd4fd1542448580f4577cc129fa2366\">\n#top .av-special-heading.av-kn7hgz2t-dbd4fd1542448580f4577cc129fa2366{\npadding-bottom:10px;\n}\nbody .av-special-heading.av-kn7hgz2t-dbd4fd1542448580f4577cc129fa2366 .av-special-heading-tag .heading-char{\nfont-size:25px;\n}\n.av-special-heading.av-kn7hgz2t-dbd4fd1542448580f4577cc129fa2366 .av-subheading{\nfont-size:15px;\n}\n<\/style>\n<div  class='av-special-heading av-kn7hgz2t-dbd4fd1542448580f4577cc129fa2366 av-special-heading-h2 blockquote classic-quote classic-quote-left  avia-builder-el-3  el_after_av_hr  el_before_av_blog '><h2 class='av-special-heading-tag'  itemprop=\"headline\"  >Quotidien et tractations <\/h2><div class=\"special-heading-border\"><div class=\"special-heading-inner-border\"><\/div><\/div><\/div>\n<div  data-slideshow-options=\"{&quot;animation&quot;:&quot;fade&quot;,&quot;autoplay&quot;:false,&quot;loop_autoplay&quot;:&quot;once&quot;,&quot;interval&quot;:5,&quot;loop_manual&quot;:&quot;manual-endless&quot;,&quot;autoplay_stopper&quot;:false,&quot;noNavigation&quot;:false,&quot;show_slide_delay&quot;:90}\" class='avia-content-slider avia-content-grid-active avia-content-slider1 avia-content-slider-odd  avia-builder-el-4  el_after_av_heading  avia-builder-el-last  av-slideshow-ui av-control-default   av-no-slider-navigation av-slideshow-manual av-loop-once av-loop-manual-endless '  itemscope=\"itemscope\" itemtype=\"https:\/\/schema.org\/Blog\" ><div class=\"avia-content-slider-inner\"><div class=\"slide-entry-wrap\"><article class='slide-entry flex_column  post-entry post-entry-4353 slide-entry-overview slide-loop-1 slide-parity-odd  av_one_third first real-thumbnail posttype-post post-format-standard'  itemscope=\"itemscope\" itemtype=\"https:\/\/schema.org\/CreativeWork\" ><a href='https:\/\/www.lookingforserendip.com\/index.php\/2019\/10\/22\/3-menage-a-3-complique-entre-moi-le-monde-et-mes-demons\/' data-rel='slide-1' class='slide-image' title='#3 \u2013 M\u00e9nage \u00e0 3 compliqu\u00e9, entre moi, le monde et mes d\u00e9mons'><img decoding=\"async\" fetchpriority=\"high\" width=\"180\" height=\"180\" src=\"https:\/\/www.lookingforserendip.com\/wp-content\/uploads\/2019\/10\/ange-demon-180x180.png\" class=\"wp-image-4360 avia-img-lazy-loading-not-4360 attachment-square size-square wp-post-image\" alt=\"\" srcset=\"https:\/\/www.lookingforserendip.com\/wp-content\/uploads\/2019\/10\/ange-demon-180x180.png 180w, https:\/\/www.lookingforserendip.com\/wp-content\/uploads\/2019\/10\/ange-demon-80x80.png 80w, https:\/\/www.lookingforserendip.com\/wp-content\/uploads\/2019\/10\/ange-demon-36x36.png 36w, https:\/\/www.lookingforserendip.com\/wp-content\/uploads\/2019\/10\/ange-demon-120x120.png 120w\" sizes=\"(max-width: 180px) 100vw, 180px\" \/><\/a><div class=\"slide-content\"><header class=\"entry-content-header\"><span class=\"blog-categories minor-meta\"><a href=\"https:\/\/www.lookingforserendip.com\/index.php\/category\/aspirant-humanoide\/\" rel=\"tag\">Aspirant humanoide<\/a> <\/span><h3 class='slide-entry-title entry-title '  itemprop=\"headline\" ><a href='https:\/\/www.lookingforserendip.com\/index.php\/2019\/10\/22\/3-menage-a-3-complique-entre-moi-le-monde-et-mes-demons\/' title='#3 \u2013 M\u00e9nage \u00e0 3 compliqu\u00e9, entre moi, le monde et mes d\u00e9mons'>#3 \u2013 M\u00e9nage \u00e0 3 compliqu\u00e9, entre moi, le monde et mes d\u00e9mons<\/a><\/h3><span class=\"av-vertical-delimiter\"><\/span><\/header><div class='slide-entry-excerpt entry-content'  itemprop=\"text\" >\r\n\r\n<div class=\"read-more-link\"><a href=\"https:\/\/www.lookingforserendip.com\/index.php\/2019\/10\/22\/3-menage-a-3-complique-entre-moi-le-monde-et-mes-demons\/\" class=\"more-link\">Lire la suite<span class=\"more-link-arrow\"><\/span><\/a><\/div><\/div><\/div><footer class=\"entry-footer\"><div class=\"slide-meta\"><time class='slide-meta-time updated'  itemprop=\"datePublished\" datetime=\"2019-10-22T16:47:18+02:00\" >22 octobre 2019<\/time><div class=\"slide-meta-del\">\/<\/div><div class=\"slide-meta-comments\"><a href='https:\/\/www.lookingforserendip.com\/index.php\/2019\/10\/22\/3-menage-a-3-complique-entre-moi-le-monde-et-mes-demons\/#respond'>0 Commentaires<\/a><\/div><\/div><\/footer><span class='hidden'>\n\t\t\t\t<span class='av-structured-data'  itemprop=\"image\" itemscope=\"itemscope\" itemtype=\"https:\/\/schema.org\/ImageObject\" >\n\t\t\t\t\t\t<span itemprop='url'>https:\/\/www.lookingforserendip.com\/wp-content\/uploads\/2019\/10\/ange-demon.png<\/span>\n\t\t\t\t\t\t<span itemprop='height'>230<\/span>\n\t\t\t\t\t\t<span itemprop='width'>394<\/span>\n\t\t\t\t<\/span>\n\t\t\t\t<span class='av-structured-data'  itemprop=\"publisher\" itemtype=\"https:\/\/schema.org\/Organization\" itemscope=\"itemscope\" >\n\t\t\t\t\t\t<span itemprop='name'>Marcassin Fou<\/span>\n\t\t\t\t\t\t<span itemprop='logo' itemscope itemtype='https:\/\/schema.org\/ImageObject'>\n\t\t\t\t\t\t\t<span itemprop='url'>https:\/\/www.lookingforserendip.com\/wp-content\/uploads\/2017\/08\/logo-raph-FINAL.jpg<\/span>\n\t\t\t\t\t\t<\/span>\n\t\t\t\t<\/span><span class='av-structured-data'  itemprop=\"author\" itemscope=\"itemscope\" itemtype=\"https:\/\/schema.org\/Person\" ><span itemprop='name'>Marcassin Fou<\/span><\/span><span class='av-structured-data'  itemprop=\"datePublished\" datetime=\"2018-12-06T11:24:14+01:00\" >2019-10-22 16:47:18<\/span><span class='av-structured-data'  itemprop=\"dateModified\" itemtype=\"https:\/\/schema.org\/dateModified\" >2020-11-20 14:01:08<\/span><span class='av-structured-data'  itemprop=\"mainEntityOfPage\" itemtype=\"https:\/\/schema.org\/mainEntityOfPage\" ><span itemprop='name'>#3 \u2013 M\u00e9nage \u00e0 3 compliqu\u00e9, entre moi, le monde et mes d\u00e9mons<\/span><\/span><\/span><\/article><article class='slide-entry flex_column  post-entry post-entry-4304 slide-entry-overview slide-loop-2 slide-parity-even  av_one_third  real-thumbnail posttype-page post-format-standard'  itemscope=\"itemscope\" itemtype=\"https:\/\/schema.org\/CreativeWork\" ><a href='https:\/\/www.lookingforserendip.com\/index.php\/aspirant-humanoide-les-manifestations-au-quotidien\/' data-rel='slide-1' class='slide-image' title='#2 &#8211; Les manifestations au quotidien'><img decoding=\"async\" fetchpriority=\"high\" width=\"180\" height=\"180\" src=\"https:\/\/www.lookingforserendip.com\/wp-content\/uploads\/2021\/04\/concept-extraterrestre-vintage_225004-1183-180x180.jpg\" class=\"wp-image-4673 avia-img-lazy-loading-not-4673 attachment-square size-square wp-post-image\" alt=\"\" srcset=\"https:\/\/www.lookingforserendip.com\/wp-content\/uploads\/2021\/04\/concept-extraterrestre-vintage_225004-1183-180x180.jpg 180w, https:\/\/www.lookingforserendip.com\/wp-content\/uploads\/2021\/04\/concept-extraterrestre-vintage_225004-1183-80x80.jpg 80w, https:\/\/www.lookingforserendip.com\/wp-content\/uploads\/2021\/04\/concept-extraterrestre-vintage_225004-1183-36x36.jpg 36w, https:\/\/www.lookingforserendip.com\/wp-content\/uploads\/2021\/04\/concept-extraterrestre-vintage_225004-1183-626x630.jpg 626w\" sizes=\"(max-width: 180px) 100vw, 180px\" \/><\/a><div class=\"slide-content\"><header class=\"entry-content-header\"><h3 class='slide-entry-title entry-title '  itemprop=\"headline\" ><a href='https:\/\/www.lookingforserendip.com\/index.php\/aspirant-humanoide-les-manifestations-au-quotidien\/' title='#2 &#8211; Les manifestations au quotidien'>#2 &#8211; Les manifestations au quotidien<\/a><\/h3><span class=\"av-vertical-delimiter\"><\/span><\/header><div class='slide-entry-excerpt entry-content'  itemprop=\"text\" >\r\n\r\n<div class=\"read-more-link\"><a href=\"https:\/\/www.lookingforserendip.com\/index.php\/aspirant-humanoide-les-manifestations-au-quotidien\/\" class=\"more-link\">Lire la suite<span class=\"more-link-arrow\"><\/span><\/a><\/div><\/div><\/div><footer class=\"entry-footer\"><div class=\"slide-meta\"><time class='slide-meta-time updated'  itemprop=\"datePublished\" datetime=\"2019-10-22T16:47:18+02:00\" >22 octobre 2019<\/time><div class=\"slide-meta-del\">\/<\/div><div class=\"slide-meta-comments\"><a href='https:\/\/www.lookingforserendip.com\/index.php\/2019\/10\/22\/3-menage-a-3-complique-entre-moi-le-monde-et-mes-demons\/#respond'>0 Commentaires<\/a><\/div><\/div><\/footer><span class='hidden'>\n\t\t\t\t<span class='av-structured-data'  itemprop=\"image\" itemscope=\"itemscope\" itemtype=\"https:\/\/schema.org\/ImageObject\" >\n\t\t\t\t\t\t<span itemprop='url'>https:\/\/www.lookingforserendip.com\/wp-content\/uploads\/2021\/04\/concept-extraterrestre-vintage_225004-1183.jpg<\/span>\n\t\t\t\t\t\t<span itemprop='height'>804<\/span>\n\t\t\t\t\t\t<span itemprop='width'>626<\/span>\n\t\t\t\t<\/span>\n\t\t\t\t<span class='av-structured-data'  itemprop=\"publisher\" itemtype=\"https:\/\/schema.org\/Organization\" itemscope=\"itemscope\" >\n\t\t\t\t\t\t<span itemprop='name'>Marcassin Fou<\/span>\n\t\t\t\t\t\t<span itemprop='logo' itemscope itemtype='https:\/\/schema.org\/ImageObject'>\n\t\t\t\t\t\t\t<span itemprop='url'>https:\/\/www.lookingforserendip.com\/wp-content\/uploads\/2017\/08\/logo-raph-FINAL.jpg<\/span>\n\t\t\t\t\t\t<\/span>\n\t\t\t\t<\/span><span class='av-structured-data'  itemprop=\"author\" itemscope=\"itemscope\" itemtype=\"https:\/\/schema.org\/Person\" ><span itemprop='name'>Marcassin Fou<\/span><\/span><span class='av-structured-data'  itemprop=\"datePublished\" datetime=\"2018-12-06T11:24:14+01:00\" >2019-03-25 15:56:21<\/span><span class='av-structured-data'  itemprop=\"dateModified\" itemtype=\"https:\/\/schema.org\/dateModified\" >2021-04-06 15:27:39<\/span><span class='av-structured-data'  itemprop=\"mainEntityOfPage\" itemtype=\"https:\/\/schema.org\/mainEntityOfPage\" ><span itemprop='name'>#2 &#8211; Les manifestations au quotidien<\/span><\/span><\/span><\/article><article class='slide-entry flex_column  post-entry post-entry-4280 slide-entry-overview slide-loop-3 slide-parity-odd  post-entry-last  av_one_third  real-thumbnail posttype-post post-format-standard'  itemscope=\"itemscope\" itemtype=\"https:\/\/schema.org\/CreativeWork\" ><a href='https:\/\/www.lookingforserendip.com\/index.php\/2018\/12\/06\/1-lentreprise-et-le-monde-du-travail\/' data-rel='slide-1' class='slide-image' title='#1 &#8211; L\u2019entreprise et le monde du travail'><img decoding=\"async\" fetchpriority=\"high\" width=\"180\" height=\"180\" src=\"https:\/\/www.lookingforserendip.com\/wp-content\/uploads\/2018\/01\/kohlan-180x180.jpg\" class=\"wp-image-4133 avia-img-lazy-loading-not-4133 attachment-square size-square wp-post-image\" alt=\"\" srcset=\"https:\/\/www.lookingforserendip.com\/wp-content\/uploads\/2018\/01\/kohlan-180x180.jpg 180w, https:\/\/www.lookingforserendip.com\/wp-content\/uploads\/2018\/01\/kohlan-80x80.jpg 80w, https:\/\/www.lookingforserendip.com\/wp-content\/uploads\/2018\/01\/kohlan-36x36.jpg 36w, https:\/\/www.lookingforserendip.com\/wp-content\/uploads\/2018\/01\/kohlan-120x120.jpg 120w\" sizes=\"(max-width: 180px) 100vw, 180px\" \/><\/a><div class=\"slide-content\"><header class=\"entry-content-header\"><span class=\"blog-categories minor-meta\"><a href=\"https:\/\/www.lookingforserendip.com\/index.php\/category\/aspirant-humanoide\/\" rel=\"tag\">Aspirant humanoide<\/a> <\/span><h3 class='slide-entry-title entry-title '  itemprop=\"headline\" ><a href='https:\/\/www.lookingforserendip.com\/index.php\/2018\/12\/06\/1-lentreprise-et-le-monde-du-travail\/' title='#1 &#8211; L\u2019entreprise et le monde du travail'>#1 &#8211; L\u2019entreprise et le monde du travail<\/a><\/h3><span class=\"av-vertical-delimiter\"><\/span><\/header><div class='slide-entry-excerpt entry-content'  itemprop=\"text\" >\r\n\r\n\r\n\r\n\r\n\r\n\r\n\r\n\r\n\r\n\r\n\r\n\r\n\r\n<div class=\"read-more-link\"><a href=\"https:\/\/www.lookingforserendip.com\/index.php\/2018\/12\/06\/1-lentreprise-et-le-monde-du-travail\/\" class=\"more-link\">Lire la suite<span class=\"more-link-arrow\"><\/span><\/a><\/div><\/div><\/div><footer class=\"entry-footer\"><div class=\"slide-meta\"><time class='slide-meta-time updated'  itemprop=\"datePublished\" datetime=\"2018-12-06T11:44:20+01:00\" >6 d\u00e9cembre 2018<\/time><div class=\"slide-meta-del\">\/<\/div><div class=\"slide-meta-comments\"><a href='https:\/\/www.lookingforserendip.com\/index.php\/2018\/12\/06\/1-lentreprise-et-le-monde-du-travail\/#comments'>1 Commentaire<\/a><\/div><\/div><\/footer><span class='hidden'>\n\t\t\t\t<span class='av-structured-data'  itemprop=\"image\" itemscope=\"itemscope\" itemtype=\"https:\/\/schema.org\/ImageObject\" >\n\t\t\t\t\t\t<span itemprop='url'>https:\/\/www.lookingforserendip.com\/wp-content\/uploads\/2018\/01\/kohlan.jpg<\/span>\n\t\t\t\t\t\t<span itemprop='height'>285<\/span>\n\t\t\t\t\t\t<span itemprop='width'>626<\/span>\n\t\t\t\t<\/span>\n\t\t\t\t<span class='av-structured-data'  itemprop=\"publisher\" itemtype=\"https:\/\/schema.org\/Organization\" itemscope=\"itemscope\" >\n\t\t\t\t\t\t<span itemprop='name'>Marcassin Fou<\/span>\n\t\t\t\t\t\t<span itemprop='logo' itemscope itemtype='https:\/\/schema.org\/ImageObject'>\n\t\t\t\t\t\t\t<span itemprop='url'>https:\/\/www.lookingforserendip.com\/wp-content\/uploads\/2017\/08\/logo-raph-FINAL.jpg<\/span>\n\t\t\t\t\t\t<\/span>\n\t\t\t\t<\/span><span class='av-structured-data'  itemprop=\"author\" itemscope=\"itemscope\" itemtype=\"https:\/\/schema.org\/Person\" ><span itemprop='name'>Marcassin Fou<\/span><\/span><span class='av-structured-data'  itemprop=\"datePublished\" datetime=\"2018-12-06T11:24:14+01:00\" >2018-12-06 11:44:20<\/span><span class='av-structured-data'  itemprop=\"dateModified\" itemtype=\"https:\/\/schema.org\/dateModified\" >2020-11-20 14:01:34<\/span><span class='av-structured-data'  itemprop=\"mainEntityOfPage\" itemtype=\"https:\/\/schema.org\/mainEntityOfPage\" ><span itemprop='name'>#1 &#8211; L\u2019entreprise et le monde du travail<\/span><\/span><\/span><\/article><\/div><\/div><\/div>\n","protected":false},"excerpt":{"rendered":"","protected":false},"author":1,"featured_media":0,"parent":0,"menu_order":0,"comment_status":"closed","ping_status":"closed","template":"","meta":{"footnotes":""},"categories":[],"tags":[],"class_list":["post-4276","page","type-page","status-publish","hentry"],"_links":{"self":[{"href":"https:\/\/www.lookingforserendip.com\/index.php\/wp-json\/wp\/v2\/pages\/4276","targetHints":{"allow":["GET"]}}],"collection":[{"href":"https:\/\/www.lookingforserendip.com\/index.php\/wp-json\/wp\/v2\/pages"}],"about":[{"href":"https:\/\/www.lookingforserendip.com\/index.php\/wp-json\/wp\/v2\/types\/page"}],"author":[{"embeddable":true,"href":"https:\/\/www.lookingforserendip.com\/index.php\/wp-json\/wp\/v2\/users\/1"}],"replies":[{"embeddable":true,"href":"https:\/\/www.lookingforserendip.com\/index.php\/wp-json\/wp\/v2\/comments?post=4276"}],"version-history":[{"count":24,"href":"https:\/\/www.lookingforserendip.com\/index.php\/wp-json\/wp\/v2\/pages\/4276\/revisions"}],"predecessor-version":[{"id":5061,"href":"https:\/\/www.lookingforserendip.com\/index.php\/wp-json\/wp\/v2\/pages\/4276\/revisions\/5061"}],"wp:attachment":[{"href":"https:\/\/www.lookingforserendip.com\/index.php\/wp-json\/wp\/v2\/media?parent=4276"}],"wp:term":[{"taxonomy":"category","embeddable":true,"href":"https:\/\/www.lookingforserendip.com\/index.php\/wp-json\/wp\/v2\/categories?post=4276"},{"taxonomy":"post_tag","embeddable":true,"href":"https:\/\/www.lookingforserendip.com\/index.php\/wp-json\/wp\/v2\/tags?post=4276"}],"curies":[{"name":"wp","href":"https:\/\/api.w.org\/{rel}","templated":true}]}}