{"id":4304,"date":"2019-03-25T15:56:21","date_gmt":"2019-03-25T14:56:21","guid":{"rendered":"https:\/\/www.lookingforserendip.com\/?page_id=4304"},"modified":"2021-04-06T15:27:39","modified_gmt":"2021-04-06T13:27:39","slug":"aspirant-humanoide-les-manifestations-au-quotidien","status":"publish","type":"page","link":"https:\/\/www.lookingforserendip.com\/index.php\/aspirant-humanoide-les-manifestations-au-quotidien\/","title":{"rendered":"#2 &#8211; Les manifestations au quotidien"},"content":{"rendered":"\n<style type=\"text\/css\" data-created_by=\"avia_inline_auto\" id=\"style-css-av-av_heading-c84d44f3b7468f97e619c2fd5d026acd\">\n#top .av-special-heading.av-av_heading-c84d44f3b7468f97e619c2fd5d026acd{\npadding-bottom:10px;\n}\nbody .av-special-heading.av-av_heading-c84d44f3b7468f97e619c2fd5d026acd .av-special-heading-tag .heading-char{\nfont-size:25px;\n}\n.av-special-heading.av-av_heading-c84d44f3b7468f97e619c2fd5d026acd .av-subheading{\nfont-size:15px;\n}\n<\/style>\n<div  class='av-special-heading av-av_heading-c84d44f3b7468f97e619c2fd5d026acd av-special-heading-h3  avia-builder-el-0  el_before_av_one_full  avia-builder-el-first '><h3 class='av-special-heading-tag'  itemprop=\"headline\"  >Un joyeux bordel dans ma t\u00eate !<\/h3><div class=\"special-heading-border\"><div class=\"special-heading-inner-border\"><\/div><\/div><\/div>\n\n<style type=\"text\/css\" data-created_by=\"avia_inline_auto\" id=\"style-css-av-4yg4r4-feaec66b0bc5328ec20c616604097239\">\n.flex_column.av-4yg4r4-feaec66b0bc5328ec20c616604097239{\nborder-radius:0px 0px 0px 0px;\npadding:0px 0px 0px 0px;\n}\n<\/style>\n<div  class='flex_column av-4yg4r4-feaec66b0bc5328ec20c616604097239 av_one_full  avia-builder-el-1  el_after_av_heading  avia-builder-el-last  first flex_column_div av-zero-column-padding  '     ><section  class='av_textblock_section av-2dld8w-cd5b3a047279c4b1d9d91030a9471796 '   itemscope=\"itemscope\" itemtype=\"https:\/\/schema.org\/CreativeWork\" ><div class='avia_textblock'  itemprop=\"text\" ><p>Une petite liste non exhaustive des difficult\u00e9s auxquelles je dois faire face au quotidien. C\u2019est un \u00ab\u00a0\u00e9tat des lieux\u00a0\u00bb de ma personne. Au-del\u00e0 du simple fait de parler de moi, cette liste repr\u00e9sente un ensemble de points \u00e0 travailler. Effectivement, \u00eatre conscient des difficult\u00e9s et des situations \u00e0 risques, permet de mieux les appr\u00e9hender et de s\u2019am\u00e9liorer au fur et \u00e0 mesure. C\u2019est quasiment un sacerdoce, puisque \u00e7a repr\u00e9sente un investissement de tous les instants, qui est extr\u00eamement co\u00fbteux en \u00e9nergie.<!--more--><\/p>\n<ul>\n<li>Pr\u00e9parer en amont n\u2019importe quelles interactions<\/li>\n<\/ul>\n<p>\u00ab\u00a0N\u2019importe quelles interactions\u00a0\u00bb &#8211;&gt; \u00c7a englobe vraiment toutes les interactions sociales possibles ET probables \u2026 En plus de pr\u00e9parer en amont l\u2019interaction qui va se d\u00e9rouler de mani\u00e8re certaine, il s\u2019agit d\u2019anticiper au maximum les interactions qui pourraient survenir. Il faut donc \u00eatre toujours sur le qui-vive, pour essayer d\u2019\u00eatre le moins pris au d\u00e9pourvu possible. Cela demande une d\u00e9bauche d\u2019\u00e9nergie consid\u00e9rable. Par exemple, si je vais \u00e0 la boulangerie, je me r\u00e9p\u00e8te sans cesse la phrase \u00e0 \u00e9noncer dans ma t\u00eate, avant d\u2019arriver devant la personne en charge de la vente. Lorsque je suis \u00e0 la laverie, j\u2019essaye de cerner les personnes autour de moi, et d\u2019anticiper lesquelles auraient le plus de propension \u00e0 ouvrir une discussion (qui sera d\u2019ailleurs toujours compl\u00e8tement inutile et vide de sens, vraiment pour meubler), via le comportement non verbal (personne qui semble en recherche de quelque chose, qui regarde \u00e0 gauche, \u00e0 droite, qui rumine et parle un peu dans sa barbe, autant de signes qui montrent qu\u2019elle pourrait se tourner vers une tierce personne).<\/p>\n<p>La rencontre de \u00ab\u00a0connaissances\u00a0\u00bb \u00e9tant le pire des sc\u00e9narios possible. Puisque ce n\u2019est pas vraiment des personnes proches, que je ne les connais pas vraiment. Il s\u2019agit alors de jouer le jeu social et de feindre l\u2019int\u00e9r\u00eat. \u00ab\u00a0Et tu fais quoi en ce moment\u00a0?\u00a0\u00bb, parler de travail est souvent la solution de facilit\u00e9 (si la personne est au ch\u00f4mage c\u2019est rat\u00e9). Toujours rester dans la superficialit\u00e9 afin d\u2019\u00e9courter au maximum la rencontre. Plus la rencontre dure, plus mon r\u00e9servoir d\u2019\u00e9nergie diminue. Plus le \u00ab\u00a0moment M\u00a0\u00bb approche, plus le stress augmente. Dans ces moments-l\u00e0, il m\u2019arrive de b\u00e9gayer ou de perdre mes mots (donc je passe encore plus pour un blaireau).<\/p>\n<ul>\n<li>Le (gros) probl\u00e8me des discussions improvis\u00e9es<\/li>\n<\/ul>\n<p>La principale difficult\u00e9 r\u00e9side dans le caract\u00e8re improvis\u00e9. G\u00e9n\u00e9ralement il s\u2019agit d\u2019interactions compl\u00e8tement vide de sens. Tout ce qui r\u00e9sulte de conventions sociales (la logique du plus grand nombre en gros) et qui n\u2019est pas logique, me pose des probl\u00e8mes. Par exemple, lorsqu&#8217;une personne dit, \u00ab\u00a0Ah salut comment tu vas\u00a0?\u00a0\u00bb, ici, le but n\u2019est pas r\u00e9ellement de s\u2019enqu\u00e9rir de mon \u00e9tat, c\u2019est une mani\u00e8re d\u00e9tourn\u00e9e de dire bonjour, ou tout simplement une mani\u00e8re pour la personne de montrer qu\u2019elle m\u2019a reconnu. Je sais qu\u2019il faut r\u00e9pondre\u00a0que \u00e7a va et s\u2019enqu\u00e9rir de l\u2019\u00e9tat de la personne, qui r\u00e9pondra que \u00e7a va \u00e0 son tour. Quel est l\u2019int\u00e9r\u00eat logique de \u00e7a\u00a0? Feindre le bien \u00eatre\u00a0? Parfois \u00e7a me pose probl\u00e8me, parce que j\u2019ai l\u2019impression d\u2019avoir menti. Mais je pr\u00e9f\u00e8re \u00e7a, plut\u00f4t que de r\u00e9pondre que \u00e7a ne va pas, et de cr\u00e9er un malaise, puisque la plupart du temps, la discussion n\u2019\u00e9tait pas vou\u00e9e \u00e0 aller plus loin.<\/p>\n<p>Il faut quand m\u00eame toujours r\u00e9pondre en prenant en compte le degr\u00e9 de connaissance de la personne. Plus on conna\u00eet la personne, plus on peut se livrer. M\u2019adapter \u00e0 la personne que j\u2019ai en face de moi, est tr\u00e8s compliqu\u00e9 et demande une r\u00e9flexion. J\u2019aurai tendance \u00e0 me comporter de mani\u00e8re similaire avec tout le monde, peu importe le degr\u00e9 de connaissance.<\/p>\n<p>M\u00eame avec mon exp\u00e9rience de 28 ans de vie sur la m\u00eame plan\u00e8te, c\u2019est toujours un calvaire. Rester dans la superficialit\u00e9 m\u2019est tr\u00e8s difficile, comment r\u00e9pondre de mani\u00e8re superficielle \u00e0 du superficiel (quel est int\u00e9r\u00eat r\u00e9el de ce type d\u2019interactions\u00a0? On n\u2019a toujours pas trouv\u00e9). Et m\u00eame si le sujet n\u2019est pas vide de sens, le fait de ne pas avoir pu travailler ma r\u00e9ponse en amont, m\u2019emb\u00eate. Je d\u00e9teste apporter une r\u00e9ponse qui n\u2019est pas qualitative. M\u00eame sur un cas facile, il faut prendre beaucoup de variables en consid\u00e9ration pour apporter une r\u00e9ponse perspicace. Ce qui n\u2019est pas possible lorsque je suis pris au d\u00e9pourvu. D\u2019ailleurs, souvent, cela g\u00e9n\u00e8re de la frustration, car je repense \u00e0 ce que j\u2019ai dit et \u00e0 ce que j\u2019aurai pu dire \u2026 Encore une fois, une grosse d\u00e9bauche d\u2019\u00e9nergie.<\/p>\n<ul>\n<li>La discussion avec plusieurs personnes<\/li>\n<\/ul>\n<p>M\u00eame sans le vouloir, je me retrouve tr\u00e8s souvent dans une configuration de discussion avec une seule personne. La gestion de plusieurs personnes autour de moi est compliqu\u00e9e. J\u2019ai souvent du mal \u00e0 intervenir et \u00e0 placer mon intervention. Un probl\u00e8me de timing, combin\u00e9 avec un probl\u00e8me de suivi. Parfois je perds le fil, comme quelqu\u2019un qui perdrait des yeux la petite balle jaune, lors d\u2019un match de tennis.<\/p>\n<ul>\n<li>Regarder dans les yeux<\/li>\n<\/ul>\n<p>Un probl\u00e8me souvent relev\u00e9, mais tellement impossible sur le long terme. Par bribes, je peux regarder une personne dans les yeux lorsqu\u2019elle me parle. Mais par bribes seulement. Si je reste le regard fix\u00e9 dans ses yeux, je perds tout ce qu\u2019il y a autour et il m\u2019est impossible d\u2019entendre le discours, pareil lorsque c\u2019est moi qui parle, au bout d\u2019un moment je vais perdre mes mots, et \u00eatre oblig\u00e9 de d\u00e9tourner le regard pour reprendre mes esprits et mon discours.<\/p>\n<p>Souvent per\u00e7u comme un manque d\u2019int\u00e9r\u00eat, il n\u2019en est rien. C\u2019est l\u2019inverse, sachez que si je reste le regard plant\u00e9 dans vos yeux, je n\u2019\u00e9coute rien de ce que vous me dite.<\/p>\n<ul>\n<li>La file d\u2019attente<\/li>\n<\/ul>\n<p>Peu importe o\u00f9, la file d\u2019attente est toujours une \u00e9preuve plus ou moins surmontable selon mon niveau d\u2019\u00e9nergie. L\u2019\u00e9quation\u00a0: immobilisme avec aucune \u00e9chappatoire + pr\u00e9paration de l\u2019interaction \u00e0 venir + environnement sensoriel + regard des autres \u00e0 g\u00e9rer, est de niveau math sup math sp\u00e9. Souvent j\u2019ai eu l\u2019impression que j\u2019allais m\u2019\u00e9vanouir \u2026 La file d\u2019attente est une situation extr\u00eamement anxiog\u00e8ne.<\/p>\n<ul>\n<li>L\u2019humour des autres personnes<\/li>\n<\/ul>\n<p>J\u2019ai souvent du mal avec l\u2019humour des autres personnes. Je peux le trouver divertissant et dr\u00f4le mais je ne vais pas forc\u00e9ment rire. G\u00e9n\u00e9ralement, c\u2019est plut\u00f4t l\u2019intonation de la voix, plus que le contenu, qui g\u00e9n\u00e8re le rire chez moi. Alors souvent, je feins le rire<\/p>\n<ul>\n<li>Le miens<\/li>\n<\/ul>\n<p>Comme \u00e9nonc\u00e9 auparavant, j\u2019ai du mal \u00e0 adapter mon comportement en fonction des personnes, et du degr\u00e9 de connaissance. C\u2019est d\u2019autant plus vrai avec l\u2019humour. J\u2019ai tendance \u00e0 avoir le m\u00eame comportement avec tout le monde. Alors \u00e7a fait de moi un personnage clivant. C\u2019est vraiment \u00e0 double tranchant. J\u2019ai tendance \u00e0 \u00ab\u00a0g\u00e9n\u00e9raliser\u00a0\u00bb\u00a0 des \u00ab\u00a0private joke\u00a0\u00bb \u2026 Et, je conc\u00e8de ais\u00e9ment que hors du contexte, \u00e7a peut \u00eatre difficile \u00e0 comprendre. C\u2019est un humour dans lequel je peux inventer des mots, faire des m\u00e9taphores alambiqu\u00e9es, ou partir dans des exag\u00e9rations improbables.<\/p>\n<ul>\n<li>Les contacts physiques<\/li>\n<\/ul>\n<p>Ce point est assez simple, je n\u2019aime pas qu\u2019on me touche. Je d\u00e9teste les c\u00e2lins, les embrassades, les tapes amicales \u2026 Je ne suis pas \u00e0 l\u2019aise avec \u00e7a, \u00e7a n\u2019est pas naturel.<\/p>\n<ul>\n<li>Les impr\u00e9vus impr\u00e9vus<\/li>\n<\/ul>\n<p>Oui, la formulation est bizarre. Mais elle est voulue. Puisque je diff\u00e9rencie les impr\u00e9vus pr\u00e9vus et les impr\u00e9vus impr\u00e9vus. Par exemple, dans ma mani\u00e8re de voyager, je sais que je vais devoir faire face \u00e0 des impr\u00e9vus. Mais le nombre d\u2019informations collect\u00e9es en amont, combin\u00e9 \u00e0 mon exp\u00e9rience, r\u00e9duit la partie impr\u00e9vue de ces impr\u00e9vus. Il s\u2019agit de ma\u00eetriser au mieux cette variable versatile qu\u2019est l\u2019inconnu. Je sais \u00e0 peu pr\u00e8s vers quoi je me dirige, et \u00e7a me permet d\u2019imaginer une multitude de sc\u00e9narios. Par la suite, c\u2019est de l\u2019ajustement.<\/p>\n<p>Hors, il y a des impr\u00e9vus qu\u2019on ne peut pas pr\u00e9voir, qui ne rentre dans aucun sc\u00e9nario. Ceux-l\u00e0, sont mal v\u00e9cus. Je vis mal le fait d\u2019\u00eatre dans le flou total et ne rien ma\u00eetriser. Dans ces cas-l\u00e0, je peux rentrer dans des \u00e9nervements incontr\u00f4l\u00e9s et peu rationnels. M\u00eame si ils sont tr\u00e8s mal v\u00e9cus sur le coup, ces impr\u00e9vus sont tr\u00e8s importants, puisque c\u2019est eux qui vont permettre d\u2019op\u00e9rer une m\u00e9tamorphose en moi. Ils vont venir \u00e9toffer mon exp\u00e9rience. Lorsque l\u2019\u00e9nervement redescend et que la situation redevient contr\u00f4lable, je me rend compte que ma r\u00e9action n\u2019\u00e9tait \u00a0pas adapt\u00e9e, et alors je commence \u00e0 envisager d\u2019autres r\u00e9actions, qui auraient \u00e9t\u00e9 plus perspicace et en ad\u00e9quation avec la situation<\/p>\n<ul>\n<li>La nuance, l\u2019insinuation, l\u2019allusion<\/li>\n<\/ul>\n<p>Dans tous les comportements humains, j\u2019ai toujours eu du mal avec ce qui n\u2019\u00e9tait pas clair. J\u2019ai besoin de savoir si c\u2019est blanc ou noir. Il n\u2019y a pas de milieu. Soit c\u2019est oui, soit c\u2019est non. Le peut-\u00eatre, comme l\u2019incertitude, m\u2019\u00e9nerve. Par exemple, les gens qui prennent tout \u00e0 la d\u00e9rision, m\u2019exasp\u00e8rent au plus haut point \u2026 Puisqu\u2019il faut faire sois m\u00eame la recherche de la v\u00e9rit\u00e9. C\u2019est un travail fastidieux et fatiguant\u00a0! Il s\u2019agit d\u2019analyser le discours, le contexte, la personne pour tenter de savoir si la r\u00e9ponse est s\u00e9rieuse ou pas, et donc adapter son discours. Certains diront que c\u2019est de l\u2019humour. Je ne suis pas d\u2019accord. Pour moi l\u2019humour doit \u00eatre d\u00e9limit\u00e9, avoir un d\u00e9but et une fin. Les marqueurs de l\u2019humour doivent \u00eatre \u00e9vidents et facilement rep\u00e9rable.<\/p>\n<p>La nuance en g\u00e9n\u00e9rale est compliqu\u00e9e, et j\u2019ai souvent des avis tr\u00e8s tranch\u00e9s. Pour ce qui est de l\u2019insinuation ou de l\u2019allusion, plus que le fait de ne pas toujours saisir le bon sens, c\u2019est le proc\u00e9d\u00e9 en lui-m\u00eame qui m\u2019\u00e9nerve. Pourquoi vouloir faire comprendre quelque chose sans le dire clairement\u00a0? Sommes-nous dans ce genre de jeu, o\u00f9 on doit faire deviner un mot, sans dire une liste de mots clefs\u00a0? Non.<\/p>\n<ul>\n<li>Difficult\u00e9 \u00e0 faire deux choses \u00e0 la fois<\/li>\n<\/ul>\n<p>Le point parle de lui-m\u00eame. Ex\u00a0: travailler avec de la musique ou la t\u00e9l\u00e9vision en fond n\u2019est pas possible \u2026 Soit je fais l\u2019un, soit je fais l\u2019autre. Je dois \u00eatre \u00e0 100% disponible. Je d\u00e9teste \u00e9couter \u00e0 moiti\u00e9 ou \u00eatre distrait.<\/p>\n<ul>\n<li>La conduite<\/li>\n<\/ul>\n<p>Le point pr\u00e9c\u00e9dent rentre grandement en consid\u00e9ration. C\u2019est pour \u00e7a que j\u2019ai pass\u00e9 un permis de conduire en bo\u00eete automatique. G\u00e9rer la bo\u00eete de vitesse, en plus de tout ce qu\u2019implique la conduite, aurait \u00e9t\u00e9 un challenge bien trop grand (et quelque peu dangereux, pour moi \u2026 et les autres\u00a0! ahaha).<\/p>\n<p>Au-del\u00e0 du challenge personnel (dans la croyance populaire, je ne suis pas cens\u00e9 pouvoir faire \u00e7a\u00a0? Hum d\u2019accord, donc je vais tout faire pour le faire), que le passage de cet examen repr\u00e9sentait, c\u2019\u00e9tait surtout un pas vers une plus grande autonomie et ind\u00e9pendance.<\/p>\n<p>Le principal probl\u00e8me r\u00e9side dans les autres automobilistes. J\u2019ai toujours une pression lorsque que quelqu\u2019un est derri\u00e8re moi, et je prends n\u2019importe quel geste d\u2019\u00e9nervement tr\u00e8s personnellement. J\u2019ai toujours peur de g\u00eaner, de d\u00e9ranger, de retarder \u2026 Alors j\u2019ai souvent fait 3 ou 4 fois le tour d\u2019un p\u00e2t\u00e9 de maison, juste pour pouvoir me garer sans faire attendre personne. Si je n\u2019avais pas de syst\u00e8me de navigation par satellite, je serai perdu \u2026 Ralentir pour chercher ma route, ne pas savoir o\u00f9 je vais, tout en respectant le code de la route et tous les usagers \u2026 Pas possible ahah\u00a0! Avec le GPS ou lorsque je connais la route, je n\u2019ai pas de probl\u00e8me. Cependant, il suffit que la nuit tombe pour redistribuer toutes les cartes\u00a0!<\/p>\n<ul>\n<li>Le sens de l\u2019orientation<\/li>\n<\/ul>\n<p>J\u2019ai toujours eu une grande difficult\u00e9 \u00e0 me situer dans l\u2019espace. J\u2019ai le sens de l\u2019orientation d\u2019une taupe infirme, priv\u00e9e de tous ces sens. C\u2019est incroyable, je suis capable de me perdre dans un rayon inf\u00e9rieur \u00e0 1km autour de chez moi.<\/p>\n<ul>\n<li>La flexibilit\u00e9<\/li>\n<\/ul>\n<p>Mes proches pourront t\u00e9moigner de mon inflexibilit\u00e9. Cependant, \u00e7a a \u00e9t\u00e9 le vrai apport majeur du voyage, et de la d\u00e9couverte d\u2019autres modes de vie et d\u2019autres approches. Je joins la flexibilit\u00e9 avec la tol\u00e9rance, l\u2019ouverture d\u2019esprit et l\u2019acceptation de la diff\u00e9rence (ce qui est paradoxal, puisque dans l\u2019absolue, je suis moi-m\u00eame diff\u00e9rent).<\/p>\n<p>Il s\u2019agit surtout d\u2019observer, et se retenir de porter un jugement h\u00e2tif. Essayer de comprendre avant d\u2019agir, et int\u00e9grer le fait qu\u2019il n\u2019y a pas qu\u2019une v\u00e9rit\u00e9 g\u00e9n\u00e9rale et \u00a0qu\u2019une bonne fa\u00e7on de faire. C\u2019est encore difficile, et \u00e7a reste corr\u00e9l\u00e9 \u00e0 mon niveau d\u2019\u00e9nergie.<\/p>\n<ul>\n<li>Le fait de r\u00e9p\u00e9ter les choses<\/li>\n<\/ul>\n<p>\u00c7a m\u2019arrive tr\u00e8s rarement d\u2019oublier quelque chose (cependant, \u00e7a peut arriver, je ne suis pas une machine). Mais je prends tr\u00e8s mal le fait de r\u00e9p\u00e9ter une information. Comme si la premi\u00e8re fois, la personne ne pr\u00eatait pas attention \u00e0 ce que je disais, je prends \u00e7a comme une attaque \u2026 Un point \u00e0 travailler\u00a0!<\/p>\n<ul>\n<li>Difficult\u00e9 \u00e0 diff\u00e9rencier certaines couleurs<\/li>\n<\/ul>\n<p>Suis-je r\u00e9ellement daltonien ou pas\u00a0? Je ne sais pas. Mais j\u2019ai des difficult\u00e9s \u00e0 diff\u00e9rencier certaines couleurs et leur d\u00e9clinaisons (bleu, violet, vert, orange rouge \u2026). Ce qui m\u2019a valu quelques quolibets, sur des associations de couleurs pas tr\u00e8s harmonieuses dans mes tenues\u00a0!<\/p>\n<ul>\n<li>Le monde, la foule<\/li>\n<\/ul>\n<p>J\u2019ai eu une p\u00e9riode (pr\u00e9 diagnostic) de phobie sociale, qu\u2019on peut rapprocher de l\u2019agoraphobie. Je d\u00e9teste me retrouver au sein d\u2019une foule ou dans un endroit avec vraiment beaucoup de monde. Je sens mes sens \u00eatre submerg\u00e9s, comme si le monde allait se recroqueviller sur moi \u2026<\/p>\n<ul>\n<li>Les addictions et un comportement dans les extr\u00eames<\/li>\n<\/ul>\n<p>Je suis plus sujet aux addictions. Je pense que c\u2019est mon comportement, toujours dans les extr\u00eames, qui en est la principale cause. C\u2019est souvent noir ou blanc. Si je fais quelque chose, je vais le faire \u00e0 fond ou pas du tout.<\/p>\n<p>Par exemple, pour ce qui est de l\u2019alcool, m\u00eame si son usage reste dans un cadre festif, il est tr\u00e8s difficile pour moi de m\u2019arr\u00eater. La d\u00e9sinhibition et le fait d\u2019\u00eatre moins conscient de moi-m\u00eame, apporte un bien \u00eatre tel \u2026 Qu\u2019il est difficile de se contr\u00f4ler. Cependant, je tends \u00e0 m\u2019am\u00e9liorer, rassurez-vous\u00a0J J\u2019ai beaucoup \u00e9volu\u00e9 dans le monde de la nuit. Peut-\u00eatre parce que \u00ab\u00a0la nuit, tous les chats sont gris\u00a0\u00bb et que des comportements \u00ab\u00a0diff\u00e9rents\u00a0\u00bb passent plus inaper\u00e7us. C\u2019est l\u2019humoriste Louis T, qui en parle le mieux\u00a0: <a href=\"https:\/\/www.youtube.com\/watch?v=BixGbzxJjNs\">https:\/\/www.youtube.com\/watch?v=BixGbzxJjNs<\/a> .<\/p>\n<p>Les lendemains de f\u00eate sont de plus en plus difficilement g\u00e9rables. Tous mes traits autistiques sont \u00e9paissis et il m\u2019est difficile d\u2019\u00eatre sociable et bien dans ma peau (les sympt\u00f4mes de ce qu\u2019on peut appeler \u00ab\u00a0gueule de bois\u00a0\u00bb, \u00e9tant tr\u00e8s proches de ceux d\u2019une crise d\u2019angoisse, les deux s\u2019emm\u00ealent).<\/p>\n<ul>\n<li>\u00catre compliment\u00e9, flatt\u00e9<\/li>\n<\/ul>\n<p>Je n\u2019aime pas. Puisque peu importe le point sur lequel on va me complimenter, il y aura toujours quelqu\u2019un qui aura fait mieux que moi, donc je ne me sens pas l\u00e9gitime. Je consid\u00e8re que la personne n\u2019a pas toutes les armes pour juger, alors son jugement est biais\u00e9, et donc en quelque sorte, faux.<\/p>\n<ul>\n<li>Recevoir des cadeaux<\/li>\n<\/ul>\n<p>Je n\u2019aime pas beaucoup \u00e7a. Puisque je ne peux pas r\u00e9pondre \u00e0 l\u2019int\u00e9r\u00eat que l\u2019on me t\u00e9moigne. Souvent les occasions pour offrir des cadeaux, n\u2019ont pas de r\u00e9elles logiques (ce n\u2019est pas pour r\u00e9compenser un travail exceptionnel par exemple). Je me sens extr\u00eamement redevable.<\/p>\n<ul>\n<li>Difficult\u00e9 \u00e0 renier des valeurs fondamentales comme l\u2019honn\u00eatet\u00e9 ou l\u2019\u00e9thique<\/li>\n<\/ul>\n<p>Je ne dirai pas que je ne peux pas mentir, c\u2019est faux, j\u2019en suis capable. Mais je le vis tr\u00e8s mal, et j\u2019ai souvent peur que \u00e7a se retourne contre moi, et que je doive alors raconter d\u2019autres mensonges pour soutenir le premier \u2026 Cette peur sur ce qui va advenir du mensonge, est tr\u00e8s grosse. Souvent, je ne comprends pas la m\u00e9canique du mensonge et pourquoi le faire. Mon \u00e9thique personnelle est aussi tr\u00e8s importante. Le poids de la culpabilit\u00e9 serait bien trop lourd. Par exemple, tromper sa copine n\u2019est pour moi, pas envisageable. Ca n\u2019est m\u00eame pas une possibilit\u00e9, \u00e7a ne rentre pas dans ma r\u00e9flexion.<\/p>\n<p>Je ne dirai m\u00eame pas que l\u2019honn\u00eatet\u00e9 est une valeur fondamentale pour moi, puisque \u00e7a ne me co\u00fbte pas. Ce n\u2019est pas quelque chose sur lequel je travail. C\u2019est juste mon mode de pens\u00e9e. Je ne r\u00e9fl\u00e9chis pas.<\/p>\n<p>Il est vrai que \u00e7a m\u2019a port\u00e9 pr\u00e9judice quelques fois, sur des avis donn\u00e9s notamment. D\u00e9sormais j\u2019essaye d\u2019y mettre les formes et de juger de l\u2019importance du sujet, afin d\u2019essayer d\u2019apporter une r\u00e9ponse plus ou moins nuanc\u00e9e.<\/p>\n<ul>\n<li>La justice<\/li>\n<\/ul>\n<p>C\u2019est un point essentiel. Une injustice (m\u00eame minime), peut me mettre dans des \u00e9tats d\u2019\u00e9nervement extr\u00eame. Pour moi, chacun doit \u00eatre sur un pied d\u2019\u00e9galit\u00e9. Peu importe le statut, la hi\u00e9rarchie \u2026 Une diff\u00e9rence de traitement non justifi\u00e9 m\u2019est insupportable.<\/p>\n<ul>\n<li>Les projections anxieuses<\/li>\n<\/ul>\n<p>Je sais que l&#8217;anxi\u00e9t\u00e9 provient toujours de projections, plus ou moins, r\u00e9alistes. Mais comme mon cerveau est en constante activit\u00e9, je ne peux pas m&#8217;emp\u00eacher d&#8217;envisager toujours une multitudes de sc\u00e9narios. Et souvent, l&#8217;issue est catastrophique ! Ce qui g\u00e9n\u00e8re une anxi\u00e9t\u00e9 qui peut \u00eatre paralysante et m&#8217;emp\u00eacher de faire la dite chose.<\/p>\n<p>C\u2019est la fin de cet article, si vous \u00eates arriv\u00e9 jusque-l\u00e0, merci\u00a0! Si vous avez le courage d\u2019aller lire d\u2019autres articles : <a href=\"https:\/\/www.lookingforserendip.com\/index.php\/ma-vision-du-monde-et-le-role-du-voyage\/\">Ma place dans le monde et le r\u00f4le du voyage<\/a>, <a href=\"https:\/\/www.lookingforserendip.com\/index.php\/2018\/12\/06\/1-lentreprise-et-le-monde-du-travail\/\">le monde de l&#8217;entreprise<\/a>, ou encore, <a href=\"https:\/\/www.lookingforserendip.com\/index.php\/comment-le-voyage-limite-mon-anxiete-et-mon-stress\/\">comment le voyage limite mon anxi\u00e9t\u00e9 et mon stress ?<\/a><\/p>\n<\/div><\/section><\/div>\n","protected":false},"excerpt":{"rendered":"<p>Une petite liste non exhaustive des difficult\u00e9s auxquelles je dois faire face au quotidien. C\u2019est un \u00ab\u00a0\u00e9tat des lieux\u00a0\u00bb de ma personne. Au-del\u00e0 du simple fait de parler de moi, cette liste repr\u00e9sente un ensemble de points \u00e0 travailler. Effectivement, \u00eatre conscient des difficult\u00e9s et des situations \u00e0 risques, permet de mieux les appr\u00e9hender et [&hellip;]<\/p>\n","protected":false},"author":1,"featured_media":4673,"parent":0,"menu_order":0,"comment_status":"closed","ping_status":"closed","template":"","meta":{"footnotes":""},"categories":[55],"tags":[],"class_list":["post-4304","page","type-page","status-publish","has-post-thumbnail","hentry","category-aspirant-humanoide"],"_links":{"self":[{"href":"https:\/\/www.lookingforserendip.com\/index.php\/wp-json\/wp\/v2\/pages\/4304","targetHints":{"allow":["GET"]}}],"collection":[{"href":"https:\/\/www.lookingforserendip.com\/index.php\/wp-json\/wp\/v2\/pages"}],"about":[{"href":"https:\/\/www.lookingforserendip.com\/index.php\/wp-json\/wp\/v2\/types\/page"}],"author":[{"embeddable":true,"href":"https:\/\/www.lookingforserendip.com\/index.php\/wp-json\/wp\/v2\/users\/1"}],"replies":[{"embeddable":true,"href":"https:\/\/www.lookingforserendip.com\/index.php\/wp-json\/wp\/v2\/comments?post=4304"}],"version-history":[{"count":5,"href":"https:\/\/www.lookingforserendip.com\/index.php\/wp-json\/wp\/v2\/pages\/4304\/revisions"}],"predecessor-version":[{"id":4672,"href":"https:\/\/www.lookingforserendip.com\/index.php\/wp-json\/wp\/v2\/pages\/4304\/revisions\/4672"}],"wp:featuredmedia":[{"embeddable":true,"href":"https:\/\/www.lookingforserendip.com\/index.php\/wp-json\/wp\/v2\/media\/4673"}],"wp:attachment":[{"href":"https:\/\/www.lookingforserendip.com\/index.php\/wp-json\/wp\/v2\/media?parent=4304"}],"wp:term":[{"taxonomy":"category","embeddable":true,"href":"https:\/\/www.lookingforserendip.com\/index.php\/wp-json\/wp\/v2\/categories?post=4304"},{"taxonomy":"post_tag","embeddable":true,"href":"https:\/\/www.lookingforserendip.com\/index.php\/wp-json\/wp\/v2\/tags?post=4304"}],"curies":[{"name":"wp","href":"https:\/\/api.w.org\/{rel}","templated":true}]}}