{"id":4526,"date":"2020-11-20T12:09:05","date_gmt":"2020-11-20T11:09:05","guid":{"rendered":"https:\/\/www.lookingforserendip.com\/?page_id=4526"},"modified":"2024-04-04T06:53:15","modified_gmt":"2024-04-04T04:53:15","slug":"le-kop-votre-tribune","status":"publish","type":"page","link":"https:\/\/www.lookingforserendip.com\/index.php\/le-kop-votre-tribune\/","title":{"rendered":"Le KOP &#8211; Votre tribune"},"content":{"rendered":"\n<style type=\"text\/css\" data-created_by=\"avia_inline_auto\" id=\"style-css-av-335if2-28d2f83aca0c426a716384e1a3008fd2\">\n.flex_column.av-335if2-28d2f83aca0c426a716384e1a3008fd2{\nborder-radius:0px 0px 0px 0px;\npadding:0px 0px 0px 0px;\n}\n<\/style>\n<div  class='flex_column av-335if2-28d2f83aca0c426a716384e1a3008fd2 av_one_full  avia-builder-el-0  avia-builder-el-no-sibling  first flex_column_div av-zero-column-padding  '     ><p>\n<style type=\"text\/css\" data-created_by=\"avia_inline_auto\" id=\"style-css-av-khq5xh0x-e65d3e4cabb2b3fb022a8f118484b041\">\n#top .av-special-heading.av-khq5xh0x-e65d3e4cabb2b3fb022a8f118484b041{\npadding-bottom:10px;\n}\nbody .av-special-heading.av-khq5xh0x-e65d3e4cabb2b3fb022a8f118484b041 .av-special-heading-tag .heading-char{\nfont-size:25px;\n}\n.av-special-heading.av-khq5xh0x-e65d3e4cabb2b3fb022a8f118484b041 .av-subheading{\nfont-size:15px;\n}\n<\/style>\n<div  class='av-special-heading av-khq5xh0x-e65d3e4cabb2b3fb022a8f118484b041 av-special-heading-h2 blockquote classic-quote classic-quote-left  avia-builder-el-1  el_before_av_textblock  avia-builder-el-first '><h2 class='av-special-heading-tag'  itemprop=\"headline\"  >Le KOP<\/h2><div class=\"special-heading-border\"><div class=\"special-heading-inner-border\"><\/div><\/div><\/div><br \/>\n<section  class='av_textblock_section av-khq5uj5n-babe8421a35d4db719b2b999c56b6255 '   itemscope=\"itemscope\" itemtype=\"https:\/\/schema.org\/CreativeWork\" ><div class='avia_textblock'  itemprop=\"text\" ><p>Dans un stade de football, le KOP est la tribune qui rassemble les plus fervents supporters, mais aussi et surtout ceux qui font entendre leur voix. Dans cette rubrique, vous retrouverez donc des textes qui ne sont pas de moi, \u0153uvres de personnes qui ont des choses \u00e0 dire, et \u00e0 qui je souhaite apporter mon soutient.<\/p>\n<\/div><\/section><br \/>\n<div  class='hr av-21schq-309ae5ef7008131776815900cd1e1582 hr-default  avia-builder-el-3  el_after_av_textblock  el_before_av_blog '><span class='hr-inner '><span class=\"hr-inner-style\"><\/span><\/span><\/div><br \/>\n<div  data-slideshow-options=\"{&quot;animation&quot;:&quot;fade&quot;,&quot;autoplay&quot;:false,&quot;loop_autoplay&quot;:&quot;once&quot;,&quot;interval&quot;:5,&quot;loop_manual&quot;:&quot;manual-endless&quot;,&quot;autoplay_stopper&quot;:false,&quot;noNavigation&quot;:false,&quot;show_slide_delay&quot;:90}\" class='avia-content-slider avia-content-grid-active avia-content-slider1 avia-content-slider-odd  avia-builder-el-4  el_after_av_hr  avia-builder-el-last  av-slideshow-ui av-control-default   av-no-slider-navigation av-slideshow-manual av-loop-once av-loop-manual-endless '  itemscope=\"itemscope\" itemtype=\"https:\/\/schema.org\/Blog\" ><div class=\"avia-content-slider-inner\"><div class=\"slide-entry-wrap\"><article class='slide-entry flex_column  post-entry post-entry-4734 slide-entry-overview slide-loop-1 slide-parity-odd  av_one_third first real-thumbnail posttype-post post-format-standard'  itemscope=\"itemscope\" itemtype=\"https:\/\/schema.org\/CreativeWork\" ><a href='https:\/\/www.lookingforserendip.com\/index.php\/2021\/05\/12\/kop-quelle-place-et-legitimite-pour-le-feminisme-daujourdhui\/' data-rel='slide-1' class='slide-image' title='[KOP] Quelle place et l\u00e9gitimit\u00e9 pour le f\u00e9minisme d\u2019aujourd\u2019hui ?'><img decoding=\"async\" fetchpriority=\"high\" width=\"180\" height=\"180\" src=\"https:\/\/www.lookingforserendip.com\/wp-content\/uploads\/2021\/05\/108039713-groupe-diversifie-de-femmes-tenant-des-pancartes-vides-180x180.jpg\" class=\"wp-image-4739 avia-img-lazy-loading-not-4739 attachment-square size-square wp-post-image\" alt=\"\" srcset=\"https:\/\/www.lookingforserendip.com\/wp-content\/uploads\/2021\/05\/108039713-groupe-diversifie-de-femmes-tenant-des-pancartes-vides-180x180.jpg 180w, https:\/\/www.lookingforserendip.com\/wp-content\/uploads\/2021\/05\/108039713-groupe-diversifie-de-femmes-tenant-des-pancartes-vides-80x80.jpg 80w, https:\/\/www.lookingforserendip.com\/wp-content\/uploads\/2021\/05\/108039713-groupe-diversifie-de-femmes-tenant-des-pancartes-vides-36x36.jpg 36w\" sizes=\"(max-width: 180px) 100vw, 180px\" \/><\/a><div class=\"slide-content\"><header class=\"entry-content-header\"><span class=\"blog-categories minor-meta\"><a href=\"https:\/\/www.lookingforserendip.com\/index.php\/category\/auteurs-ponctuels\/\" rel=\"tag\">Auteurs ponctuels<\/a> <\/span><h3 class='slide-entry-title entry-title '  itemprop=\"headline\" ><a href='https:\/\/www.lookingforserendip.com\/index.php\/2021\/05\/12\/kop-quelle-place-et-legitimite-pour-le-feminisme-daujourdhui\/' title='[KOP] Quelle place et l\u00e9gitimit\u00e9 pour le f\u00e9minisme d\u2019aujourd\u2019hui ?'>[KOP] Quelle place et l\u00e9gitimit\u00e9 pour le f\u00e9minisme d\u2019aujourd\u2019hui ?<\/a><\/h3><span class=\"av-vertical-delimiter\"><\/span><\/header><\/div><footer class=\"entry-footer\"><\/footer><span class='hidden'>\n\t\t\t\t<span class='av-structured-data'  itemprop=\"image\" itemscope=\"itemscope\" itemtype=\"https:\/\/schema.org\/ImageObject\" >\n\t\t\t\t\t\t<span itemprop='url'>https:\/\/www.lookingforserendip.com\/wp-content\/uploads\/2021\/05\/108039713-groupe-diversifie-de-femmes-tenant-des-pancartes-vides.jpg<\/span>\n\t\t\t\t\t\t<span itemprop='height'>780<\/span>\n\t\t\t\t\t\t<span itemprop='width'>1300<\/span>\n\t\t\t\t<\/span>\n\t\t\t\t<span class='av-structured-data'  itemprop=\"publisher\" itemtype=\"https:\/\/schema.org\/Organization\" itemscope=\"itemscope\" >\n\t\t\t\t\t\t<span itemprop='name'>Marcassin Fou<\/span>\n\t\t\t\t\t\t<span itemprop='logo' itemscope itemtype='https:\/\/schema.org\/ImageObject'>\n\t\t\t\t\t\t\t<span itemprop='url'>https:\/\/www.lookingforserendip.com\/wp-content\/uploads\/2017\/08\/logo-raph-FINAL.jpg<\/span>\n\t\t\t\t\t\t<\/span>\n\t\t\t\t<\/span><span class='av-structured-data'  itemprop=\"author\" itemscope=\"itemscope\" itemtype=\"https:\/\/schema.org\/Person\" ><span itemprop='name'>Marcassin Fou<\/span><\/span><span class='av-structured-data'  itemprop=\"datePublished\" datetime=\"2020-11-20T12:09:05+01:00\" >2021-05-12 10:40:38<\/span><span class='av-structured-data'  itemprop=\"dateModified\" itemtype=\"https:\/\/schema.org\/dateModified\" >2021-05-12 11:12:53<\/span><span class='av-structured-data'  itemprop=\"mainEntityOfPage\" itemtype=\"https:\/\/schema.org\/mainEntityOfPage\" ><span itemprop='name'>[KOP] Quelle place et l\u00e9gitimit\u00e9 pour le f\u00e9minisme d\u2019aujourd\u2019hui ?<\/span><\/span><\/span><\/article><article class='slide-entry flex_column  post-entry post-entry-4622 slide-entry-overview slide-loop-2 slide-parity-even  av_one_third  real-thumbnail posttype-post post-format-standard'  itemscope=\"itemscope\" itemtype=\"https:\/\/schema.org\/CreativeWork\" ><a href='https:\/\/www.lookingforserendip.com\/index.php\/2021\/01\/14\/chasse-et-nature-une-paire-oppositionnelle\/' data-rel='slide-1' class='slide-image' title='[KOP] Chasse et nature : une paire oppositionnelle ?'><img decoding=\"async\" fetchpriority=\"high\" width=\"180\" height=\"180\" src=\"https:\/\/www.lookingforserendip.com\/wp-content\/uploads\/2021\/01\/1136_lachasse-180x180.jpg\" class=\"wp-image-4627 avia-img-lazy-loading-not-4627 attachment-square size-square wp-post-image\" alt=\"\" srcset=\"https:\/\/www.lookingforserendip.com\/wp-content\/uploads\/2021\/01\/1136_lachasse-180x180.jpg 180w, https:\/\/www.lookingforserendip.com\/wp-content\/uploads\/2021\/01\/1136_lachasse-80x80.jpg 80w, https:\/\/www.lookingforserendip.com\/wp-content\/uploads\/2021\/01\/1136_lachasse-36x36.jpg 36w\" sizes=\"(max-width: 180px) 100vw, 180px\" \/><\/a><div class=\"slide-content\"><header class=\"entry-content-header\"><span class=\"blog-categories minor-meta\"><a href=\"https:\/\/www.lookingforserendip.com\/index.php\/category\/auteurs-ponctuels\/\" rel=\"tag\">Auteurs ponctuels<\/a> <\/span><h3 class='slide-entry-title entry-title '  itemprop=\"headline\" ><a href='https:\/\/www.lookingforserendip.com\/index.php\/2021\/01\/14\/chasse-et-nature-une-paire-oppositionnelle\/' title='[KOP] Chasse et nature : une paire oppositionnelle ?'>[KOP] Chasse et nature : une paire oppositionnelle ?<\/a><\/h3><span class=\"av-vertical-delimiter\"><\/span><\/header><\/div><footer class=\"entry-footer\"><\/footer><span class='hidden'>\n\t\t\t\t<span class='av-structured-data'  itemprop=\"image\" itemscope=\"itemscope\" itemtype=\"https:\/\/schema.org\/ImageObject\" >\n\t\t\t\t\t\t<span itemprop='url'>https:\/\/www.lookingforserendip.com\/wp-content\/uploads\/2021\/01\/1136_lachasse.jpg<\/span>\n\t\t\t\t\t\t<span itemprop='height'>561<\/span>\n\t\t\t\t\t\t<span itemprop='width'>1000<\/span>\n\t\t\t\t<\/span>\n\t\t\t\t<span class='av-structured-data'  itemprop=\"publisher\" itemtype=\"https:\/\/schema.org\/Organization\" itemscope=\"itemscope\" >\n\t\t\t\t\t\t<span itemprop='name'>Marcassin Fou<\/span>\n\t\t\t\t\t\t<span itemprop='logo' itemscope itemtype='https:\/\/schema.org\/ImageObject'>\n\t\t\t\t\t\t\t<span itemprop='url'>https:\/\/www.lookingforserendip.com\/wp-content\/uploads\/2017\/08\/logo-raph-FINAL.jpg<\/span>\n\t\t\t\t\t\t<\/span>\n\t\t\t\t<\/span><span class='av-structured-data'  itemprop=\"author\" itemscope=\"itemscope\" itemtype=\"https:\/\/schema.org\/Person\" ><span itemprop='name'>Marcassin Fou<\/span><\/span><span class='av-structured-data'  itemprop=\"datePublished\" datetime=\"2020-11-20T12:09:05+01:00\" >2021-01-14 19:10:40<\/span><span class='av-structured-data'  itemprop=\"dateModified\" itemtype=\"https:\/\/schema.org\/dateModified\" >2021-01-14 19:14:22<\/span><span class='av-structured-data'  itemprop=\"mainEntityOfPage\" itemtype=\"https:\/\/schema.org\/mainEntityOfPage\" ><span itemprop='name'>[KOP] Chasse et nature : une paire oppositionnelle ?<\/span><\/span><\/span><\/article><article class='slide-entry flex_column  post-entry post-entry-4534 slide-entry-overview slide-loop-3 slide-parity-odd  post-entry-last  av_one_third  real-thumbnail posttype-post post-format-standard'  itemscope=\"itemscope\" itemtype=\"https:\/\/schema.org\/CreativeWork\" ><a href='https:\/\/www.lookingforserendip.com\/index.php\/2020\/11\/20\/kop-le-veganisme-est-il-un-extremisme\/' data-rel='slide-1' class='slide-image' title='[KOP] Le v\u00e9ganisme est il un extr\u00e9misme ?'><img decoding=\"async\" fetchpriority=\"high\" width=\"180\" height=\"180\" src=\"https:\/\/www.lookingforserendip.com\/wp-content\/uploads\/2020\/11\/pantin-manipulation-600x315-1-180x180.jpg\" class=\"wp-image-4544 avia-img-lazy-loading-not-4544 attachment-square size-square wp-post-image\" alt=\"\" srcset=\"https:\/\/www.lookingforserendip.com\/wp-content\/uploads\/2020\/11\/pantin-manipulation-600x315-1-180x180.jpg 180w, https:\/\/www.lookingforserendip.com\/wp-content\/uploads\/2020\/11\/pantin-manipulation-600x315-1-80x80.jpg 80w, https:\/\/www.lookingforserendip.com\/wp-content\/uploads\/2020\/11\/pantin-manipulation-600x315-1-36x36.jpg 36w\" sizes=\"(max-width: 180px) 100vw, 180px\" \/><\/a><div class=\"slide-content\"><header class=\"entry-content-header\"><span class=\"blog-categories minor-meta\"><a href=\"https:\/\/www.lookingforserendip.com\/index.php\/category\/auteurs-ponctuels\/\" rel=\"tag\">Auteurs ponctuels<\/a> <\/span><h3 class='slide-entry-title entry-title '  itemprop=\"headline\" ><a href='https:\/\/www.lookingforserendip.com\/index.php\/2020\/11\/20\/kop-le-veganisme-est-il-un-extremisme\/' title='[KOP] Le v\u00e9ganisme est il un extr\u00e9misme ?'>[KOP] Le v\u00e9ganisme est il un extr\u00e9misme ?<\/a><\/h3><span class=\"av-vertical-delimiter\"><\/span><\/header><\/div><footer class=\"entry-footer\"><\/footer><span class='hidden'>\n\t\t\t\t<span class='av-structured-data'  itemprop=\"image\" itemscope=\"itemscope\" itemtype=\"https:\/\/schema.org\/ImageObject\" >\n\t\t\t\t\t\t<span itemprop='url'>https:\/\/www.lookingforserendip.com\/wp-content\/uploads\/2020\/11\/pantin-manipulation-600x315-1.jpg<\/span>\n\t\t\t\t\t\t<span itemprop='height'>315<\/span>\n\t\t\t\t\t\t<span itemprop='width'>600<\/span>\n\t\t\t\t<\/span>\n\t\t\t\t<span class='av-structured-data'  itemprop=\"publisher\" itemtype=\"https:\/\/schema.org\/Organization\" itemscope=\"itemscope\" >\n\t\t\t\t\t\t<span itemprop='name'>Marcassin Fou<\/span>\n\t\t\t\t\t\t<span itemprop='logo' itemscope itemtype='https:\/\/schema.org\/ImageObject'>\n\t\t\t\t\t\t\t<span itemprop='url'>https:\/\/www.lookingforserendip.com\/wp-content\/uploads\/2017\/08\/logo-raph-FINAL.jpg<\/span>\n\t\t\t\t\t\t<\/span>\n\t\t\t\t<\/span><span class='av-structured-data'  itemprop=\"author\" itemscope=\"itemscope\" itemtype=\"https:\/\/schema.org\/Person\" ><span itemprop='name'>Marcassin Fou<\/span><\/span><span class='av-structured-data'  itemprop=\"datePublished\" datetime=\"2020-11-20T12:09:05+01:00\" >2020-11-20 12:24:04<\/span><span class='av-structured-data'  itemprop=\"dateModified\" itemtype=\"https:\/\/schema.org\/dateModified\" >2020-11-20 13:48:25<\/span><span class='av-structured-data'  itemprop=\"mainEntityOfPage\" itemtype=\"https:\/\/schema.org\/mainEntityOfPage\" ><span itemprop='name'>[KOP] Le v\u00e9ganisme est il un extr\u00e9misme ?<\/span><\/span><\/span><\/article><\/div><\/div><div class='pagination-wrap pagination-slider'><nav class='pagination'><span class='pagination-meta'>Page 1 sur 2<\/span><span class='current'>1<\/span><a href='https:\/\/www.lookingforserendip.com\/index.php\/wp-json\/wp\/v2\/pages\/4526\/?avia-element-paging=2' class='inactive next_page' >2<\/a><\/nav>\n<\/div><\/div><\/p><\/div>\n","protected":false},"excerpt":{"rendered":"","protected":false},"author":1,"featured_media":0,"parent":0,"menu_order":0,"comment_status":"closed","ping_status":"closed","template":"","meta":{"footnotes":""},"categories":[],"tags":[],"class_list":["post-4526","page","type-page","status-publish","hentry"],"_links":{"self":[{"href":"https:\/\/www.lookingforserendip.com\/index.php\/wp-json\/wp\/v2\/pages\/4526","targetHints":{"allow":["GET"]}}],"collection":[{"href":"https:\/\/www.lookingforserendip.com\/index.php\/wp-json\/wp\/v2\/pages"}],"about":[{"href":"https:\/\/www.lookingforserendip.com\/index.php\/wp-json\/wp\/v2\/types\/page"}],"author":[{"embeddable":true,"href":"https:\/\/www.lookingforserendip.com\/index.php\/wp-json\/wp\/v2\/users\/1"}],"replies":[{"embeddable":true,"href":"https:\/\/www.lookingforserendip.com\/index.php\/wp-json\/wp\/v2\/comments?post=4526"}],"version-history":[{"count":7,"href":"https:\/\/www.lookingforserendip.com\/index.php\/wp-json\/wp\/v2\/pages\/4526\/revisions"}],"predecessor-version":[{"id":5094,"href":"https:\/\/www.lookingforserendip.com\/index.php\/wp-json\/wp\/v2\/pages\/4526\/revisions\/5094"}],"wp:attachment":[{"href":"https:\/\/www.lookingforserendip.com\/index.php\/wp-json\/wp\/v2\/media?parent=4526"}],"wp:term":[{"taxonomy":"category","embeddable":true,"href":"https:\/\/www.lookingforserendip.com\/index.php\/wp-json\/wp\/v2\/categories?post=4526"},{"taxonomy":"post_tag","embeddable":true,"href":"https:\/\/www.lookingforserendip.com\/index.php\/wp-json\/wp\/v2\/tags?post=4526"}],"curies":[{"name":"wp","href":"https:\/\/api.w.org\/{rel}","templated":true}]}}