{"id":76,"date":"2014-08-24T17:14:26","date_gmt":"2014-08-24T17:14:26","guid":{"rendered":"http:\/\/192.168.1.104\/enfold-blog\/?page_id=2"},"modified":"2024-04-01T10:57:31","modified_gmt":"2024-04-01T08:57:31","slug":"about-2","status":"publish","type":"page","link":"https:\/\/www.lookingforserendip.com\/index.php\/about-2\/","title":{"rendered":"About"},"content":{"rendered":"\n<style type=\"text\/css\" data-created_by=\"avia_inline_auto\" id=\"style-css-av-kol7xntl-d5fb7b346f67e3d6aeac64ee8cb5afcc\">\n#top .av-special-heading.av-kol7xntl-d5fb7b346f67e3d6aeac64ee8cb5afcc{\npadding-bottom:10px;\n}\nbody .av-special-heading.av-kol7xntl-d5fb7b346f67e3d6aeac64ee8cb5afcc .av-special-heading-tag .heading-char{\nfont-size:25px;\n}\n#top #wrap_all .av-special-heading.av-kol7xntl-d5fb7b346f67e3d6aeac64ee8cb5afcc .av-special-heading-tag{\npadding:0 0 20px 0;\n}\n.av-special-heading.av-kol7xntl-d5fb7b346f67e3d6aeac64ee8cb5afcc .av-subheading{\nfont-size:15px;\n}\n<\/style>\n<div  class='av-special-heading av-kol7xntl-d5fb7b346f67e3d6aeac64ee8cb5afcc av-special-heading-h2 blockquote classic-quote classic-quote-left  avia-builder-el-0  el_before_av_textblock  avia-builder-el-first '><h2 class='av-special-heading-tag'  itemprop=\"headline\"  >Qui suis-je ?<\/h2><div class=\"special-heading-border\"><div class=\"special-heading-inner-border\"><\/div><\/div><\/div>\n<section  class='av_textblock_section av-kol7xx5b-22a562aef474b43386422f7842e2d69f '   itemscope=\"itemscope\" itemtype=\"https:\/\/schema.org\/CreativeWork\" ><div class='avia_textblock'  itemprop=\"text\" ><p>Diagnostiqu\u00e9 comme \u00e9tant porteur du syndrome d&#8217;asperger en 2015, je suis simplement un voyageur (et oui, c&#8217;est possible) qui essaye de partager ses exp\u00e9riences sans embellir la r\u00e9alit\u00e9.<\/p>\n<p>Chez moi, \u00e7a se manifeste principalement par une fatigabilit\u00e9 accrue, une hypersensibilit\u00e9 aux bruits et aux odeurs, une difficult\u00e9 a percevoir les \u00e9motions, une honn\u00eatet\u00e9 totale et parfois malvenue ou encore une anxi\u00e9t\u00e9 et un stress qui peuvent \u00eatre important. Depuis tout petit j&#8217;ai toujours fonctionn\u00e9 sur le mode essais \/ erreurs. Tous les codes sociaux qui sont naturels pour la majeure partie des gens, je ne les ai pas. Tout est r\u00e9flexion et apprentissage .<\/p>\n<p><span style=\"font-weight: 400;\">En voyage, rien ne m\u2019est impos\u00e9 par quelque chose d&#8217;ext\u00e9rieur et les rencontres se font par une volont\u00e9 mutuelle. Je n&#8217;ai pas de r\u00f4le \u00e0 jouer.<\/span><\/p>\n<p>Je pr\u00f4ne un voyage peu planifi\u00e9. J&#8217;essaye le plus possible de ne pas utiliser l&#8217;argent comme s\u00e9same. G\u00e9n\u00e9ralement, j&#8217;\u00e9change quelques heures de travail quotidien contre le g\u00eete et le couvert.<\/p>\n<p>J&#8217;envisage le voyage comme une th\u00e9rapie. La majeure partie de mon anxi\u00e9t\u00e9 na\u00eet d\u2019une projection, d\u2019un \u201cpari sur l\u2019avenir\u201d. Or, en voyage il est beaucoup plus difficile d\u2019anticiper et de se projeter.<\/p>\n<p><span style=\"font-weight: 400;\">La multiplication des situations nouvelles permet de mieux appr\u00e9hender cette variable versatile qu\u2019est l\u2019inconnu.\u00a0<\/span><\/p>\n<p>Pour aller plus loin :\u00a0<a href=\"https:\/\/www.lookingforserendip.com\/index.php\/comment-le-voyage-limite-mon-anxiete-et-mon-stress\/\">Comment voyager m&#8217;aide \u00e0 limiter mon anxi\u00e9t\u00e9 ?<\/a>,\u00a0<a href=\"https:\/\/www.lookingforserendip.com\/index.php\/ma-vision-du-monde-et-le-role-du-voyage\/\">Ma place dans le monde et le r\u00f4le du voyage<\/a>,\u00a0<a href=\"https:\/\/www.lookingforserendip.com\/index.php\/vous-avez-dit-voyager\/\">Pourquoi voyager seul ?<\/a><\/p>\n<\/div><\/section>\n<div  class='hr av-r1ik-da0e07f037ea5687472e34934e0cfba7 hr-default  avia-builder-el-2  el_after_av_textblock  el_before_av_heading '><span class='hr-inner '><span class=\"hr-inner-style\"><\/span><\/span><\/div>\n\n<style type=\"text\/css\" data-created_by=\"avia_inline_auto\" id=\"style-css-av-13s5o-0937464f340f21805e7294d54f470671\">\n#top .av-special-heading.av-13s5o-0937464f340f21805e7294d54f470671{\npadding-bottom:0;\nfont-size:28px;\n}\nbody .av-special-heading.av-13s5o-0937464f340f21805e7294d54f470671 .av-special-heading-tag .heading-char{\nfont-size:25px;\n}\n#top #wrap_all .av-special-heading.av-13s5o-0937464f340f21805e7294d54f470671 .av-special-heading-tag{\nfont-size:28px;\n}\n.av-special-heading.av-13s5o-0937464f340f21805e7294d54f470671 .av-subheading{\nfont-size:15px;\n}\n\n@media only screen and (min-width: 480px) and (max-width: 767px){ \n#top #wrap_all .av-special-heading.av-13s5o-0937464f340f21805e7294d54f470671 .av-special-heading-tag{\nfont-size:0.8em;\n}\n}\n\n@media only screen and (max-width: 479px){ \n#top #wrap_all .av-special-heading.av-13s5o-0937464f340f21805e7294d54f470671 .av-special-heading-tag{\nfont-size:0.8em;\n}\n}\n<\/style>\n<div  class='av-special-heading av-13s5o-0937464f340f21805e7294d54f470671 av-special-heading-h2 blockquote classic-quote classic-quote-left  avia-builder-el-3  el_after_av_hr  el_before_av_hr  av-inherit-size'><h2 class='av-special-heading-tag'  itemprop=\"headline\"  >Pourquoi looking for Serendip ?<\/h2><div class=\"special-heading-border\"><div class=\"special-heading-inner-border\"><\/div><\/div><\/div>\n\n<style type=\"text\/css\" data-created_by=\"avia_inline_auto\" id=\"style-css-av-aecws-3854fbe27eeddbb45d8b85c867a4f308\">\n#top .hr.av-aecws-3854fbe27eeddbb45d8b85c867a4f308{\nmargin-top:10px;\nmargin-bottom:10px;\n}\n.hr.av-aecws-3854fbe27eeddbb45d8b85c867a4f308 .hr-inner{\nwidth:40px;\nborder-color:#f8f8f8;\n}\n<\/style>\n<div  class='hr av-aecws-3854fbe27eeddbb45d8b85c867a4f308 hr-custom  avia-builder-el-4  el_after_av_heading  el_before_av_one_full  hr-center hr-icon-no'><span class='hr-inner inner-border-av-border-fat'><span class=\"hr-inner-style\"><\/span><\/span><\/div>\n\n<style type=\"text\/css\" data-created_by=\"avia_inline_auto\" id=\"style-css-av-9mei8-973fa5ea9d32206c8230f55503b145dd\">\n.flex_column.av-9mei8-973fa5ea9d32206c8230f55503b145dd{\nborder-radius:0px 0px 0px 0px;\npadding:0px 0px 0px 0px;\n}\n<\/style>\n<div  class='flex_column av-9mei8-973fa5ea9d32206c8230f55503b145dd av_one_full  avia-builder-el-5  el_after_av_hr  el_before_av_one_full  first flex_column_div av-zero-column-padding  '     ><section  class='av_textblock_section av-9gjxo-d176cdfa06a26199c195b1e6151dcd34 '   itemscope=\"itemscope\" itemtype=\"https:\/\/schema.org\/CreativeWork\" ><div class='avia_textblock'  itemprop=\"text\" ><p><span style=\"color: #000000;\">C\u2019est une allusion \u00e0 un conte Persan publi\u00e9 en 1557, intitul\u00e9 \u201cVoyage et aventures des trois princes de Serendip\u201d. C\u2019est \u00e0 partir de cette histoire que Horace Walpole cr\u00e9era le mot et le concept de \u201cserendipit\u00e9\u201d.<\/span><\/p>\n<p><span style=\"color: #000000;\">Un mot un peu barbare qui peut faire penser \u00e0 une maladie incurable ou un virus dont on n\u2019a pas encore trouv\u00e9 l\u2019antidote \u2026 Mais la r\u00e9alit\u00e9 est tout autre, puisqu\u2019il d\u00e9signe, et souligne le r\u00f4le du hasard dans les d\u00e9couvertes.<\/span><\/p>\n<p><span style=\"color: #000000;\">En voyage comme en sciences, la serendipit\u00e9 donne lieu \u00e0 des d\u00e9couvertes, des rencontres et des d\u00e9tours plus ou moins fortuits.<\/span><\/p>\n<\/div><\/section><\/div>\n\n<style type=\"text\/css\" data-created_by=\"avia_inline_auto\" id=\"style-css-av-6bc5w-1c3b232bb3eee130073ed6aaa6e35451\">\n.flex_column.av-6bc5w-1c3b232bb3eee130073ed6aaa6e35451{\nborder-radius:0px 0px 0px 0px;\npadding:0px 0px 0px 0px;\n}\n<\/style>\n<div  class='flex_column av-6bc5w-1c3b232bb3eee130073ed6aaa6e35451 av_one_full  avia-builder-el-7  el_after_av_one_full  avia-builder-el-last  first flex_column_div av-zero-column-padding  column-top-margin'     ><section  class='av_textblock_section av-5k4uc-172b00fb98a5fd8c55b3192c839ea8f1 '   itemscope=\"itemscope\" itemtype=\"https:\/\/schema.org\/CreativeWork\" ><div class='avia_textblock'  itemprop=\"text\" ><p><span style=\"color: #000000;\">Pour moi, il s\u2019agit de tirer parti de l\u2019inattendu, qui fait d\u00e9faut aux voyages organis\u00e9s, dans lesquels la masse d\u2019informations (sur l\u2019itin\u00e9raire, les visites, les excursions \u2026) collect\u00e9s en amont, permet de vivre le voyage avant d\u2019y \u00eatre, ce qui contraste le c\u00f4t\u00e9 magique de la d\u00e9couverte et qui peut mener \u00e0 une d\u00e9ception ou une d\u00e9sillusion suite \u00e0 une r\u00e9alit\u00e9 non conforme \u00e0 ces attentes. De plus, organis\u00e9 rime avec limit\u00e9 et balis\u00e9, ce qui restreint sa libert\u00e9 dans le temps et dans l\u2019espace.<\/span><\/p>\n<p><span style=\"color: #000000;\">Je ne sais donc pas comment va se d\u00e9rouler le voyage, je n\u2019ai pas d\u2019itin\u00e9raire ou quelconques contraintes.<\/span><\/p>\n<p><span style=\"color: #000000;\">Je pr\u00f4ne donc un voyage peu organis\u00e9 et peu planifi\u00e9. La serendipit\u00e9 comme moteur, les rencontres dans un environnement inconnu comme carburant. Cela permet un apprentissage fourni et vari\u00e9, et permet de faire tomber des barri\u00e8res personnelles \u00e9rig\u00e9es pour se prot\u00e9ger. Cela passe notamment par, l\u2019h\u00e9bergement chez l\u2019habitant (via le couchsurfing par exemple) et l\u2019\u00e9change de travail b\u00e9n\u00e9vole contre le g\u00eete et le couvert (via workaway par exemple).<\/span><\/p>\n<p><span style=\"color: #000000;\">Le\u00a0fait de ne pas utiliser l\u2019argent comme \u00ab\u00a0s\u00e9same\u00a0\u00bb\u00a0permet d\u2019\u00e9changer d\u2019\u00e9gal \u00e0 \u00e9gal avec pour\u00a0commune motivation, la volont\u00e9 d\u2019\u00e9changer\u00a0et de partager. Cela\u00a0aboutit \u00e0\u00a0une remise en question perp\u00e9tuelle, sur soi et sur les autres.<\/span><\/p>\n<p><span style=\"color: #000000;\">Au-del\u00e0 de tout \u00e7a, Serendip repr\u00e9sente pour moi un pays id\u00e9al, o\u00f9 les gens sont ouverts, sans pr\u00e9jug\u00e9 et sans arri\u00e8res pens\u00e9es commerciales.<\/span><\/p>\n<p><span style=\"color: #000000;\">PS\u00a0: Petit clin d\u2019\u0153il \u00e0 Eric Cantona et sa formidable s\u00e9rie documentaire historico-sociologico-sportive \u00ab\u00a0looking for\u00a0\u00bb, sur les villes abritant des derbys mythiques.<\/span><\/p>\n<\/div><\/section><\/div>\n","protected":false},"excerpt":{"rendered":"","protected":false},"author":1,"featured_media":0,"parent":0,"menu_order":0,"comment_status":"open","ping_status":"open","template":"","meta":{"footnotes":""},"categories":[],"tags":[],"class_list":["post-76","page","type-page","status-publish","hentry"],"_links":{"self":[{"href":"https:\/\/www.lookingforserendip.com\/index.php\/wp-json\/wp\/v2\/pages\/76","targetHints":{"allow":["GET"]}}],"collection":[{"href":"https:\/\/www.lookingforserendip.com\/index.php\/wp-json\/wp\/v2\/pages"}],"about":[{"href":"https:\/\/www.lookingforserendip.com\/index.php\/wp-json\/wp\/v2\/types\/page"}],"author":[{"embeddable":true,"href":"https:\/\/www.lookingforserendip.com\/index.php\/wp-json\/wp\/v2\/users\/1"}],"replies":[{"embeddable":true,"href":"https:\/\/www.lookingforserendip.com\/index.php\/wp-json\/wp\/v2\/comments?post=76"}],"version-history":[{"count":24,"href":"https:\/\/www.lookingforserendip.com\/index.php\/wp-json\/wp\/v2\/pages\/76\/revisions"}],"predecessor-version":[{"id":5099,"href":"https:\/\/www.lookingforserendip.com\/index.php\/wp-json\/wp\/v2\/pages\/76\/revisions\/5099"}],"wp:attachment":[{"href":"https:\/\/www.lookingforserendip.com\/index.php\/wp-json\/wp\/v2\/media?parent=76"}],"wp:term":[{"taxonomy":"category","embeddable":true,"href":"https:\/\/www.lookingforserendip.com\/index.php\/wp-json\/wp\/v2\/categories?post=76"},{"taxonomy":"post_tag","embeddable":true,"href":"https:\/\/www.lookingforserendip.com\/index.php\/wp-json\/wp\/v2\/tags?post=76"}],"curies":[{"name":"wp","href":"https:\/\/api.w.org\/{rel}","templated":true}]}}